{"id":1045,"date":"2021-12-18T14:41:55","date_gmt":"2021-12-18T19:41:55","guid":{"rendered":"https:\/\/www.prideperutravel.com\/tour\/sin%20categor\u00eda\/caminata-huchuy-qosqo-a-machu-picchu-2d-1n\/"},"modified":"2022-02-02T15:41:56","modified_gmt":"2022-02-02T20:41:56","slug":"caminata-huchuy-qosqo-a-machu-picchu-2d-1n","status":"publish","type":"product","link":"https:\/\/www.prideperutravel.com\/es\/tour\/cusco-machu-picchu-es\/cusco-caminatas\/caminata-huchuy-qosqo-a-machu-picchu-2d-1n\/","title":{"rendered":"Caminata Huchuy Qosqo a Machu Picchu 2D\/1N"},"content":{"rendered":"\t\t<div data-elementor-type=\"product-post\" data-elementor-id=\"1045\" class=\"elementor elementor-1045 elementor-1037\" data-elementor-post-type=\"product\">\n\t\t\t\t\t\t<section class=\"elementor-section elementor-top-section elementor-element elementor-element-6b07991 elementor-section-boxed elementor-section-height-default elementor-section-height-default\" data-id=\"6b07991\" data-element_type=\"section\">\n\t\t\t\t\t\t<div class=\"elementor-container elementor-column-gap-default\">\n\t\t\t\t\t<div class=\"elementor-column elementor-col-100 elementor-top-column elementor-element elementor-element-2b57f3e\" data-id=\"2b57f3e\" data-element_type=\"column\">\n\t\t\t<div class=\"elementor-widget-wrap elementor-element-populated\">\n\t\t\t\t\t\t<div class=\"elementor-element elementor-element-fa66457 elementor-widget elementor-widget-text-editor\" data-id=\"fa66457\" data-element_type=\"widget\" data-widget_type=\"text-editor.default\">\n\t\t\t\t<div class=\"elementor-widget-container\">\n\t\t\t\t\t\t\t\t\t<h3><strong>Itinerario<\/strong><\/h3>\t\t\t\t\t\t\t\t<\/div>\n\t\t\t\t<\/div>\n\t\t\t\t\t<\/div>\n\t\t<\/div>\n\t\t\t\t\t<\/div>\n\t\t<\/section>\n\t\t\t\t<section class=\"elementor-section elementor-top-section elementor-element elementor-element-e603aaa elementor-section-boxed elementor-section-height-default elementor-section-height-default\" data-id=\"e603aaa\" data-element_type=\"section\">\n\t\t\t\t\t\t<div class=\"elementor-container elementor-column-gap-default\">\n\t\t\t\t\t<div class=\"elementor-column elementor-col-100 elementor-top-column elementor-element elementor-element-5f4e65e\" data-id=\"5f4e65e\" data-element_type=\"column\">\n\t\t\t<div class=\"elementor-widget-wrap elementor-element-populated\">\n\t\t\t\t\t\t<div class=\"elementor-element elementor-element-32868f1 elementor-widget elementor-widget-accordion\" data-id=\"32868f1\" data-element_type=\"widget\" data-widget_type=\"accordion.default\">\n\t\t\t\t<div class=\"elementor-widget-container\">\n\t\t\t\t\t\t\t<div class=\"elementor-accordion\">\n\t\t\t\t\t\t\t<div class=\"elementor-accordion-item\">\n\t\t\t\t\t<div id=\"elementor-tab-title-5291\" class=\"elementor-tab-title\" data-tab=\"1\" role=\"button\" aria-controls=\"elementor-tab-content-5291\" aria-expanded=\"false\">\n\t\t\t\t\t\t\t\t\t\t\t\t\t<span class=\"elementor-accordion-icon elementor-accordion-icon-left\" aria-hidden=\"true\">\n\t\t\t\t\t\t\t\t\t\t\t\t\t\t\t<span class=\"elementor-accordion-icon-closed\"><i class=\"fas fa-plus\"><\/i><\/span>\n\t\t\t\t\t\t\t\t<span class=\"elementor-accordion-icon-opened\"><i class=\"fas fa-minus\"><\/i><\/span>\n\t\t\t\t\t\t\t\t\t\t\t\t\t\t<\/span>\n\t\t\t\t\t\t\t\t\t\t\t\t<a class=\"elementor-accordion-title\" tabindex=\"0\">D\u00eda 1: Cusco \u2013 Tauca \u2013 Huchuy Qosqo \u2013 Lamay \u2013 Ollantaytambo \u2013 Aguas Calientes <\/a>\n\t\t\t\t\t<\/div>\n\t\t\t\t\t<div id=\"elementor-tab-content-5291\" class=\"elementor-tab-content elementor-clearfix\" data-tab=\"1\" role=\"region\" aria-labelledby=\"elementor-tab-title-5291\"><p style=\"text-align: justify;\">Comenzar\u00e1 a conducir desde su hotel hasta el peque\u00f1o pueblo de Tauca, (3750m) el comienzo de su caminata ser\u00e1 en terreno llano, y el paisaje ser\u00e1 el de los valles andinos t\u00edpicos ricos en ma\u00edz, papas, cebada, quinua y otros andinos. tub\u00e9rculos A medida que asciende hacia su paso a 4050m, el paisaje comienza a cambiar dr\u00e1sticamente a ese cl\u00e1sico de la sabana alta andina o Puna, con escasa vegetaci\u00f3n, principalmente \u00abichu\u00bb o hierba de gran altitud.<\/p><p style=\"text-align: justify;\">Las vistas de los picos de la Cordillera Vilcabamba son espectaculares: picos nevados de Ver\u00f3nica, Pitusiray, Chicon y San Juan. Poco despu\u00e9s del paso, comenzar\u00e1 su descenso hacia las llanuras de Huchuy Qosqo caminando por un sendero que conduce al barranco de Ccauca, donde podr\u00e1 ver restos arqueol\u00f3gicos y cultivos silvestres, como tarwi, y una gran cantidad de cactus. Caminar\u00e1s cuesta abajo hacia el barranco de Leon Punku, donde encontrar\u00e1s restos de un puente y camino inca. Este ca\u00f1\u00f3n cuenta con formaciones geol\u00f3gicas rodeadas de majestuosas rocas y cantos rodados que dirigen el r\u00edo a Huchuy Qosqo a 3650 m. Huchuy Qosqo (\u00abPeque\u00f1o Cuzco\u00bb) es un complejo inca notable. Cuenta con trabajos en piedra muy finos en un gran Kallanka (Sal\u00f3n rectangular), algunos barrios residenciales y defensivos e interesantes edificios de dos pisos en piedra y adobe. Huchuy Qosqo se encuentra en una meseta, rodeado de terrazas agr\u00edcolas incas y con excelentes vistas de la cordillera de Vilcabamba. Luego iremos cuesta abajo a Lamay a (2900m) donde tomaremos nuestro transporte conduciendo a Ollantaytambo. Ollantaytambo es el lugar donde continuaremos en tren hasta el pueblo de Aguas Calientes. Noche en el hotel.<\/p><p style=\"text-align: justify;\">Se incluye box lunch y cena.<\/p><\/div>\n\t\t\t\t<\/div>\n\t\t\t\t\t\t\t<div class=\"elementor-accordion-item\">\n\t\t\t\t\t<div id=\"elementor-tab-title-5292\" class=\"elementor-tab-title\" data-tab=\"2\" role=\"button\" aria-controls=\"elementor-tab-content-5292\" aria-expanded=\"false\">\n\t\t\t\t\t\t\t\t\t\t\t\t\t<span class=\"elementor-accordion-icon elementor-accordion-icon-left\" aria-hidden=\"true\">\n\t\t\t\t\t\t\t\t\t\t\t\t\t\t\t<span class=\"elementor-accordion-icon-closed\"><i class=\"fas fa-plus\"><\/i><\/span>\n\t\t\t\t\t\t\t\t<span class=\"elementor-accordion-icon-opened\"><i class=\"fas fa-minus\"><\/i><\/span>\n\t\t\t\t\t\t\t\t\t\t\t\t\t\t<\/span>\n\t\t\t\t\t\t\t\t\t\t\t\t<a class=\"elementor-accordion-title\" tabindex=\"0\">D\u00eda 2: Aguas Calientes \u2013 Machu Picchu \u2013 Cusco<\/a>\n\t\t\t\t\t<\/div>\n\t\t\t\t\t<div id=\"elementor-tab-content-5292\" class=\"elementor-tab-content elementor-clearfix\" data-tab=\"2\" role=\"region\" aria-labelledby=\"elementor-tab-title-5292\"><p style=\"text-align: justify;\">Temprano en la ma\u00f1ana, subiremos en el primer autob\u00fas para visitar Machu Picchu (2450m) a su propio ritmo con su gu\u00eda. Despu\u00e9s de su tiempo libre, descendemos al pueblo de Aguas Calientes a (2050m) tomaremos el tren que regresa a Ollantaytambo, donde su veh\u00edculo esperar\u00e1 que lo lleve a su hotel en Cusco (3350m).<\/p><\/div>\n\t\t\t\t<\/div>\n\t\t\t\t\t\t\t\t<\/div>\n\t\t\t\t\t\t<\/div>\n\t\t\t\t<\/div>\n\t\t\t\t<div class=\"elementor-element elementor-element-fc4c7b2 elementor-widget elementor-widget-text-editor\" data-id=\"fc4c7b2\" data-element_type=\"widget\" data-widget_type=\"text-editor.default\">\n\t\t\t\t<div class=\"elementor-widget-container\">\n\t\t\t\t\t\t\t\t\t<h3><span style=\"color: #008000;\"><strong>Qu\u00e9 est\u00e1 incluido:<\/strong><\/span><\/h3><ul><li>Reuni\u00f3n informativa previa a la salida en nuestra oficina la noche anterior a las 6 p.m.<\/li><li>Transporte privado, desde y hacia su hotel.<\/li><li>Todas las comidas marcadas como B, L, D<\/li><li>Gu\u00eda profesional biling\u00fce (espa\u00f1ol e ingl\u00e9s).<\/li><li>Entrada a Huchuy Qosqo<\/li><li>Entrada a Machu Picchu<\/li><li>Bus de Aguas Calientes a Machu Picchu<\/li><li>Hostal en Aguas Calientes (Machupicchu, Continental o similar)<\/li><li>Primeros auxilios incluyendo botella de ox\u00edgeno de emergencia.<\/li><li>Agua hervida fr\u00eda durante toda la caminata.<\/li><\/ul><h3><span style=\"color: #008000;\"><strong>No incluye:<\/strong><\/span><\/h3><ul><li>Desayuno el d\u00eda 1<\/li><li>Bebidas y snacks.<\/li><li>Almuerzo y Cena el d\u00eda 2.<\/li><\/ul><h3><span style=\"color: #008000;\"><strong>Lista recomendada:<\/strong><\/span><\/h3><ul><li>Snack (frutas secas, galletas, dulces, chocolates, etc.)<\/li><li>Zapatos para caminar o zapatillas de deporte<\/li><li>Equipo completo para lluvia o poncho (de noviembre a abril)<\/li><li>Pantalones de senderismo ligeros<\/li><li>Sombrero o gorra<\/li><li>Gafas de sol<\/li><li>Protector solar<\/li><li>Repelente de insectos<\/li><li>Art\u00edculos de tocador (champ\u00fa, jab\u00f3n, crema corporal)<\/li><li>C\u00e1maras fotogr\u00e1ficas \/ de video y cargadores<\/li><li>Botella de agua<\/li><li>Pasaporte original<\/li><li>Dinero extra en soles S\/400.00 por persona<\/li><\/ul>\t\t\t\t\t\t\t\t<\/div>\n\t\t\t\t<\/div>\n\t\t\t\t\t<\/div>\n\t\t<\/div>\n\t\t\t\t\t<\/div>\n\t\t<\/section>\n\t\t\t\t<\/div>\n\t\t","protected":false},"excerpt":{"rendered":"<p><strong>CODIGO: <\/strong>PVT-TR005<\/p>\n<ul>\n<li><strong> Salidas: diarias<\/strong><\/li>\n<li><strong> Duraci\u00f3n: 2 d\u00edas \/ 1 noche<\/strong><\/li>\n<\/ul>\n","protected":false},"featured_media":1040,"template":"","meta":{"site-sidebar-layout":"no-sidebar","site-content-layout":"page-builder","ast-site-content-layout":"default","site-content-style":"default","site-sidebar-style":"default","ast-global-header-display":"","ast-banner-title-visibility":"","ast-main-header-display":"","ast-hfb-above-header-display":"","ast-hfb-below-header-display":"","ast-hfb-mobile-header-display":"","site-post-title":"disabled","ast-breadcrumbs-content":"","ast-featured-img":"disabled","footer-sml-layout":"","theme-transparent-header-meta":"default","adv-header-id-meta":"","stick-header-meta":"default","header-above-stick-meta":"","header-main-stick-meta":"","header-below-stick-meta":"","astra-migrate-meta-layouts":"default","ast-page-background-enabled":"default","ast-page-background-meta":{"desktop":{"background-color":"var(--ast-global-color-4)","background-image":"","background-repeat":"repeat","background-position":"center center","background-size":"auto","background-attachment":"scroll","background-type":"","background-media":"","overlay-type":"","overlay-color":"","overlay-opacity":"","overlay-gradient":""},"tablet":{"background-color":"","background-image":"","background-repeat":"repeat","background-position":"center center","background-size":"auto","background-attachment":"scroll","background-type":"","background-media":"","overlay-type":"","overlay-color":"","overlay-opacity":"","overlay-gradient":""},"mobile":{"background-color":"","background-image":"","background-repeat":"repeat","background-position":"center center","background-size":"auto","background-attachment":"scroll","background-type":"","background-media":"","overlay-type":"","overlay-color":"","overlay-opacity":"","overlay-gradient":""}},"ast-content-background-meta":{"desktop":{"background-color":"var(--ast-global-color-5)","background-image":"","background-repeat":"repeat","background-position":"center center","background-size":"auto","background-attachment":"scroll","background-type":"","background-media":"","overlay-type":"","overlay-color":"","overlay-opacity":"","overlay-gradient":""},"tablet":{"background-color":"var(--ast-global-color-5)","background-image":"","background-repeat":"repeat","background-position":"center center","background-size":"auto","background-attachment":"scroll","background-type":"","background-media":"","overlay-type":"","overlay-color":"","overlay-opacity":"","overlay-gradient":""},"mobile":{"background-color":"var(--ast-global-color-5)","background-image":"","background-repeat":"repeat","background-position":"center center","background-size":"auto","background-attachment":"scroll","background-type":"","background-media":"","overlay-type":"","overlay-color":"","overlay-opacity":"","overlay-gradient":""}},"_joinchat":[]},"product_brand":[],"product_cat":[41,45],"product_tag":[],"class_list":{"0":"post-1045","1":"product","2":"type-product","3":"status-publish","4":"has-post-thumbnail","6":"product_cat-cusco-machu-picchu-es","7":"product_cat-cusco-caminatas","8":"desktop-align-center","9":"tablet-align-center","10":"mobile-align-center","11":"ast-product-gallery-layout-horizontal-slider","12":"ast-product-gallery-with-no-image","13":"ast-product-tabs-layout-horizontal","15":"first","16":"instock","17":"shipping-taxable","18":"purchasable","19":"product-type-simple"},"_links":{"self":[{"href":"https:\/\/www.prideperutravel.com\/es\/wp-json\/wp\/v2\/product\/1045","targetHints":{"allow":["GET"]}}],"collection":[{"href":"https:\/\/www.prideperutravel.com\/es\/wp-json\/wp\/v2\/product"}],"about":[{"href":"https:\/\/www.prideperutravel.com\/es\/wp-json\/wp\/v2\/types\/product"}],"version-history":[{"count":8,"href":"https:\/\/www.prideperutravel.com\/es\/wp-json\/wp\/v2\/product\/1045\/revisions"}],"predecessor-version":[{"id":3525,"href":"https:\/\/www.prideperutravel.com\/es\/wp-json\/wp\/v2\/product\/1045\/revisions\/3525"}],"wp:featuredmedia":[{"embeddable":true,"href":"https:\/\/www.prideperutravel.com\/es\/wp-json\/wp\/v2\/media\/1040"}],"wp:attachment":[{"href":"https:\/\/www.prideperutravel.com\/es\/wp-json\/wp\/v2\/media?parent=1045"}],"wp:term":[{"taxonomy":"product_brand","embeddable":true,"href":"https:\/\/www.prideperutravel.com\/es\/wp-json\/wp\/v2\/product_brand?post=1045"},{"taxonomy":"product_cat","embeddable":true,"href":"https:\/\/www.prideperutravel.com\/es\/wp-json\/wp\/v2\/product_cat?post=1045"},{"taxonomy":"product_tag","embeddable":true,"href":"https:\/\/www.prideperutravel.com\/es\/wp-json\/wp\/v2\/product_tag?post=1045"}],"curies":[{"name":"wp","href":"https:\/\/api.w.org\/{rel}","templated":true}]}}