{"id":1065,"date":"2021-12-18T14:57:51","date_gmt":"2021-12-18T19:57:51","guid":{"rendered":"https:\/\/www.prideperutravel.com\/tour\/sin%20categor\u00eda\/caminata-laguna-humantay-dia-completo\/"},"modified":"2022-02-02T15:38:22","modified_gmt":"2022-02-02T20:38:22","slug":"caminata-laguna-humantay-dia-completo","status":"publish","type":"product","link":"https:\/\/www.prideperutravel.com\/es\/tour\/cusco-machu-picchu-es\/cusco-caminatas\/caminata-laguna-humantay-dia-completo\/","title":{"rendered":"Caminata Laguna Humantay d\u00eda completo"},"content":{"rendered":"<h3 style=\"text-align: justify;\"><span style=\"color: #008000;\"><strong>Itinerario:<\/strong><\/span><\/h3>\n<p style=\"text-align: justify;\">Recojo de su alojamiento de 4:00 a 4:30 a.m., luego continuaremos con nuestro viaje en autob\u00fas hasta la ciudad de Mollepata, donde disfrutaremos de un desayuno t\u00edpico en la zona.<\/p>\n<p style=\"text-align: justify;\">Despu\u00e9s del desayuno, regresaremos a nuestro autob\u00fas para continuar nuestro recorrido, a Soraypama. Recorremos un camino fotog\u00e9nico llamado \u00abCamino Real\u00bb, a medida que ganamos altitud. Despu\u00e9s de llegar al peque\u00f1o pueblo, donde existen pocas comodidades, comenzaremos nuestra caminata hacia el lago Humantay a una altitud de 4.250 m.s.m., nuestro ascenso dura aproximadamente una hora y media hasta llegar al lago Humantay. Despu\u00e9s de conquistar la \u00faltima colina, contemplaremos un lago turquesa debajo, rodeado de picos escarpados y un impresionante glaciar.<\/p>\n<p style=\"text-align: justify;\">Cuando lleguemos a este hermoso lago Humantay, tendremos aproximadamente 1 hora para poder disfrutar de la belleza natural que nos rodea y tambi\u00e9n llenarnos de la energ\u00eda que tiene esta monta\u00f1a del nevado Salkantay.<\/p>\n<p style=\"text-align: justify;\">Cuando est\u00e9 listo para bajar, descenderemos a Soraypampa y mientras disfruta de las impresionantes vistas panor\u00e1micas de los picos nevados.<\/p>\n<p style=\"text-align: justify;\">Continuaremos el viaje a Mollepata donde disfrutaremos de nuestro almuerzo y luego regresaremos a Cusco, llegando a la ciudad a las 18: 30h.<\/p>\n<p style=\"text-align: justify;\">El autob\u00fas llegar\u00e1 a la Plaza Regocijo, a solo 2 cuadras de la plaza principal.<\/p>\n<h3 style=\"text-align: justify;\"><span style=\"color: #008000;\"><strong>Qu\u00e9 est\u00e1 incluido:<\/strong><\/span><\/h3>\n<ul style=\"text-align: justify;\">\n<li>Recojo de su hotel en Cusco<\/li>\n<li>Transporte Cusco &#8211; Soraypampa &#8211; Cusco<\/li>\n<li>Desayuno y almuerzo<\/li>\n<li>Tarifa de entradas<\/li>\n<li>Guia profesional en ingles o espa\u00f1ol<\/li>\n<li>Dejar en la Plaza Regocijo (a 2 cuadras de la plaza principal)<\/li>\n<li>Botiqu\u00edn de primeros auxilios y ox\u00edgeno<\/li>\n<\/ul>\n<h3 style=\"text-align: justify;\"><span style=\"color: #008000;\"><strong>No Incluye:<\/strong><\/span><\/h3>\n<ul style=\"text-align: justify;\">\n<li>Comidas no especificadas en el itinerario.<\/li>\n<li>Caballos<\/li>\n<\/ul>\n<h3 style=\"text-align: justify;\"><span style=\"color: #008000;\"><strong>Lista recomendada<\/strong><\/span><\/h3>\n<ul>\n<li style=\"text-align: justify;\">Snack (frutas secas, galletas, dulces, chocolates, etc.)<\/li>\n<li style=\"text-align: justify;\">Zapatos para caminar o zapatillas de deporte<\/li>\n<li style=\"text-align: justify;\">Equipo completo para lluvia o poncho (de noviembre a abril)<\/li>\n<li style=\"text-align: justify;\">Pantalones de senderismo ligeros<\/li>\n<li style=\"text-align: justify;\">Sombrero o gorra<\/li>\n<li style=\"text-align: justify;\">Gafas de sol<\/li>\n<li style=\"text-align: justify;\">Protector solar<\/li>\n<li style=\"text-align: justify;\">Repelente de insectos<\/li>\n<li style=\"text-align: justify;\">Art\u00edculos de tocador (champ\u00fa, jab\u00f3n, crema corporal)<\/li>\n<li style=\"text-align: justify;\">C\u00e1maras fotogr\u00e1ficas \/ de video y cargadores<\/li>\n<li style=\"text-align: justify;\">Botella de agua<\/li>\n<\/ul>\n","protected":false},"excerpt":{"rendered":"<p><strong>CODIGO: <\/strong>PVT-TR007<\/p>\n<ul>\n<li><strong> Salida: todos los d\u00edas<\/strong><\/li>\n<li><strong> Duraci\u00f3n: d\u00eda completo<\/strong><\/li>\n<\/ul>\n","protected":false},"featured_media":1062,"template":"","meta":{"site-sidebar-layout":"default","site-content-layout":"default","ast-site-content-layout":"default","site-content-style":"default","site-sidebar-style":"default","ast-global-header-display":"","ast-banner-title-visibility":"","ast-main-header-display":"","ast-hfb-above-header-display":"","ast-hfb-below-header-display":"","ast-hfb-mobile-header-display":"","site-post-title":"","ast-breadcrumbs-content":"","ast-featured-img":"","footer-sml-layout":"","theme-transparent-header-meta":"default","adv-header-id-meta":"","stick-header-meta":"default","header-above-stick-meta":"","header-main-stick-meta":"","header-below-stick-meta":"","astra-migrate-meta-layouts":"default","ast-page-background-enabled":"default","ast-page-background-meta":{"desktop":{"background-color":"var(--ast-global-color-4)","background-image":"","background-repeat":"repeat","background-position":"center center","background-size":"auto","background-attachment":"scroll","background-type":"","background-media":"","overlay-type":"","overlay-color":"","overlay-opacity":"","overlay-gradient":""},"tablet":{"background-color":"","background-image":"","background-repeat":"repeat","background-position":"center center","background-size":"auto","background-attachment":"scroll","background-type":"","background-media":"","overlay-type":"","overlay-color":"","overlay-opacity":"","overlay-gradient":""},"mobile":{"background-color":"","background-image":"","background-repeat":"repeat","background-position":"center center","background-size":"auto","background-attachment":"scroll","background-type":"","background-media":"","overlay-type":"","overlay-color":"","overlay-opacity":"","overlay-gradient":""}},"ast-content-background-meta":{"desktop":{"background-color":"var(--ast-global-color-5)","background-image":"","background-repeat":"repeat","background-position":"center center","background-size":"auto","background-attachment":"scroll","background-type":"","background-media":"","overlay-type":"","overlay-color":"","overlay-opacity":"","overlay-gradient":""},"tablet":{"background-color":"var(--ast-global-color-5)","background-image":"","background-repeat":"repeat","background-position":"center center","background-size":"auto","background-attachment":"scroll","background-type":"","background-media":"","overlay-type":"","overlay-color":"","overlay-opacity":"","overlay-gradient":""},"mobile":{"background-color":"var(--ast-global-color-5)","background-image":"","background-repeat":"repeat","background-position":"center center","background-size":"auto","background-attachment":"scroll","background-type":"","background-media":"","overlay-type":"","overlay-color":"","overlay-opacity":"","overlay-gradient":""}},"_joinchat":[]},"product_brand":[],"product_cat":[41,45],"product_tag":[],"class_list":{"0":"post-1065","1":"product","2":"type-product","3":"status-publish","4":"has-post-thumbnail","6":"product_cat-cusco-machu-picchu-es","7":"product_cat-cusco-caminatas","8":"desktop-align-center","9":"tablet-align-center","10":"mobile-align-center","11":"ast-product-gallery-layout-horizontal-slider","12":"ast-product-gallery-with-no-image","13":"ast-product-tabs-layout-horizontal","15":"first","16":"instock","17":"shipping-taxable","18":"purchasable","19":"product-type-simple"},"_links":{"self":[{"href":"https:\/\/www.prideperutravel.com\/es\/wp-json\/wp\/v2\/product\/1065","targetHints":{"allow":["GET"]}}],"collection":[{"href":"https:\/\/www.prideperutravel.com\/es\/wp-json\/wp\/v2\/product"}],"about":[{"href":"https:\/\/www.prideperutravel.com\/es\/wp-json\/wp\/v2\/types\/product"}],"version-history":[{"count":3,"href":"https:\/\/www.prideperutravel.com\/es\/wp-json\/wp\/v2\/product\/1065\/revisions"}],"predecessor-version":[{"id":3520,"href":"https:\/\/www.prideperutravel.com\/es\/wp-json\/wp\/v2\/product\/1065\/revisions\/3520"}],"wp:featuredmedia":[{"embeddable":true,"href":"https:\/\/www.prideperutravel.com\/es\/wp-json\/wp\/v2\/media\/1062"}],"wp:attachment":[{"href":"https:\/\/www.prideperutravel.com\/es\/wp-json\/wp\/v2\/media?parent=1065"}],"wp:term":[{"taxonomy":"product_brand","embeddable":true,"href":"https:\/\/www.prideperutravel.com\/es\/wp-json\/wp\/v2\/product_brand?post=1065"},{"taxonomy":"product_cat","embeddable":true,"href":"https:\/\/www.prideperutravel.com\/es\/wp-json\/wp\/v2\/product_cat?post=1065"},{"taxonomy":"product_tag","embeddable":true,"href":"https:\/\/www.prideperutravel.com\/es\/wp-json\/wp\/v2\/product_tag?post=1065"}],"curies":[{"name":"wp","href":"https:\/\/api.w.org\/{rel}","templated":true}]}}