{"id":1076,"date":"2021-12-18T16:31:50","date_gmt":"2021-12-18T21:31:50","guid":{"rendered":"https:\/\/www.prideperutravel.com\/tour\/sin%20categor\u00eda\/caminata-choquequirao-4d-3n\/"},"modified":"2022-02-02T15:36:50","modified_gmt":"2022-02-02T20:36:50","slug":"caminata-choquequirao-4d-3n","status":"publish","type":"product","link":"https:\/\/www.prideperutravel.com\/es\/tour\/cusco-machu-picchu-es\/cusco-caminatas\/caminata-choquequirao-4d-3n\/","title":{"rendered":"Caminata Choquequirao 4D\/3N"},"content":{"rendered":"\t\t<div data-elementor-type=\"product-post\" data-elementor-id=\"1076\" class=\"elementor elementor-1076 elementor-1068\" data-elementor-post-type=\"product\">\n\t\t\t\t\t\t<section class=\"elementor-section elementor-top-section elementor-element elementor-element-ab14578 elementor-section-boxed elementor-section-height-default elementor-section-height-default\" data-id=\"ab14578\" data-element_type=\"section\">\n\t\t\t\t\t\t<div class=\"elementor-container elementor-column-gap-default\">\n\t\t\t\t\t<div class=\"elementor-column elementor-col-100 elementor-top-column elementor-element elementor-element-b768c9f\" data-id=\"b768c9f\" data-element_type=\"column\">\n\t\t\t<div class=\"elementor-widget-wrap elementor-element-populated\">\n\t\t\t\t\t\t<div class=\"elementor-element elementor-element-25b8da7 elementor-widget elementor-widget-text-editor\" data-id=\"25b8da7\" data-element_type=\"widget\" data-widget_type=\"text-editor.default\">\n\t\t\t\t<div class=\"elementor-widget-container\">\n\t\t\t\t\t\t\t\t\t<h3><strong>Itinerario<\/strong><\/h3>\t\t\t\t\t\t\t\t<\/div>\n\t\t\t\t<\/div>\n\t\t\t\t\t<\/div>\n\t\t<\/div>\n\t\t\t\t\t<\/div>\n\t\t<\/section>\n\t\t\t\t<section class=\"elementor-section elementor-top-section elementor-element elementor-element-09b9a4c elementor-section-boxed elementor-section-height-default elementor-section-height-default\" data-id=\"09b9a4c\" data-element_type=\"section\">\n\t\t\t\t\t\t<div class=\"elementor-container elementor-column-gap-default\">\n\t\t\t\t\t<div class=\"elementor-column elementor-col-100 elementor-top-column elementor-element elementor-element-4eb18a1\" data-id=\"4eb18a1\" data-element_type=\"column\">\n\t\t\t<div class=\"elementor-widget-wrap elementor-element-populated\">\n\t\t\t\t\t\t<div class=\"elementor-element elementor-element-4ee62a1 elementor-widget elementor-widget-accordion\" data-id=\"4ee62a1\" data-element_type=\"widget\" data-widget_type=\"accordion.default\">\n\t\t\t\t<div class=\"elementor-widget-container\">\n\t\t\t\t\t\t\t<div class=\"elementor-accordion\">\n\t\t\t\t\t\t\t<div class=\"elementor-accordion-item\">\n\t\t\t\t\t<div id=\"elementor-tab-title-8271\" class=\"elementor-tab-title\" data-tab=\"1\" role=\"button\" aria-controls=\"elementor-tab-content-8271\" aria-expanded=\"false\">\n\t\t\t\t\t\t\t\t\t\t\t\t\t<span class=\"elementor-accordion-icon elementor-accordion-icon-left\" aria-hidden=\"true\">\n\t\t\t\t\t\t\t\t\t\t\t\t\t\t\t<span class=\"elementor-accordion-icon-closed\"><i class=\"fas fa-plus\"><\/i><\/span>\n\t\t\t\t\t\t\t\t<span class=\"elementor-accordion-icon-opened\"><i class=\"fas fa-minus\"><\/i><\/span>\n\t\t\t\t\t\t\t\t\t\t\t\t\t\t<\/span>\n\t\t\t\t\t\t\t\t\t\t\t\t<a class=\"elementor-accordion-title\" tabindex=\"0\">D\u00eda 1: Cusco \u2013 Capuliyoc \u2013 Chiquisca (3350 \u2013 2850 \u2013 1930M)<\/a>\n\t\t\t\t\t<\/div>\n\t\t\t\t\t<div id=\"elementor-tab-content-8271\" class=\"elementor-tab-content elementor-clearfix\" data-tab=\"1\" role=\"region\" aria-labelledby=\"elementor-tab-title-8271\"><p style=\"text-align: justify;\">Comenzamos nuestro viaje saliendo temprano en la ma\u00f1ana hacia el noreste de Cusco hacia el pueblo de Cachora (2850m). Cachora est\u00e1 rodeada de monta\u00f1as y el Padreyoc cubierto de nieve, continuamos hacia Capuliyoc; Este es el lugar donde nos encontraremos con los jinetes que nos ayudar\u00e1n a llevar el material de campamento. Desde el momento en que comienza nuestra caminata, notamos la presencia del enorme Padreyoc en el paso de Capuliyoq (2800m). Despu\u00e9s de Capuliyoq, veremos la espectacular presencia del ca\u00f1\u00f3n de Apur\u00edmac y saldremos del sitio arqueol\u00f3gico de Choquequirao, que conduce a un breve descenso hasta el campamento de Chiquisca (1930m).<\/p><ul><li style=\"text-align: justify;\">Tiempo de caminata: 7 horas.<\/li><li style=\"text-align: justify;\">Clima: c\u00e1lido con mosquitos.<\/li><\/ul><\/div>\n\t\t\t\t<\/div>\n\t\t\t\t\t\t\t<div class=\"elementor-accordion-item\">\n\t\t\t\t\t<div id=\"elementor-tab-title-8272\" class=\"elementor-tab-title\" data-tab=\"2\" role=\"button\" aria-controls=\"elementor-tab-content-8272\" aria-expanded=\"false\">\n\t\t\t\t\t\t\t\t\t\t\t\t\t<span class=\"elementor-accordion-icon elementor-accordion-icon-left\" aria-hidden=\"true\">\n\t\t\t\t\t\t\t\t\t\t\t\t\t\t\t<span class=\"elementor-accordion-icon-closed\"><i class=\"fas fa-plus\"><\/i><\/span>\n\t\t\t\t\t\t\t\t<span class=\"elementor-accordion-icon-opened\"><i class=\"fas fa-minus\"><\/i><\/span>\n\t\t\t\t\t\t\t\t\t\t\t\t\t\t<\/span>\n\t\t\t\t\t\t\t\t\t\t\t\t<a class=\"elementor-accordion-title\" tabindex=\"0\">D\u00eda 2: Chiquisca \u2013 Playa Rosalina \u2013 Marampata \u2013 Choquequirao (1930 \u2013 1550 \u2013 2850 \u2013 3033m).<\/a>\n\t\t\t\t\t<\/div>\n\t\t\t\t\t<div id=\"elementor-tab-content-8272\" class=\"elementor-tab-content elementor-clearfix\" data-tab=\"2\" role=\"region\" aria-labelledby=\"elementor-tab-title-8272\"><p style=\"text-align: justify;\">Despu\u00e9s de nuestro desayuno, comenzamos a descender durante 30 minutos a Playa Rosalina (1500 m). Desde aqu\u00ed, comenzaremos la subida al ca\u00f1\u00f3n tan r\u00e1pido como podamos, en un clima c\u00e1lido, hasta el pueblo de Marampata (2850m). Aqu\u00ed tendremos una hermosa vista del sitio arqueol\u00f3gico de Choquequirao. La puesta de sol en Choquequirao se combina maravillosamente con un s\u00edmbolo andino; El C\u00f3ndor, que vuela a las monta\u00f1as m\u00e1s antiguas de la cordillera de Vilcabamba y al complejo arqueol\u00f3gico de Choquequirao. A 20 minutos del centro arqueol\u00f3gico de Choquequirao, pasaremos la noche.<\/p><ul><li style=\"text-align: justify;\">Tiempo de caminata: 7 horas.<\/li><li style=\"text-align: justify;\">Clima: c\u00e1lido y fr\u00edo<\/li><\/ul><\/div>\n\t\t\t\t<\/div>\n\t\t\t\t\t\t\t<div class=\"elementor-accordion-item\">\n\t\t\t\t\t<div id=\"elementor-tab-title-8273\" class=\"elementor-tab-title\" data-tab=\"3\" role=\"button\" aria-controls=\"elementor-tab-content-8273\" aria-expanded=\"false\">\n\t\t\t\t\t\t\t\t\t\t\t\t\t<span class=\"elementor-accordion-icon elementor-accordion-icon-left\" aria-hidden=\"true\">\n\t\t\t\t\t\t\t\t\t\t\t\t\t\t\t<span class=\"elementor-accordion-icon-closed\"><i class=\"fas fa-plus\"><\/i><\/span>\n\t\t\t\t\t\t\t\t<span class=\"elementor-accordion-icon-opened\"><i class=\"fas fa-minus\"><\/i><\/span>\n\t\t\t\t\t\t\t\t\t\t\t\t\t\t<\/span>\n\t\t\t\t\t\t\t\t\t\t\t\t<a class=\"elementor-accordion-title\" tabindex=\"0\">D\u00eda 3: Choquequirao \u2013 Marampata \u2013 Playa Rosalina \u2013 Chiquisca (3033 \u2013 2850 \u2013 1550 \u2013 1930m).<\/a>\n\t\t\t\t\t<\/div>\n\t\t\t\t\t<div id=\"elementor-tab-content-8273\" class=\"elementor-tab-content elementor-clearfix\" data-tab=\"3\" role=\"region\" aria-labelledby=\"elementor-tab-title-8273\"><p style=\"text-align: justify;\">El tercer d\u00eda, un gu\u00eda profesional nos contar\u00e1 sobre el sitio arqueol\u00f3gico de Choquequirao, sobre la historia, las ruinas y las excavaciones descubiertas recientemente. Hoy en d\u00eda Choquequirao tiene muchos secretos antiguos. Solo el 30% de las ruinas han sido restauradas. Para la restauraci\u00f3n, se inici\u00f3 un proyecto y se estima que pasar\u00e1n algunos a\u00f1os antes de que Choquequirao pueda exponerse a todo el mundo. Choquequirao se convertir\u00e1 en una atracci\u00f3n tan grande como Machu Picchu. Despu\u00e9s de nuestra visita a Choquequirao, volveremos a Marampata y un poco m\u00e1s tarde a la profundidad del ca\u00f1\u00f3n de Apur\u00edmac. Aqu\u00ed continuaremos nuestra subida al bosque de nuestro campamento, Chiquisca (1930m).<\/p><ul><li style=\"text-align: justify;\">Tiempo de caminata: 6 horas.<\/li><li><p>Clima: c\u00e1lido con mosquitos.<\/p><\/li><\/ul><\/div>\n\t\t\t\t<\/div>\n\t\t\t\t\t\t\t<div class=\"elementor-accordion-item\">\n\t\t\t\t\t<div id=\"elementor-tab-title-8274\" class=\"elementor-tab-title\" data-tab=\"4\" role=\"button\" aria-controls=\"elementor-tab-content-8274\" aria-expanded=\"false\">\n\t\t\t\t\t\t\t\t\t\t\t\t\t<span class=\"elementor-accordion-icon elementor-accordion-icon-left\" aria-hidden=\"true\">\n\t\t\t\t\t\t\t\t\t\t\t\t\t\t\t<span class=\"elementor-accordion-icon-closed\"><i class=\"fas fa-plus\"><\/i><\/span>\n\t\t\t\t\t\t\t\t<span class=\"elementor-accordion-icon-opened\"><i class=\"fas fa-minus\"><\/i><\/span>\n\t\t\t\t\t\t\t\t\t\t\t\t\t\t<\/span>\n\t\t\t\t\t\t\t\t\t\t\t\t<a class=\"elementor-accordion-title\" tabindex=\"0\">D\u00eda 4: Chiquisca \u2013 Paso Capuliyoq \u2013 Cusco (1930 \u2013 2850 \u2013 2800 \u2013 3350m)<\/a>\n\t\t\t\t\t<\/div>\n\t\t\t\t\t<div id=\"elementor-tab-content-8274\" class=\"elementor-tab-content elementor-clearfix\" data-tab=\"4\" role=\"region\" aria-labelledby=\"elementor-tab-title-8274\"><p style=\"text-align: justify;\">Durante la ma\u00f1ana, haremos una subida a Capuliyok donde el auto nos esperar\u00e1 en el ca\u00f1\u00f3n de Apur\u00edmac, durante este descanso, ser\u00e1 ideal para observar el C\u00f3ndor cuando salgamos del paso de Capuliyoc. Regreso a Cusco<\/p><\/div>\n\t\t\t\t<\/div>\n\t\t\t\t\t\t\t\t<\/div>\n\t\t\t\t\t\t<\/div>\n\t\t\t\t<\/div>\n\t\t\t\t<div class=\"elementor-element elementor-element-78bdeef elementor-widget elementor-widget-text-editor\" data-id=\"78bdeef\" data-element_type=\"widget\" data-widget_type=\"text-editor.default\">\n\t\t\t\t<div class=\"elementor-widget-container\">\n\t\t\t\t\t\t\t\t\t<h3><span style=\"color: #008000;\"><strong>Qu\u00e9 est\u00e1 incluido:<\/strong><\/span><\/h3><ul><li>Reuni\u00f3n informativa previa a la salida en nuestra oficina la noche anterior a las 6 p.m.<\/li><li>Transporte privado desde el hotel a Cachora.<\/li><li>Material de camping<\/li><li>Comidas durante la excursi\u00f3n desayuno, almuerzo, cena y refrigerios comida vegetariana posible<\/li><li>Gu\u00eda profesional biling\u00fce<\/li><li>Cocinar y cocinar material<\/li><li>Ecuestre y porteros<\/li><li>Caballo de emergencia<\/li><li>Entrada al sitio arqueol\u00f3gico de choquequirao<\/li><li>Transporte de Cachora a Cusco<\/li><li>Primeros auxilios y botella de ox\u00edgeno.<\/li><li>Agua hervida fr\u00eda durante toda la caminata.<\/li><\/ul><h3><span style=\"color: #008000;\"><strong>No incluye:<\/strong><\/span><\/h3><ul><li>Desayuno el d\u00eda 1<\/li><li>Bebidas y snacks.<\/li><li>Almuerzo y Cena el d\u00eda 2.<\/li><\/ul><h3><span style=\"color: #008000;\"><strong>Lista recomendada:<\/strong><\/span><\/h3><ul><li>Snack (frutas secas, galletas, dulces, chocolates, etc.)<\/li><li>Zapatos para caminar o zapatillas de deporte<\/li><li>Equipo completo para lluvia o poncho (de noviembre a abril)<\/li><li>Pantalones de senderismo ligeros<\/li><li>Sombrero o gorra<\/li><li>Gafas de sol<\/li><li>Protector solar<\/li><li>Repelente de insectos<\/li><li>Art\u00edculos de tocador (champ\u00fa, jab\u00f3n, crema corporal)<\/li><li>C\u00e1maras fotogr\u00e1ficas \/ de video y cargadores<\/li><li>Botella de agua<\/li><li>Pasaporte original<\/li><li>Dinero extra en soles S\/400.00 por persona<\/li><\/ul>\t\t\t\t\t\t\t\t<\/div>\n\t\t\t\t<\/div>\n\t\t\t\t\t<\/div>\n\t\t<\/div>\n\t\t\t\t\t<\/div>\n\t\t<\/section>\n\t\t\t\t<\/div>\n\t\t","protected":false},"excerpt":{"rendered":"<p><strong>CODIGO: <\/strong>PVT-TR008<\/p>\n<ul>\n<li><strong> Salida: todos los d\u00edas<\/strong><\/li>\n<li><strong> Duraci\u00f3n: 4 d\u00edas 3 noches<\/strong><\/li>\n<\/ul>\n","protected":false},"featured_media":1071,"template":"","meta":{"site-sidebar-layout":"no-sidebar","site-content-layout":"page-builder","ast-site-content-layout":"default","site-content-style":"default","site-sidebar-style":"default","ast-global-header-display":"","ast-banner-title-visibility":"","ast-main-header-display":"","ast-hfb-above-header-display":"","ast-hfb-below-header-display":"","ast-hfb-mobile-header-display":"","site-post-title":"disabled","ast-breadcrumbs-content":"","ast-featured-img":"disabled","footer-sml-layout":"","theme-transparent-header-meta":"default","adv-header-id-meta":"","stick-header-meta":"default","header-above-stick-meta":"","header-main-stick-meta":"","header-below-stick-meta":"","astra-migrate-meta-layouts":"default","ast-page-background-enabled":"default","ast-page-background-meta":{"desktop":{"background-color":"var(--ast-global-color-4)","background-image":"","background-repeat":"repeat","background-position":"center center","background-size":"auto","background-attachment":"scroll","background-type":"","background-media":"","overlay-type":"","overlay-color":"","overlay-opacity":"","overlay-gradient":""},"tablet":{"background-color":"","background-image":"","background-repeat":"repeat","background-position":"center center","background-size":"auto","background-attachment":"scroll","background-type":"","background-media":"","overlay-type":"","overlay-color":"","overlay-opacity":"","overlay-gradient":""},"mobile":{"background-color":"","background-image":"","background-repeat":"repeat","background-position":"center center","background-size":"auto","background-attachment":"scroll","background-type":"","background-media":"","overlay-type":"","overlay-color":"","overlay-opacity":"","overlay-gradient":""}},"ast-content-background-meta":{"desktop":{"background-color":"var(--ast-global-color-5)","background-image":"","background-repeat":"repeat","background-position":"center center","background-size":"auto","background-attachment":"scroll","background-type":"","background-media":"","overlay-type":"","overlay-color":"","overlay-opacity":"","overlay-gradient":""},"tablet":{"background-color":"var(--ast-global-color-5)","background-image":"","background-repeat":"repeat","background-position":"center center","background-size":"auto","background-attachment":"scroll","background-type":"","background-media":"","overlay-type":"","overlay-color":"","overlay-opacity":"","overlay-gradient":""},"mobile":{"background-color":"var(--ast-global-color-5)","background-image":"","background-repeat":"repeat","background-position":"center center","background-size":"auto","background-attachment":"scroll","background-type":"","background-media":"","overlay-type":"","overlay-color":"","overlay-opacity":"","overlay-gradient":""}},"_joinchat":[]},"product_brand":[],"product_cat":[41,45],"product_tag":[],"class_list":{"0":"post-1076","1":"product","2":"type-product","3":"status-publish","4":"has-post-thumbnail","6":"product_cat-cusco-machu-picchu-es","7":"product_cat-cusco-caminatas","8":"desktop-align-center","9":"tablet-align-center","10":"mobile-align-center","11":"ast-product-gallery-layout-horizontal-slider","12":"ast-product-gallery-with-no-image","13":"ast-product-tabs-layout-horizontal","15":"first","16":"instock","17":"shipping-taxable","18":"purchasable","19":"product-type-simple"},"_links":{"self":[{"href":"https:\/\/www.prideperutravel.com\/es\/wp-json\/wp\/v2\/product\/1076","targetHints":{"allow":["GET"]}}],"collection":[{"href":"https:\/\/www.prideperutravel.com\/es\/wp-json\/wp\/v2\/product"}],"about":[{"href":"https:\/\/www.prideperutravel.com\/es\/wp-json\/wp\/v2\/types\/product"}],"version-history":[{"count":8,"href":"https:\/\/www.prideperutravel.com\/es\/wp-json\/wp\/v2\/product\/1076\/revisions"}],"predecessor-version":[{"id":3519,"href":"https:\/\/www.prideperutravel.com\/es\/wp-json\/wp\/v2\/product\/1076\/revisions\/3519"}],"wp:featuredmedia":[{"embeddable":true,"href":"https:\/\/www.prideperutravel.com\/es\/wp-json\/wp\/v2\/media\/1071"}],"wp:attachment":[{"href":"https:\/\/www.prideperutravel.com\/es\/wp-json\/wp\/v2\/media?parent=1076"}],"wp:term":[{"taxonomy":"product_brand","embeddable":true,"href":"https:\/\/www.prideperutravel.com\/es\/wp-json\/wp\/v2\/product_brand?post=1076"},{"taxonomy":"product_cat","embeddable":true,"href":"https:\/\/www.prideperutravel.com\/es\/wp-json\/wp\/v2\/product_cat?post=1076"},{"taxonomy":"product_tag","embeddable":true,"href":"https:\/\/www.prideperutravel.com\/es\/wp-json\/wp\/v2\/product_tag?post=1076"}],"curies":[{"name":"wp","href":"https:\/\/api.w.org\/{rel}","templated":true}]}}