{"id":1949,"date":"2021-12-21T11:53:01","date_gmt":"2021-12-21T16:53:01","guid":{"rendered":"https:\/\/www.prideperutravel.com\/tour\/sin%20categor\u00eda\/canon-del-colca-full-day\/"},"modified":"2022-02-02T14:01:51","modified_gmt":"2022-02-02T19:01:51","slug":"canon-del-colca-full-day","status":"publish","type":"product","link":"https:\/\/www.prideperutravel.com\/es\/tour\/arequipa-es\/paquetes-arequipa\/canon-del-colca-full-day\/","title":{"rendered":"Ca\u00f1on del Colca Full Day"},"content":{"rendered":"<h3 style=\"text-align: justify;\"><span style=\"color: #008000;\"><strong>Itinerario:<\/strong><\/span><\/h3>\n<p style=\"text-align: justify;\">Salimos de Arequipa entre las 2:30-3:00am, conduciremos durante 3 horas al noroeste detr\u00e1s de Chachani hasta Chivay, capital del Ca\u00f1\u00f3n del Colca. Donde desayunaremos.<\/p>\n<p style=\"text-align: justify;\">Continuamos conduciendo durante 2 horas en el lugar m\u00e1s famoso del Ca\u00f1\u00f3n del Colca \u00abLa Cruz del C\u00f3ndor\u00bb. Aqu\u00ed es donde vemos la profundidad del ca\u00f1\u00f3n y el vuelo del c\u00f3ndor. El \u00e1rea tiene hermosos pueblos t\u00edpicos como Yanque y Maca, iglesias coloniales, gente amigable con vestidos y sombreros con costura t\u00edpica, y cientos de terrazas pre-incas que todav\u00eda est\u00e1n en uso con cultivos andinos como el ma\u00edz, la quinoa y el amaranto. Ya en Chivay al mediod\u00eda, hay una visita opcional a las aguas termales de La Calera, con piscinas que tienen una temperatura del agua de 40 \u00b0 C \/ 104 \u00b0 F.<\/p>\n<p style=\"text-align: justify;\">Una vez en Chivay tendremos un almuerzo tradicional y despu\u00e9s del almuerzo viajaremos de regreso a Arequipa. Nos detendremos en el camino, en el escal\u00f3n m\u00e1s alto: el mirador de los volcanes y las monta\u00f1as cubiertas de nieve en Patapampa (4,800 m). M\u00e1s adelante veremos vicu\u00f1as silvestres, alpacas y llamas en la reserva nacional de Pampa Ca\u00f1ahuas y algunas aves como flamencos, ibis, gansos andinos, patos y \u00e1guilas llamados \u00abKara Kara\u00bb. Finalmente llegamos a la ciudad de Arequipa al final de la tarde, aproximadamente a las 17:00.<\/p>\n<p style=\"text-align: justify;\">Fin de nuestros servicios!<\/p>\n<h3 style=\"text-align: justify;\"><span style=\"color: #008000;\"><strong>Qu\u00e9 est\u00e1 incluido:<\/strong><\/span><\/h3>\n<ul style=\"text-align: justify;\">\n<li>Transporte de ida y vuelta desde Arequipa al Ca\u00f1\u00f3n del Colca<\/li>\n<li>Desayuno en Chivay<\/li>\n<li>Almuerzo en Chivay<\/li>\n<li>Entrada al Ca\u00f1\u00f3n del Colca<\/li>\n<li>Gu\u00eda en ingl\u00e9s o espa\u00f1ol<\/li>\n<\/ul>\n<h3 style=\"text-align: justify;\"><span style=\"color: #008000;\"><strong>No incluido:<\/strong><\/span><\/h3>\n<ul style=\"text-align: justify;\">\n<li>Comidas no especificadas en el itinerario<\/li>\n<li>Alojamiento en Arequipa<\/li>\n<\/ul>\n<h3 style=\"text-align: justify;\"><span style=\"color: #008000;\"><strong>Lista recomendada:<\/strong><\/span><\/h3>\n<ul>\n<li style=\"text-align: justify;\">Snacks (frutas secas, galletas, caramelos, chocolates, etc)<\/li>\n<li style=\"text-align: justify;\">Zapatos para caminar o zapatillas de deporte<\/li>\n<li style=\"text-align: justify;\">Equipo completo para lluvia o poncho (de noviembre a abril)<\/li>\n<li style=\"text-align: justify;\">Guantes<\/li>\n<li style=\"text-align: justify;\">Traje de ba\u00f1o (opcional para aguas termales)<\/li>\n<li style=\"text-align: justify;\">Sombrero o gorra<\/li>\n<li style=\"text-align: justify;\">Lentes de sol<\/li>\n<li style=\"text-align: justify;\">Protector solar<\/li>\n<li style=\"text-align: justify;\">Art\u00edculos de aseo<\/li>\n<li style=\"text-align: justify;\">Botella de agua<\/li>\n<\/ul>\n","protected":false},"excerpt":{"rendered":"<p><strong>C\u00d3DIGO:<\/strong> PVT-A001<\/p>\n<ul>\n<li><strong>Salidas: Diarias &#8211; 02:30 a.m<\/strong><\/li>\n<li><strong>Duraci\u00f3n: aproximadamente 16 horas.<\/strong><\/li>\n<\/ul>\n","protected":false},"featured_media":1896,"template":"","meta":{"site-sidebar-layout":"default","site-content-layout":"default","ast-site-content-layout":"default","site-content-style":"default","site-sidebar-style":"default","ast-global-header-display":"","ast-banner-title-visibility":"","ast-main-header-display":"","ast-hfb-above-header-display":"","ast-hfb-below-header-display":"","ast-hfb-mobile-header-display":"","site-post-title":"","ast-breadcrumbs-content":"","ast-featured-img":"","footer-sml-layout":"","theme-transparent-header-meta":"default","adv-header-id-meta":"","stick-header-meta":"default","header-above-stick-meta":"","header-main-stick-meta":"","header-below-stick-meta":"","astra-migrate-meta-layouts":"default","ast-page-background-enabled":"default","ast-page-background-meta":{"desktop":{"background-color":"var(--ast-global-color-4)","background-image":"","background-repeat":"repeat","background-position":"center center","background-size":"auto","background-attachment":"scroll","background-type":"","background-media":"","overlay-type":"","overlay-color":"","overlay-opacity":"","overlay-gradient":""},"tablet":{"background-color":"","background-image":"","background-repeat":"repeat","background-position":"center center","background-size":"auto","background-attachment":"scroll","background-type":"","background-media":"","overlay-type":"","overlay-color":"","overlay-opacity":"","overlay-gradient":""},"mobile":{"background-color":"","background-image":"","background-repeat":"repeat","background-position":"center center","background-size":"auto","background-attachment":"scroll","background-type":"","background-media":"","overlay-type":"","overlay-color":"","overlay-opacity":"","overlay-gradient":""}},"ast-content-background-meta":{"desktop":{"background-color":"var(--ast-global-color-5)","background-image":"","background-repeat":"repeat","background-position":"center center","background-size":"auto","background-attachment":"scroll","background-type":"","background-media":"","overlay-type":"","overlay-color":"","overlay-opacity":"","overlay-gradient":""},"tablet":{"background-color":"var(--ast-global-color-5)","background-image":"","background-repeat":"repeat","background-position":"center center","background-size":"auto","background-attachment":"scroll","background-type":"","background-media":"","overlay-type":"","overlay-color":"","overlay-opacity":"","overlay-gradient":""},"mobile":{"background-color":"var(--ast-global-color-5)","background-image":"","background-repeat":"repeat","background-position":"center center","background-size":"auto","background-attachment":"scroll","background-type":"","background-media":"","overlay-type":"","overlay-color":"","overlay-opacity":"","overlay-gradient":""}},"_joinchat":[]},"product_brand":[],"product_cat":[87,89],"product_tag":[],"class_list":{"0":"post-1949","1":"product","2":"type-product","3":"status-publish","4":"has-post-thumbnail","6":"product_cat-arequipa-es","7":"product_cat-paquetes-arequipa","8":"desktop-align-center","9":"tablet-align-center","10":"mobile-align-center","11":"ast-product-gallery-layout-horizontal-slider","12":"ast-product-gallery-with-no-image","13":"ast-product-tabs-layout-horizontal","15":"first","16":"instock","17":"shipping-taxable","18":"purchasable","19":"product-type-simple"},"_links":{"self":[{"href":"https:\/\/www.prideperutravel.com\/es\/wp-json\/wp\/v2\/product\/1949","targetHints":{"allow":["GET"]}}],"collection":[{"href":"https:\/\/www.prideperutravel.com\/es\/wp-json\/wp\/v2\/product"}],"about":[{"href":"https:\/\/www.prideperutravel.com\/es\/wp-json\/wp\/v2\/types\/product"}],"version-history":[{"count":2,"href":"https:\/\/www.prideperutravel.com\/es\/wp-json\/wp\/v2\/product\/1949\/revisions"}],"predecessor-version":[{"id":3426,"href":"https:\/\/www.prideperutravel.com\/es\/wp-json\/wp\/v2\/product\/1949\/revisions\/3426"}],"wp:featuredmedia":[{"embeddable":true,"href":"https:\/\/www.prideperutravel.com\/es\/wp-json\/wp\/v2\/media\/1896"}],"wp:attachment":[{"href":"https:\/\/www.prideperutravel.com\/es\/wp-json\/wp\/v2\/media?parent=1949"}],"wp:term":[{"taxonomy":"product_brand","embeddable":true,"href":"https:\/\/www.prideperutravel.com\/es\/wp-json\/wp\/v2\/product_brand?post=1949"},{"taxonomy":"product_cat","embeddable":true,"href":"https:\/\/www.prideperutravel.com\/es\/wp-json\/wp\/v2\/product_cat?post=1949"},{"taxonomy":"product_tag","embeddable":true,"href":"https:\/\/www.prideperutravel.com\/es\/wp-json\/wp\/v2\/product_tag?post=1949"}],"curies":[{"name":"wp","href":"https:\/\/api.w.org\/{rel}","templated":true}]}}