{"id":2085,"date":"2021-12-21T15:51:09","date_gmt":"2021-12-21T20:51:09","guid":{"rendered":"https:\/\/www.prideperutravel.com\/tour\/sin%20categor\u00eda\/aventura-en-sandboarding\/"},"modified":"2022-02-02T13:14:18","modified_gmt":"2022-02-02T18:14:18","slug":"aventura-en-sandboarding","status":"publish","type":"product","link":"https:\/\/www.prideperutravel.com\/es\/tour\/lima-nazca-paracas-ica-es\/ica-es\/aventura-en-sandboarding\/","title":{"rendered":"Aventura en Sandboarding"},"content":{"rendered":"<h3 style=\"text-align: justify;\"><span style=\"color: #008000;\"><strong>Itinerario:<\/strong><\/span><\/h3>\n<p style=\"text-align: justify;\">Disfrute de un divertido paseo en las dunas de Huacachina con un conductor experimentado para que su adrenalina se bombee al 100% como una empinada monta\u00f1a, una imagen para golpear la mesa y deslizarse a velocidades de entre 40 y 80km\/ h.<\/p>\n<p style=\"text-align: justify;\">La mejor pr\u00e1ctica es la \u00faltima salida a las 16:00pm porque hace menos calor y se puede ver la puesta de sol (este turno dura aproximadamente 2 horas).<\/p>\n<p style=\"text-align: justify;\">El recorrido comienza desde su alojamiento en Huacanchina, y luego traslado a la laguna de Huacachina, el Oasis ofrece paisajes muy hermosos porque es un peque\u00f1o lago ubicado en medio del desierto, rodeado de palmeras, dunas de arena y algarrobos o huarangos, as\u00ed como hermosas casas que est\u00e1n en sus orillas que lo convierten en un espect\u00e1culo verdaderamente \u00fanico. Despu\u00e9s de unos 20 minutos llegaremos a la zona des\u00e9rtica, aqu\u00ed encontramos una serie de dunas grandes y peque\u00f1as por las cuales nuestro arenero subir\u00e1 y bajar\u00e1 sintiendo mucha adrenalina al mismo tiempo que se detendr\u00e1 en las dunas que ofrecen las condiciones adecuadas para En la pr\u00e1ctica del sandboard para principiantes y tambi\u00e9n para atletas profesionales, nuestro conductor y gu\u00eda nos ense\u00f1ar\u00e1n de manera segura, como practicar este deporte para que los participantes puedan disfrutar del paseo.<\/p>\n<p style=\"text-align: justify;\">En este lugar tambi\u00e9n podr\u00e1s apreciar el paisaje del desierto donde haremos paradas para tomar fotos, tambi\u00e9n disfrutaremos en la ruta de regreso al atardecer.<\/p>\n<p style=\"text-align: justify;\">Finalmente regreso a su respectivo hotel.<\/p>\n<h3><span style=\"color: #008000;\"><strong>Qu\u00e9 est\u00e1 incluido:<\/strong><\/span><\/h3>\n<ul>\n<li>Recojo del alojamiento en Huacachina o Ica<\/li>\n<li>Transporte<\/li>\n<li>Gu\u00eda profesional biling\u00fce de asistencia tur\u00edstica.<\/li>\n<li>Dune buggies<\/li>\n<li>Mesa de sandboard<\/li>\n<li>Dejar en el alojamiento en Huacachina o Ica<\/li>\n<\/ul>\n<h3><span style=\"color: #008000;\"><strong>No incluido:<\/strong><\/span><\/h3>\n<ul>\n<li>Comidas no especificadas en el itinerario.<\/li>\n<li>Alojamiento<\/li>\n<\/ul>\n<h3><span style=\"color: #008000;\"><strong>Lista recomendada<\/strong><\/span><\/h3>\n<ul>\n<li>Snacks<\/li>\n<li>Zapatos para caminar o zapatillas de deporte<\/li>\n<li>Sombrero o gorra<\/li>\n<li>Gafas de sol<\/li>\n<li>Protector solar<\/li>\n<li>Art\u00edculos de tocador<\/li>\n<li>C\u00e1maras fotogr\u00e1ficas \/ de video y cargadores<\/li>\n<li>Botella de agua<\/li>\n<\/ul>\n","protected":false},"excerpt":{"rendered":"<p><strong>CODIGO:<\/strong> PVT-IT003<\/p>\n<ul>\n<li><strong>Salidas: diarias<\/strong><\/li>\n<li><strong>Duraci\u00f3n: aproximadamente 2 horas<\/strong><\/li>\n<\/ul>\n","protected":false},"featured_media":3394,"template":"","meta":{"site-sidebar-layout":"default","site-content-layout":"default","ast-site-content-layout":"default","site-content-style":"default","site-sidebar-style":"default","ast-global-header-display":"","ast-banner-title-visibility":"","ast-main-header-display":"","ast-hfb-above-header-display":"","ast-hfb-below-header-display":"","ast-hfb-mobile-header-display":"","site-post-title":"","ast-breadcrumbs-content":"","ast-featured-img":"","footer-sml-layout":"","theme-transparent-header-meta":"default","adv-header-id-meta":"","stick-header-meta":"default","header-above-stick-meta":"","header-main-stick-meta":"","header-below-stick-meta":"","astra-migrate-meta-layouts":"default","ast-page-background-enabled":"default","ast-page-background-meta":{"desktop":{"background-color":"var(--ast-global-color-4)","background-image":"","background-repeat":"repeat","background-position":"center center","background-size":"auto","background-attachment":"scroll","background-type":"","background-media":"","overlay-type":"","overlay-color":"","overlay-opacity":"","overlay-gradient":""},"tablet":{"background-color":"","background-image":"","background-repeat":"repeat","background-position":"center center","background-size":"auto","background-attachment":"scroll","background-type":"","background-media":"","overlay-type":"","overlay-color":"","overlay-opacity":"","overlay-gradient":""},"mobile":{"background-color":"","background-image":"","background-repeat":"repeat","background-position":"center center","background-size":"auto","background-attachment":"scroll","background-type":"","background-media":"","overlay-type":"","overlay-color":"","overlay-opacity":"","overlay-gradient":""}},"ast-content-background-meta":{"desktop":{"background-color":"var(--ast-global-color-5)","background-image":"","background-repeat":"repeat","background-position":"center center","background-size":"auto","background-attachment":"scroll","background-type":"","background-media":"","overlay-type":"","overlay-color":"","overlay-opacity":"","overlay-gradient":""},"tablet":{"background-color":"var(--ast-global-color-5)","background-image":"","background-repeat":"repeat","background-position":"center center","background-size":"auto","background-attachment":"scroll","background-type":"","background-media":"","overlay-type":"","overlay-color":"","overlay-opacity":"","overlay-gradient":""},"mobile":{"background-color":"var(--ast-global-color-5)","background-image":"","background-repeat":"repeat","background-position":"center center","background-size":"auto","background-attachment":"scroll","background-type":"","background-media":"","overlay-type":"","overlay-color":"","overlay-opacity":"","overlay-gradient":""}},"_joinchat":[]},"product_brand":[],"product_cat":[106],"product_tag":[],"class_list":{"0":"post-2085","1":"product","2":"type-product","3":"status-publish","4":"has-post-thumbnail","6":"product_cat-ica-es","7":"desktop-align-center","8":"tablet-align-center","9":"mobile-align-center","10":"ast-product-gallery-layout-horizontal-slider","11":"ast-product-gallery-with-no-image","12":"ast-product-tabs-layout-horizontal","14":"first","15":"instock","16":"shipping-taxable","17":"purchasable","18":"product-type-simple"},"_links":{"self":[{"href":"https:\/\/www.prideperutravel.com\/es\/wp-json\/wp\/v2\/product\/2085","targetHints":{"allow":["GET"]}}],"collection":[{"href":"https:\/\/www.prideperutravel.com\/es\/wp-json\/wp\/v2\/product"}],"about":[{"href":"https:\/\/www.prideperutravel.com\/es\/wp-json\/wp\/v2\/types\/product"}],"version-history":[{"count":2,"href":"https:\/\/www.prideperutravel.com\/es\/wp-json\/wp\/v2\/product\/2085\/revisions"}],"predecessor-version":[{"id":3391,"href":"https:\/\/www.prideperutravel.com\/es\/wp-json\/wp\/v2\/product\/2085\/revisions\/3391"}],"wp:featuredmedia":[{"embeddable":true,"href":"https:\/\/www.prideperutravel.com\/es\/wp-json\/wp\/v2\/media\/3394"}],"wp:attachment":[{"href":"https:\/\/www.prideperutravel.com\/es\/wp-json\/wp\/v2\/media?parent=2085"}],"wp:term":[{"taxonomy":"product_brand","embeddable":true,"href":"https:\/\/www.prideperutravel.com\/es\/wp-json\/wp\/v2\/product_brand?post=2085"},{"taxonomy":"product_cat","embeddable":true,"href":"https:\/\/www.prideperutravel.com\/es\/wp-json\/wp\/v2\/product_cat?post=2085"},{"taxonomy":"product_tag","embeddable":true,"href":"https:\/\/www.prideperutravel.com\/es\/wp-json\/wp\/v2\/product_tag?post=2085"}],"curies":[{"name":"wp","href":"https:\/\/api.w.org\/{rel}","templated":true}]}}