{"id":2275,"date":"2021-12-22T09:13:08","date_gmt":"2021-12-22T14:13:08","guid":{"rendered":"https:\/\/www.prideperutravel.com\/tour\/sin%20categor\u00eda\/lima-city-tour\/"},"modified":"2022-02-03T14:35:02","modified_gmt":"2022-02-03T19:35:02","slug":"lima-city-tour","status":"publish","type":"product","link":"https:\/\/www.prideperutravel.com\/es\/tour\/lima-nazca-paracas-ica-es\/lima-2\/lima-city-tour\/","title":{"rendered":"Lima City Tour"},"content":{"rendered":"<h3 style=\"text-align: justify;\"><span style=\"color: #008000;\"><strong>Itinerario:<\/strong><\/span><\/h3>\n<p style=\"text-align: justify;\">Nuestra excursi\u00f3n ofrece las mejores atracciones de Lima en sus tres per\u00edodos hist\u00f3ricos: prehisp\u00e1nico, colonial y moderno.<\/p>\n<p style=\"text-align: justify;\">Comenzamos nuestro recorrido con una vista panor\u00e1mica de la \u00abPir\u00e1mide de Pucllana\u00bb, un magn\u00edfico centro ceremonial y arqueol\u00f3gico construido en el siglo IV dC y considerado un \u00abPueblo Sagrado\u00bb por los incas. El virreinato del Per\u00fa fue el m\u00e1s importante del imperio espa\u00f1ol y Lima fue su capital.<\/p>\n<p style=\"text-align: justify;\">Visitamos el Centro Hist\u00f3rico de Lima, donde apreciar\u00e1 m\u00e1s de cincuenta monumentos y edificaciones coloniales, como el Paseo de la Rep\u00fablica, la Plaza San Mart\u00edn, la Plaza Mayor, el Palacio de Gobierno, el Palacio Arzobispal, la Catedral Bas\u00edlica y el Palacio del Ayuntamiento, entre otros. Despu\u00e9s, iremos al monumental Convento de San Francisco, que exhibe la mayor colecci\u00f3n de arte religioso de Am\u00e9rica. Lo m\u00e1s destacado ser\u00e1 la visita de las b\u00f3vedas subterr\u00e1neas, conocidas como \u00abCatacumbas\u00bb o Catacumbas.<\/p>\n<p style=\"text-align: justify;\">Visitaremos \u00e1reas residenciales tradicionales de Lima, como El Olivar de San Isidro, Miraflores y Larcomar.<\/p>\n<h3><span style=\"color: #008000;\"><strong>Qu\u00e9 est\u00e1 incluido:<\/strong><\/span><\/h3>\n<ul>\n<li>Traslado del alojamiento en Lima<\/li>\n<li>Entradas<\/li>\n<li>Transporte<\/li>\n<li>Gu\u00eda biling\u00fce<\/li>\n<li>Traslado al alojamiento en Lima<\/li>\n<\/ul>\n<h3><span style=\"color: #008000;\"><strong>No incluido:<\/strong><\/span><\/h3>\n<ul>\n<li>Comidas no especificadas en el itinerario.<\/li>\n<li>Alojamiento<\/li>\n<\/ul>\n<h3><span style=\"color: #008000;\"><strong>Lista recomendada<\/strong><\/span><\/h3>\n<ul>\n<li>Snacks<\/li>\n<li>Zapatos para caminar o zapatillas de deporte<\/li>\n<li>Sombrero o gorra<\/li>\n<li>Gafas de sol<\/li>\n<li>Protector solar<\/li>\n<li>Art\u00edculos de tocador<\/li>\n<li>C\u00e1maras fotogr\u00e1ficas \/ de video y cargadores<\/li>\n<li>Botella de agua<\/li>\n<\/ul>\n","protected":false},"excerpt":{"rendered":"<p><strong>CODIGO: <\/strong>PVT-LT001<\/p>\n<ul>\n<li><strong>Salidas: diariamente a las 09:00 h \/ 14:00h<\/strong><\/li>\n<li><strong>Duraci\u00f3n: aproximadamente 4 horas<\/strong><\/li>\n<\/ul>\n","protected":false},"featured_media":2210,"template":"","meta":{"site-sidebar-layout":"default","site-content-layout":"default","ast-site-content-layout":"default","site-content-style":"default","site-sidebar-style":"default","ast-global-header-display":"","ast-banner-title-visibility":"","ast-main-header-display":"","ast-hfb-above-header-display":"","ast-hfb-below-header-display":"","ast-hfb-mobile-header-display":"","site-post-title":"","ast-breadcrumbs-content":"","ast-featured-img":"","footer-sml-layout":"","theme-transparent-header-meta":"default","adv-header-id-meta":"","stick-header-meta":"default","header-above-stick-meta":"","header-main-stick-meta":"","header-below-stick-meta":"","astra-migrate-meta-layouts":"default","ast-page-background-enabled":"default","ast-page-background-meta":{"desktop":{"background-color":"var(--ast-global-color-4)","background-image":"","background-repeat":"repeat","background-position":"center center","background-size":"auto","background-attachment":"scroll","background-type":"","background-media":"","overlay-type":"","overlay-color":"","overlay-opacity":"","overlay-gradient":""},"tablet":{"background-color":"","background-image":"","background-repeat":"repeat","background-position":"center center","background-size":"auto","background-attachment":"scroll","background-type":"","background-media":"","overlay-type":"","overlay-color":"","overlay-opacity":"","overlay-gradient":""},"mobile":{"background-color":"","background-image":"","background-repeat":"repeat","background-position":"center center","background-size":"auto","background-attachment":"scroll","background-type":"","background-media":"","overlay-type":"","overlay-color":"","overlay-opacity":"","overlay-gradient":""}},"ast-content-background-meta":{"desktop":{"background-color":"var(--ast-global-color-5)","background-image":"","background-repeat":"repeat","background-position":"center center","background-size":"auto","background-attachment":"scroll","background-type":"","background-media":"","overlay-type":"","overlay-color":"","overlay-opacity":"","overlay-gradient":""},"tablet":{"background-color":"var(--ast-global-color-5)","background-image":"","background-repeat":"repeat","background-position":"center center","background-size":"auto","background-attachment":"scroll","background-type":"","background-media":"","overlay-type":"","overlay-color":"","overlay-opacity":"","overlay-gradient":""},"mobile":{"background-color":"var(--ast-global-color-5)","background-image":"","background-repeat":"repeat","background-position":"center center","background-size":"auto","background-attachment":"scroll","background-type":"","background-media":"","overlay-type":"","overlay-color":"","overlay-opacity":"","overlay-gradient":""}},"_joinchat":[]},"product_brand":[],"product_cat":[151],"product_tag":[],"class_list":{"0":"post-2275","1":"product","2":"type-product","3":"status-publish","4":"has-post-thumbnail","6":"product_cat-lima-2","7":"desktop-align-center","8":"tablet-align-center","9":"mobile-align-center","10":"ast-product-gallery-layout-horizontal-slider","11":"ast-product-gallery-with-no-image","12":"ast-product-tabs-layout-horizontal","14":"first","15":"instock","16":"shipping-taxable","17":"purchasable","18":"product-type-simple"},"_links":{"self":[{"href":"https:\/\/www.prideperutravel.com\/es\/wp-json\/wp\/v2\/product\/2275","targetHints":{"allow":["GET"]}}],"collection":[{"href":"https:\/\/www.prideperutravel.com\/es\/wp-json\/wp\/v2\/product"}],"about":[{"href":"https:\/\/www.prideperutravel.com\/es\/wp-json\/wp\/v2\/types\/product"}],"version-history":[{"count":3,"href":"https:\/\/www.prideperutravel.com\/es\/wp-json\/wp\/v2\/product\/2275\/revisions"}],"predecessor-version":[{"id":3384,"href":"https:\/\/www.prideperutravel.com\/es\/wp-json\/wp\/v2\/product\/2275\/revisions\/3384"}],"wp:featuredmedia":[{"embeddable":true,"href":"https:\/\/www.prideperutravel.com\/es\/wp-json\/wp\/v2\/media\/2210"}],"wp:attachment":[{"href":"https:\/\/www.prideperutravel.com\/es\/wp-json\/wp\/v2\/media?parent=2275"}],"wp:term":[{"taxonomy":"product_brand","embeddable":true,"href":"https:\/\/www.prideperutravel.com\/es\/wp-json\/wp\/v2\/product_brand?post=2275"},{"taxonomy":"product_cat","embeddable":true,"href":"https:\/\/www.prideperutravel.com\/es\/wp-json\/wp\/v2\/product_cat?post=2275"},{"taxonomy":"product_tag","embeddable":true,"href":"https:\/\/www.prideperutravel.com\/es\/wp-json\/wp\/v2\/product_tag?post=2275"}],"curies":[{"name":"wp","href":"https:\/\/api.w.org\/{rel}","templated":true}]}}