{"id":2278,"date":"2021-12-22T09:15:45","date_gmt":"2021-12-22T14:15:45","guid":{"rendered":"https:\/\/www.prideperutravel.com\/tour\/sin%20categor\u00eda\/fuentes-de-lima-tour-nocturno\/"},"modified":"2022-02-03T13:47:16","modified_gmt":"2022-02-03T18:47:16","slug":"fuentes-de-lima-tour-nocturno","status":"publish","type":"product","link":"https:\/\/www.prideperutravel.com\/es\/tour\/lima-nazca-paracas-ica-es\/lima-2\/fuentes-de-lima-tour-nocturno\/","title":{"rendered":"Fuentes de Lima Tour nocturno"},"content":{"rendered":"<h3 style=\"text-align: justify;\"><span style=\"color: #008000;\"><strong>Itinerario:<\/strong><\/span><\/h3>\n<p style=\"text-align: justify;\">El Circuito M\u00e1gico del Agua, ubicado en la Reserva del Parque, es un maravilloso conjunto de 13 fuentes cibern\u00e9ticas interactivas ornamentales donde el agua, la m\u00fasica, la luz, las im\u00e1genes y los efectos l\u00e1ser, en perfecta conjunci\u00f3n y armon\u00eda, se mezclan para presentar actuaciones, \u00fanicas y sorprendentes, completas de magia, ilusi\u00f3n y fantas\u00eda. Obtuvo en 2009 el Premio: Reconocimiento y distinci\u00f3n global de Guinness Record, las fuentes m\u00e1s complejas de Complex World en un parque p\u00fablico.<\/p>\n<p style=\"text-align: justify;\">El Circuito M\u00e1gico del Agua, gran proyecto de la ciudad, reconocido a nivel nacional e internacional como uno de los principales atractivos tur\u00edsticos de Lima, se ha convertido en un s\u00edmbolo de la recuperaci\u00f3n de los espacios p\u00fablicos e \u00edconos de la ciudad moderna, impulsando la mejora de la calidad de vida de los ciudadanos desde inaugurado el 26 de julio de 2007.<\/p>\n<p style=\"text-align: justify;\">Este maravilloso circuito, incluy\u00f3 la recuperaci\u00f3n de m\u00e1s de 7000 \u00e1rboles, la restauraci\u00f3n de todos los monumentos existentes en la reserva del parque, incluido el valor de puesta en servicio de las 23 piscinas originales que datan de 1929 y con ellas su car\u00e1cter hist\u00f3rico y cultural. Hoy Lima tiene un espect\u00e1culo incre\u00edble en un espacio lleno de magia, fantas\u00eda y mucha cultura, que tambi\u00e9n es un lugar de encuentro y disfrute para todas las personas.<\/p>\n<h3><span style=\"color: #008000;\"><strong>Qu\u00e9 est\u00e1 incluido:<\/strong><\/span><\/h3>\n<ul>\n<li>Traslado del alojamiento en Lima<\/li>\n<li>Entradas<\/li>\n<li>Transporte<\/li>\n<li>Gu\u00eda biling\u00fce<\/li>\n<li>Traslado al alojamiento en Lima<\/li>\n<\/ul>\n<h3><span style=\"color: #008000;\"><strong>No incluido:<\/strong><\/span><\/h3>\n<ul>\n<li>Comidas no especificadas en el itinerario.<\/li>\n<li>Alojamiento<\/li>\n<\/ul>\n<h3><span style=\"color: #008000;\"><strong>Lista recomendada<\/strong><\/span><\/h3>\n<ul>\n<li>Snacks<\/li>\n<li>Zapatos para caminar o zapatillas de deporte<\/li>\n<li>Sombrero o gorra<\/li>\n<li>Gafas de sol<\/li>\n<li>Protector solar<\/li>\n<li>Art\u00edculos de tocador<\/li>\n<li>C\u00e1maras fotogr\u00e1ficas \/ de video y cargadores<\/li>\n<li>Botella de agua<\/li>\n<\/ul>\n","protected":false},"excerpt":{"rendered":"<p><strong>CODIGO: <\/strong>PVT-LT002<\/p>\n<ul>\n<li><strong>Salidas: todos los d\u00edas a las 18:00 hrs.<\/strong><\/li>\n<li><strong>Duraci\u00f3n: aproximadamente 2 horas<\/strong><\/li>\n<\/ul>\n","protected":false},"featured_media":2217,"template":"","meta":{"site-sidebar-layout":"default","site-content-layout":"default","ast-site-content-layout":"default","site-content-style":"default","site-sidebar-style":"default","ast-global-header-display":"","ast-banner-title-visibility":"","ast-main-header-display":"","ast-hfb-above-header-display":"","ast-hfb-below-header-display":"","ast-hfb-mobile-header-display":"","site-post-title":"","ast-breadcrumbs-content":"","ast-featured-img":"","footer-sml-layout":"","theme-transparent-header-meta":"default","adv-header-id-meta":"","stick-header-meta":"default","header-above-stick-meta":"","header-main-stick-meta":"","header-below-stick-meta":"","astra-migrate-meta-layouts":"default","ast-page-background-enabled":"default","ast-page-background-meta":{"desktop":{"background-color":"var(--ast-global-color-4)","background-image":"","background-repeat":"repeat","background-position":"center center","background-size":"auto","background-attachment":"scroll","background-type":"","background-media":"","overlay-type":"","overlay-color":"","overlay-opacity":"","overlay-gradient":""},"tablet":{"background-color":"","background-image":"","background-repeat":"repeat","background-position":"center center","background-size":"auto","background-attachment":"scroll","background-type":"","background-media":"","overlay-type":"","overlay-color":"","overlay-opacity":"","overlay-gradient":""},"mobile":{"background-color":"","background-image":"","background-repeat":"repeat","background-position":"center center","background-size":"auto","background-attachment":"scroll","background-type":"","background-media":"","overlay-type":"","overlay-color":"","overlay-opacity":"","overlay-gradient":""}},"ast-content-background-meta":{"desktop":{"background-color":"var(--ast-global-color-5)","background-image":"","background-repeat":"repeat","background-position":"center center","background-size":"auto","background-attachment":"scroll","background-type":"","background-media":"","overlay-type":"","overlay-color":"","overlay-opacity":"","overlay-gradient":""},"tablet":{"background-color":"var(--ast-global-color-5)","background-image":"","background-repeat":"repeat","background-position":"center center","background-size":"auto","background-attachment":"scroll","background-type":"","background-media":"","overlay-type":"","overlay-color":"","overlay-opacity":"","overlay-gradient":""},"mobile":{"background-color":"var(--ast-global-color-5)","background-image":"","background-repeat":"repeat","background-position":"center center","background-size":"auto","background-attachment":"scroll","background-type":"","background-media":"","overlay-type":"","overlay-color":"","overlay-opacity":"","overlay-gradient":""}},"_joinchat":[]},"product_brand":[],"product_cat":[151],"product_tag":[],"class_list":{"0":"post-2278","1":"product","2":"type-product","3":"status-publish","4":"has-post-thumbnail","6":"product_cat-lima-2","7":"desktop-align-center","8":"tablet-align-center","9":"mobile-align-center","10":"ast-product-gallery-layout-horizontal-slider","11":"ast-product-gallery-with-no-image","12":"ast-product-tabs-layout-horizontal","14":"first","15":"instock","16":"shipping-taxable","17":"purchasable","18":"product-type-simple"},"_links":{"self":[{"href":"https:\/\/www.prideperutravel.com\/es\/wp-json\/wp\/v2\/product\/2278","targetHints":{"allow":["GET"]}}],"collection":[{"href":"https:\/\/www.prideperutravel.com\/es\/wp-json\/wp\/v2\/product"}],"about":[{"href":"https:\/\/www.prideperutravel.com\/es\/wp-json\/wp\/v2\/types\/product"}],"version-history":[{"count":2,"href":"https:\/\/www.prideperutravel.com\/es\/wp-json\/wp\/v2\/product\/2278\/revisions"}],"predecessor-version":[{"id":3383,"href":"https:\/\/www.prideperutravel.com\/es\/wp-json\/wp\/v2\/product\/2278\/revisions\/3383"}],"wp:featuredmedia":[{"embeddable":true,"href":"https:\/\/www.prideperutravel.com\/es\/wp-json\/wp\/v2\/media\/2217"}],"wp:attachment":[{"href":"https:\/\/www.prideperutravel.com\/es\/wp-json\/wp\/v2\/media?parent=2278"}],"wp:term":[{"taxonomy":"product_brand","embeddable":true,"href":"https:\/\/www.prideperutravel.com\/es\/wp-json\/wp\/v2\/product_brand?post=2278"},{"taxonomy":"product_cat","embeddable":true,"href":"https:\/\/www.prideperutravel.com\/es\/wp-json\/wp\/v2\/product_cat?post=2278"},{"taxonomy":"product_tag","embeddable":true,"href":"https:\/\/www.prideperutravel.com\/es\/wp-json\/wp\/v2\/product_tag?post=2278"}],"curies":[{"name":"wp","href":"https:\/\/api.w.org\/{rel}","templated":true}]}}