{"id":2284,"date":"2021-12-22T09:34:31","date_gmt":"2021-12-22T14:34:31","guid":{"rendered":"https:\/\/www.prideperutravel.com\/tour\/sin%20categor\u00eda\/tour-gastronomico-de-lima\/"},"modified":"2022-02-03T13:44:41","modified_gmt":"2022-02-03T18:44:41","slug":"tour-gastronomico-de-lima","status":"publish","type":"product","link":"https:\/\/www.prideperutravel.com\/es\/tour\/lima-nazca-paracas-ica-es\/lima-2\/tour-gastronomico-de-lima\/","title":{"rendered":"Tour Gastron\u00f3mico de Lima"},"content":{"rendered":"<h3 style=\"text-align: justify;\"><span style=\"color: #008000;\"><strong>Itinerario:<\/strong><\/span><\/h3>\n<p style=\"text-align: justify;\">Traslado del alojamiento en Lima de 09:30\/10:00am, onde visitaremos los mercados, siempre son un reflejo bastante preciso de las ciudades. Las ciudades peque\u00f1as y mon\u00f3tonas<\/p>\n<p style=\"text-align: justify;\">suelen tener mercados ordenados, pero con una oferta de productos reducida. En Lima, por el contrario, la convivencia de sus millones de habitantes provenientes de todos los rincones del Per\u00fa ha generado marcados contrastes que se sienten en todos los aspectos de la vida en la ciudad incluida por supuesto, la gastronom\u00eda.<\/p>\n<p style=\"text-align: justify;\">En esta oportunidad visitaremos el popular mercado de Surquillo, el preferido por cocineros famosos.<\/p>\n<p style=\"text-align: justify;\">En lo que fuera una antigua f\u00e1brica de zapatos, al entrar ver\u00e1 que en la barra hay moldes de madera que se encontraron en el espacio donde hoy se ubica Ka\u00f1ete. Una propuesta totalmente nueva y diferente. En este restaurante tem\u00e1tico de la mano del chef aprenderemos a cocinar nuestro almuerzo tur\u00edstico, adicionalmente podremos degustar de un exquisito Pisco Sour o Chilcano. Vivir\u00e1 una experiencia \u00fanica aprendiendo de los mejores de la cocina peruana!<\/p>\n<p style=\"text-align: justify;\">Estaremos de vuelta nuestro alojamiento a las 14:00h<\/p>\n<h3><span style=\"color: #008000;\"><strong>Qu\u00e9 est\u00e1 incluido:<\/strong><\/span><\/h3>\n<ul>\n<li>Traslado del alojamiento en Lima<\/li>\n<li>Orientaci\u00f3n del chef<\/li>\n<li>Recorrido por el mercado<\/li>\n<li>Todo lo que necesitas para las comidas<\/li>\n<li>Transporte<\/li>\n<li>Gu\u00eda biling\u00fce<\/li>\n<\/ul>\n<h3><span style=\"color: #008000;\"><strong>No incluido:<\/strong><\/span><\/h3>\n<ul>\n<li>Comidas no especificadas en el itinerario<\/li>\n<li>Alojamiento<\/li>\n<li>Dejar en el alojamiento en Lima<\/li>\n<\/ul>\n<h3><span style=\"color: #008000;\"><strong>Lista recomendada<\/strong><\/span><\/h3>\n<ul>\n<li>Snacks<\/li>\n<li>Zapatos para caminar o zapatillas de deporte<\/li>\n<li>Sombrero o gorra<\/li>\n<li>Gafas de sol<\/li>\n<li>Protector solar<\/li>\n<li>Art\u00edculos de tocador<\/li>\n<li>C\u00e1maras fotogr\u00e1ficas \/ de video y cargadores<\/li>\n<li>Botella de agua<\/li>\n<\/ul>\n","protected":false},"excerpt":{"rendered":"<p><strong>CODIGO: <\/strong>PVT-LT005<\/p>\n<ul>\n<li><strong>Salidas: todos los d\u00edas a las 09:30am<\/strong><\/li>\n<li><strong>Duraci\u00f3n: aproximadamente 3 horas<\/strong><\/li>\n<\/ul>\n","protected":false},"featured_media":2233,"template":"","meta":{"site-sidebar-layout":"default","site-content-layout":"default","ast-site-content-layout":"default","site-content-style":"default","site-sidebar-style":"default","ast-global-header-display":"","ast-banner-title-visibility":"","ast-main-header-display":"","ast-hfb-above-header-display":"","ast-hfb-below-header-display":"","ast-hfb-mobile-header-display":"","site-post-title":"","ast-breadcrumbs-content":"","ast-featured-img":"","footer-sml-layout":"","theme-transparent-header-meta":"default","adv-header-id-meta":"","stick-header-meta":"default","header-above-stick-meta":"","header-main-stick-meta":"","header-below-stick-meta":"","astra-migrate-meta-layouts":"default","ast-page-background-enabled":"default","ast-page-background-meta":{"desktop":{"background-color":"var(--ast-global-color-4)","background-image":"","background-repeat":"repeat","background-position":"center center","background-size":"auto","background-attachment":"scroll","background-type":"","background-media":"","overlay-type":"","overlay-color":"","overlay-opacity":"","overlay-gradient":""},"tablet":{"background-color":"","background-image":"","background-repeat":"repeat","background-position":"center center","background-size":"auto","background-attachment":"scroll","background-type":"","background-media":"","overlay-type":"","overlay-color":"","overlay-opacity":"","overlay-gradient":""},"mobile":{"background-color":"","background-image":"","background-repeat":"repeat","background-position":"center center","background-size":"auto","background-attachment":"scroll","background-type":"","background-media":"","overlay-type":"","overlay-color":"","overlay-opacity":"","overlay-gradient":""}},"ast-content-background-meta":{"desktop":{"background-color":"var(--ast-global-color-5)","background-image":"","background-repeat":"repeat","background-position":"center center","background-size":"auto","background-attachment":"scroll","background-type":"","background-media":"","overlay-type":"","overlay-color":"","overlay-opacity":"","overlay-gradient":""},"tablet":{"background-color":"var(--ast-global-color-5)","background-image":"","background-repeat":"repeat","background-position":"center center","background-size":"auto","background-attachment":"scroll","background-type":"","background-media":"","overlay-type":"","overlay-color":"","overlay-opacity":"","overlay-gradient":""},"mobile":{"background-color":"var(--ast-global-color-5)","background-image":"","background-repeat":"repeat","background-position":"center center","background-size":"auto","background-attachment":"scroll","background-type":"","background-media":"","overlay-type":"","overlay-color":"","overlay-opacity":"","overlay-gradient":""}},"_joinchat":[]},"product_brand":[],"product_cat":[151],"product_tag":[],"class_list":{"0":"post-2284","1":"product","2":"type-product","3":"status-publish","4":"has-post-thumbnail","6":"product_cat-lima-2","7":"desktop-align-center","8":"tablet-align-center","9":"mobile-align-center","10":"ast-product-gallery-layout-horizontal-slider","11":"ast-product-gallery-with-no-image","12":"ast-product-tabs-layout-horizontal","14":"first","15":"instock","16":"shipping-taxable","17":"purchasable","18":"product-type-simple"},"_links":{"self":[{"href":"https:\/\/www.prideperutravel.com\/es\/wp-json\/wp\/v2\/product\/2284","targetHints":{"allow":["GET"]}}],"collection":[{"href":"https:\/\/www.prideperutravel.com\/es\/wp-json\/wp\/v2\/product"}],"about":[{"href":"https:\/\/www.prideperutravel.com\/es\/wp-json\/wp\/v2\/types\/product"}],"version-history":[{"count":2,"href":"https:\/\/www.prideperutravel.com\/es\/wp-json\/wp\/v2\/product\/2284\/revisions"}],"predecessor-version":[{"id":3380,"href":"https:\/\/www.prideperutravel.com\/es\/wp-json\/wp\/v2\/product\/2284\/revisions\/3380"}],"wp:featuredmedia":[{"embeddable":true,"href":"https:\/\/www.prideperutravel.com\/es\/wp-json\/wp\/v2\/media\/2233"}],"wp:attachment":[{"href":"https:\/\/www.prideperutravel.com\/es\/wp-json\/wp\/v2\/media?parent=2284"}],"wp:term":[{"taxonomy":"product_brand","embeddable":true,"href":"https:\/\/www.prideperutravel.com\/es\/wp-json\/wp\/v2\/product_brand?post=2284"},{"taxonomy":"product_cat","embeddable":true,"href":"https:\/\/www.prideperutravel.com\/es\/wp-json\/wp\/v2\/product_cat?post=2284"},{"taxonomy":"product_tag","embeddable":true,"href":"https:\/\/www.prideperutravel.com\/es\/wp-json\/wp\/v2\/product_tag?post=2284"}],"curies":[{"name":"wp","href":"https:\/\/api.w.org\/{rel}","templated":true}]}}