{"id":2740,"date":"2022-01-18T15:12:17","date_gmt":"2022-01-18T20:12:17","guid":{"rendered":"https:\/\/www.prideperutravel.com\/tour\/sin%20categor\u00eda\/machu-picchu-2-dias-1-noche\/"},"modified":"2025-05-07T11:40:59","modified_gmt":"2025-05-07T16:40:59","slug":"machu-picchu-2-dias-1-noche","status":"publish","type":"product","link":"https:\/\/www.prideperutravel.com\/es\/tour\/cusco-machu-picchu-es\/paquetes-cusco\/machu-picchu-2-dias-1-noche\/","title":{"rendered":"Machu Picchu 2 d\u00edas 1 noche"},"content":{"rendered":"\t\t<div data-elementor-type=\"product-post\" data-elementor-id=\"2740\" class=\"elementor elementor-2740 elementor-2709\" data-elementor-post-type=\"product\">\n\t\t\t\t\t\t<section class=\"elementor-section elementor-top-section elementor-element elementor-element-53be6e81 elementor-section-boxed elementor-section-height-default elementor-section-height-default\" data-id=\"53be6e81\" data-element_type=\"section\">\n\t\t\t\t\t\t<div class=\"elementor-container elementor-column-gap-default\">\n\t\t\t\t\t<div class=\"elementor-column elementor-col-100 elementor-top-column elementor-element elementor-element-1d08b9bd\" data-id=\"1d08b9bd\" data-element_type=\"column\">\n\t\t\t<div class=\"elementor-widget-wrap elementor-element-populated\">\n\t\t\t\t\t\t<div class=\"elementor-element elementor-element-e0dbe1c elementor-widget elementor-widget-heading\" data-id=\"e0dbe1c\" data-element_type=\"widget\" data-widget_type=\"heading.default\">\n\t\t\t\t<div class=\"elementor-widget-container\">\n\t\t\t\t\t<h3 class=\"elementor-heading-title elementor-size-default\">Itinerario<\/h3>\t\t\t\t<\/div>\n\t\t\t\t<\/div>\n\t\t\t\t<div class=\"elementor-element elementor-element-242aa897 elementor-widget elementor-widget-accordion\" data-id=\"242aa897\" data-element_type=\"widget\" data-widget_type=\"accordion.default\">\n\t\t\t\t<div class=\"elementor-widget-container\">\n\t\t\t\t\t\t\t<div class=\"elementor-accordion\">\n\t\t\t\t\t\t\t<div class=\"elementor-accordion-item\">\n\t\t\t\t\t<div id=\"elementor-tab-title-6061\" class=\"elementor-tab-title\" data-tab=\"1\" role=\"button\" aria-controls=\"elementor-tab-content-6061\" aria-expanded=\"false\">\n\t\t\t\t\t\t\t\t\t\t\t\t\t<span class=\"elementor-accordion-icon elementor-accordion-icon-left\" aria-hidden=\"true\">\n\t\t\t\t\t\t\t\t\t\t\t\t\t\t\t<span class=\"elementor-accordion-icon-closed\"><i class=\"fas fa-plus\"><\/i><\/span>\n\t\t\t\t\t\t\t\t<span class=\"elementor-accordion-icon-opened\"><i class=\"fas fa-minus\"><\/i><\/span>\n\t\t\t\t\t\t\t\t\t\t\t\t\t\t<\/span>\n\t\t\t\t\t\t\t\t\t\t\t\t<a class=\"elementor-accordion-title\" tabindex=\"0\">D\u00eda 1: Cusco \u2013 Aguas Calientes<\/a>\n\t\t\t\t\t<\/div>\n\t\t\t\t\t<div id=\"elementor-tab-content-6061\" class=\"elementor-tab-content elementor-clearfix\" data-tab=\"1\" role=\"region\" aria-labelledby=\"elementor-tab-title-6061\"><p>Salimos de Cusco a las 09:00 am de la ma\u00f1ana para nuestro tour de 2 d\u00edas a Machu Picchu. Conduciremos hasta el pueblo de Ollantaytambo, que se encuentra en el Valle Sagrado, donde tomaremos nuestro tren a Aguas Calientes. Con un paisaje incomparable a lo largo del viaje, el viaje en tren en s\u00ed mismo es una experiencia para toda la vida. Siguiendo el r\u00edo Urubamba aguas abajo del Valle Sagrado, llegar\u00e1 a Aguas Calientes alrededor de las 02:30 p.m. Al llegar, un representante del hotel lo estar\u00e1 esperando para llevarlo al alojamiento, despu\u00e9s de registrarse en nuestro hotel, tendr\u00e1 todo el tarde libre. Ya sea que desee aprovechar su tarde libre, puede visitar el museo de Machu Picchu, la exhibici\u00f3n de orqu\u00eddeas y las exhibiciones de mariposas, que se encuentran a 40 minutos a pie del pueblo, o simplemente puede relajarse en las aguas termales, que se encuentran a 5 minutos a pie del pueblo.<\/p><p>Noche en Aguas Calientes<\/p><\/div>\n\t\t\t\t<\/div>\n\t\t\t\t\t\t\t<div class=\"elementor-accordion-item\">\n\t\t\t\t\t<div id=\"elementor-tab-title-6062\" class=\"elementor-tab-title\" data-tab=\"2\" role=\"button\" aria-controls=\"elementor-tab-content-6062\" aria-expanded=\"false\">\n\t\t\t\t\t\t\t\t\t\t\t\t\t<span class=\"elementor-accordion-icon elementor-accordion-icon-left\" aria-hidden=\"true\">\n\t\t\t\t\t\t\t\t\t\t\t\t\t\t\t<span class=\"elementor-accordion-icon-closed\"><i class=\"fas fa-plus\"><\/i><\/span>\n\t\t\t\t\t\t\t\t<span class=\"elementor-accordion-icon-opened\"><i class=\"fas fa-minus\"><\/i><\/span>\n\t\t\t\t\t\t\t\t\t\t\t\t\t\t<\/span>\n\t\t\t\t\t\t\t\t\t\t\t\t<a class=\"elementor-accordion-title\" tabindex=\"0\">D\u00eda 2: Visita a Machu Picchu \u2013 retorno a Cusco<\/a>\n\t\t\t\t\t<\/div>\n\t\t\t\t\t<div id=\"elementor-tab-content-6062\" class=\"elementor-tab-content elementor-clearfix\" data-tab=\"2\" role=\"region\" aria-labelledby=\"elementor-tab-title-6062\"><p>Nos despertaremos a las 5:30 am para tomar el primer bus hasta Machu Picchu y ver el amanecer sobre las ruinas. Si quieres, podemos ir un poco tarde a Machu Picchu.<\/p><p>Su gu\u00eda pasar\u00e1 alrededor de 2 horas explicando los aspectos m\u00e1s destacados de Machu Picchu. Despu\u00e9s de la visita guiada, podr\u00e1 disfrutar de tiempo libre para explorar las \u00e1reas exteriores de forma independiente. Disfrute de una de las muchas caminatas, como el sendero al Puente Inka o la Puerta del Sol.<\/p><p>Regrese en autob\u00fas a Aguas Calientes por su cuenta, donde tendr\u00e1 tiempo para explorar la ciudad por su cuenta y disfrutar de uno de los muchos restaurantes o cafeter\u00edas. Luego, abordar\u00e1 el tren al final de la tarde para el viaje de regreso a Ollantaytambo, donde al llegar; lo estaremos esperando para traerlo de regreso a su alojamiento en Cusco.<\/p><\/div>\n\t\t\t\t<\/div>\n\t\t\t\t\t\t\t\t<\/div>\n\t\t\t\t\t\t<\/div>\n\t\t\t\t<\/div>\n\t\t\t\t<div class=\"elementor-element elementor-element-7cd82019 elementor-widget elementor-widget-text-editor\" data-id=\"7cd82019\" data-element_type=\"widget\" data-widget_type=\"text-editor.default\">\n\t\t\t\t<div class=\"elementor-widget-container\">\n\t\t\t\t\t\t\t\t\t<h3><span style=\"color: #008000;\"><strong>Qu\u00e9 est\u00e1 incluido:<\/strong><\/span><\/h3><ul><li>Recogida \/ regreso desde su alojamiento en Cusco<\/li><li>Boletos de tren ida y vuelta entre Ollantaytambo y Aguas Calientes<\/li><li>Tickets de bus ida y vuelta entre Aguas Calientes y Machu Picchu<\/li><li>Tour de 2 a 3 horas de Machu Picchu con gu\u00eda en ingl\u00e9s\/espa\u00f1ol<\/li><li>Entradas a Machu Picchu<\/li><li>1 noche en Aguas Calientes<\/li><li>desayuno en el hotel<\/li><\/ul><h3><span style=\"color: #008000;\"><strong>No inclu\u00eddo:<\/strong><\/span><\/h3><ul><li>Comidas no especificadas en el itinerario.<\/li><li>Alojamiento en Cusco<\/li><li>Entradas a las Aguas termales<\/li><\/ul><h3><span style=\"color: #008000;\"><strong>Lista recomendada<\/strong><\/span><\/h3><ul><li>Snacks<\/li><li>Zapatos para caminar o zapatillas de deporte<\/li><li>Equipo completo para lluvia o poncho (de noviembre a abril)<\/li><li>Sombrero o gorra<\/li><li>Gafas de sol<\/li><li>Protector solar<\/li><li>Art\u00edculos de tocador<\/li><li>C\u00e1maras fotogr\u00e1ficas \/ de video y cargadores<\/li><li>Botella de Agua<\/li><\/ul>\t\t\t\t\t\t\t\t<\/div>\n\t\t\t\t<\/div>\n\t\t\t\t\t<\/div>\n\t\t<\/div>\n\t\t\t\t\t<\/div>\n\t\t<\/section>\n\t\t\t\t<\/div>\n\t\t","protected":false},"excerpt":{"rendered":"<p><strong>Descripci\u00f3n<\/strong><\/p>\n<p><strong>CODIGO: PVT-MP005<\/strong><\/p>\n<ul>\n<li><strong>Salida: <\/strong>todos los d\u00edas<\/li>\n<li><strong>Duraci\u00f3n: <\/strong>2 d\u00edas 1 noche<\/li>\n<\/ul>\n","protected":false},"featured_media":2734,"template":"","meta":{"site-sidebar-layout":"no-sidebar","site-content-layout":"page-builder","ast-site-content-layout":"full-width-container","site-content-style":"unboxed","site-sidebar-style":"unboxed","ast-global-header-display":"","ast-banner-title-visibility":"","ast-main-header-display":"","ast-hfb-above-header-display":"","ast-hfb-below-header-display":"","ast-hfb-mobile-header-display":"","site-post-title":"disabled","ast-breadcrumbs-content":"","ast-featured-img":"disabled","footer-sml-layout":"","theme-transparent-header-meta":"default","adv-header-id-meta":"","stick-header-meta":"default","header-above-stick-meta":"","header-main-stick-meta":"","header-below-stick-meta":"","astra-migrate-meta-layouts":"set","ast-page-background-enabled":"default","ast-page-background-meta":{"desktop":{"background-color":"var(--ast-global-color-4)","background-image":"","background-repeat":"repeat","background-position":"center center","background-size":"auto","background-attachment":"scroll","background-type":"","background-media":"","overlay-type":"","overlay-color":"","overlay-opacity":"","overlay-gradient":""},"tablet":{"background-color":"","background-image":"","background-repeat":"repeat","background-position":"center center","background-size":"auto","background-attachment":"scroll","background-type":"","background-media":"","overlay-type":"","overlay-color":"","overlay-opacity":"","overlay-gradient":""},"mobile":{"background-color":"","background-image":"","background-repeat":"repeat","background-position":"center center","background-size":"auto","background-attachment":"scroll","background-type":"","background-media":"","overlay-type":"","overlay-color":"","overlay-opacity":"","overlay-gradient":""}},"ast-content-background-meta":{"desktop":{"background-color":"var(--ast-global-color-5)","background-image":"","background-repeat":"repeat","background-position":"center center","background-size":"auto","background-attachment":"scroll","background-type":"","background-media":"","overlay-type":"","overlay-color":"","overlay-opacity":"","overlay-gradient":""},"tablet":{"background-color":"var(--ast-global-color-5)","background-image":"","background-repeat":"repeat","background-position":"center center","background-size":"auto","background-attachment":"scroll","background-type":"","background-media":"","overlay-type":"","overlay-color":"","overlay-opacity":"","overlay-gradient":""},"mobile":{"background-color":"var(--ast-global-color-5)","background-image":"","background-repeat":"repeat","background-position":"center center","background-size":"auto","background-attachment":"scroll","background-type":"","background-media":"","overlay-type":"","overlay-color":"","overlay-opacity":"","overlay-gradient":""}},"_joinchat":[]},"product_brand":[],"product_cat":[41,43],"product_tag":[],"class_list":{"0":"post-2740","1":"product","2":"type-product","3":"status-publish","4":"has-post-thumbnail","6":"product_cat-cusco-machu-picchu-es","7":"product_cat-paquetes-cusco","8":"desktop-align-center","9":"tablet-align-center","10":"mobile-align-center","11":"ast-product-gallery-layout-horizontal-slider","12":"ast-product-gallery-with-no-image","13":"ast-product-single-variable","14":"ast-product-tabs-layout-horizontal","16":"first","17":"instock","18":"shipping-taxable","19":"purchasable","20":"product-type-variable"},"_links":{"self":[{"href":"https:\/\/www.prideperutravel.com\/es\/wp-json\/wp\/v2\/product\/2740","targetHints":{"allow":["GET"]}}],"collection":[{"href":"https:\/\/www.prideperutravel.com\/es\/wp-json\/wp\/v2\/product"}],"about":[{"href":"https:\/\/www.prideperutravel.com\/es\/wp-json\/wp\/v2\/types\/product"}],"version-history":[{"count":12,"href":"https:\/\/www.prideperutravel.com\/es\/wp-json\/wp\/v2\/product\/2740\/revisions"}],"predecessor-version":[{"id":5165,"href":"https:\/\/www.prideperutravel.com\/es\/wp-json\/wp\/v2\/product\/2740\/revisions\/5165"}],"wp:featuredmedia":[{"embeddable":true,"href":"https:\/\/www.prideperutravel.com\/es\/wp-json\/wp\/v2\/media\/2734"}],"wp:attachment":[{"href":"https:\/\/www.prideperutravel.com\/es\/wp-json\/wp\/v2\/media?parent=2740"}],"wp:term":[{"taxonomy":"product_brand","embeddable":true,"href":"https:\/\/www.prideperutravel.com\/es\/wp-json\/wp\/v2\/product_brand?post=2740"},{"taxonomy":"product_cat","embeddable":true,"href":"https:\/\/www.prideperutravel.com\/es\/wp-json\/wp\/v2\/product_cat?post=2740"},{"taxonomy":"product_tag","embeddable":true,"href":"https:\/\/www.prideperutravel.com\/es\/wp-json\/wp\/v2\/product_tag?post=2740"}],"curies":[{"name":"wp","href":"https:\/\/api.w.org\/{rel}","templated":true}]}}