{"id":2903,"date":"2022-01-19T15:00:48","date_gmt":"2022-01-19T20:00:48","guid":{"rendered":"https:\/\/www.prideperutravel.com\/tour\/sin%20categor\u00eda\/cuatrimotos-morada-de-los-dioses\/"},"modified":"2022-02-02T12:26:48","modified_gmt":"2022-02-02T17:26:48","slug":"cuatrimotos-morada-de-los-dioses","status":"publish","type":"product","link":"https:\/\/www.prideperutravel.com\/es\/tour\/cusco-machu-picchu-es\/aventuras-cusco\/cuatrimotos-morada-de-los-dioses\/","title":{"rendered":"Cuatrimotos \u2013 Morada de los Dioses"},"content":{"rendered":"<h3><span style=\"color: #008000;\"><strong>Itinerario:<\/strong><\/span><\/h3>\n<p style=\"text-align: justify;\">Comenzamos con el recojo de su alojamiento en Cusco. Luego nos dirigimos a la base ubicada en el sector Tica Tica Sencca, teniendo una duraci\u00f3n de 25 min. Una vez que lleguemos, comenzaremos una sesi\u00f3n informativa de seguridad de aproximadamente 5 minutos y un entrenamiento de manejo de 10 minutos con las cuatrimotos, cuando est\u00e9 listo comenzamos la aventura. La ruta en cuatrimoto tiene una duraci\u00f3n de 45 minutos y la visita de 30 minutos al Mirador de los Dioses, donde podr\u00e1 apreciar las diversas esculturas realizadas a mano por los artistas locales, apreciar\u00e1 el paisaje natural y podr\u00e1 tomar fotograf\u00edas. Terminamos el recorrido regresando a nuestra base, y regresamos al centro de la ciudad de Cusco.<\/p>\n<p>**<strong> IMPORTANTE:<\/strong> Use pantalones largos y zapatos cerrados, NO sandalias<\/p>\n<h3><span style=\"color: #008000;\"><strong>Que est\u00e1 incluido:<\/strong><\/span><\/h3>\n<ul>\n<li>Traslado del hotel en Cusco<\/li>\n<li>Transporte Cusco &#8211; Cruzpata &#8211; Cusco<\/li>\n<li>Cuatrimotos<\/li>\n<li>Cascos de seguridad y guantes.<\/li>\n<li>Gu\u00eda en ingl\u00e9s o espa\u00f1ol.<\/li>\n<li>Botiqu\u00edn de primeros auxilios<\/li>\n<li>Retorno la Plaza Regocijo (a 2 cuadras de la plaza principal)<\/li>\n<\/ul>\n<h3><span style=\"color: #008000;\"><strong>No incluido:<\/strong><\/span><\/h3>\n<ul>\n<li>Entrada &#8211; S \/ 10.00 por persona<\/li>\n<li>Comidas no especificadas en el itinerario.<\/li>\n<li>Alojamiento en Cusco<\/li>\n<\/ul>\n<h3><span style=\"color: #008000;\"><strong>Lista recomendada:<\/strong><\/span><\/h3>\n<ul>\n<li>Snacks<\/li>\n<li>Zapatos para caminar o zapatillas de deporte<\/li>\n<li>Sombrero o gorra<\/li>\n<li>Gafas de sol<\/li>\n<li>Protector solar<\/li>\n<li>Art\u00edculos de aseo<\/li>\n<li>Botella de agua<\/li>\n<\/ul>\n","protected":false},"excerpt":{"rendered":"<p><strong>Descripci\u00f3n<\/strong><\/p>\n<p><strong>C\u00d3DIGO: PVT-CA004<\/strong><\/p>\n<ul>\n<li><strong>Salida: Diaria &#8211; 09:00 a.m.<\/strong><\/li>\n<li><strong>Duraci\u00f3n: 4 horas<\/strong><\/li>\n<\/ul>\n","protected":false},"featured_media":2891,"template":"","meta":{"site-sidebar-layout":"default","site-content-layout":"default","ast-site-content-layout":"default","site-content-style":"default","site-sidebar-style":"default","ast-global-header-display":"","ast-banner-title-visibility":"","ast-main-header-display":"","ast-hfb-above-header-display":"","ast-hfb-below-header-display":"","ast-hfb-mobile-header-display":"","site-post-title":"","ast-breadcrumbs-content":"","ast-featured-img":"","footer-sml-layout":"","theme-transparent-header-meta":"","adv-header-id-meta":"","stick-header-meta":"","header-above-stick-meta":"","header-main-stick-meta":"","header-below-stick-meta":"","astra-migrate-meta-layouts":"default","ast-page-background-enabled":"default","ast-page-background-meta":{"desktop":{"background-color":"var(--ast-global-color-4)","background-image":"","background-repeat":"repeat","background-position":"center center","background-size":"auto","background-attachment":"scroll","background-type":"","background-media":"","overlay-type":"","overlay-color":"","overlay-opacity":"","overlay-gradient":""},"tablet":{"background-color":"","background-image":"","background-repeat":"repeat","background-position":"center center","background-size":"auto","background-attachment":"scroll","background-type":"","background-media":"","overlay-type":"","overlay-color":"","overlay-opacity":"","overlay-gradient":""},"mobile":{"background-color":"","background-image":"","background-repeat":"repeat","background-position":"center center","background-size":"auto","background-attachment":"scroll","background-type":"","background-media":"","overlay-type":"","overlay-color":"","overlay-opacity":"","overlay-gradient":""}},"ast-content-background-meta":{"desktop":{"background-color":"var(--ast-global-color-5)","background-image":"","background-repeat":"repeat","background-position":"center center","background-size":"auto","background-attachment":"scroll","background-type":"","background-media":"","overlay-type":"","overlay-color":"","overlay-opacity":"","overlay-gradient":""},"tablet":{"background-color":"var(--ast-global-color-5)","background-image":"","background-repeat":"repeat","background-position":"center center","background-size":"auto","background-attachment":"scroll","background-type":"","background-media":"","overlay-type":"","overlay-color":"","overlay-opacity":"","overlay-gradient":""},"mobile":{"background-color":"var(--ast-global-color-5)","background-image":"","background-repeat":"repeat","background-position":"center center","background-size":"auto","background-attachment":"scroll","background-type":"","background-media":"","overlay-type":"","overlay-color":"","overlay-opacity":"","overlay-gradient":""}},"_joinchat":[]},"product_brand":[],"product_cat":[41,42],"product_tag":[],"class_list":{"0":"post-2903","1":"product","2":"type-product","3":"status-publish","4":"has-post-thumbnail","6":"product_cat-cusco-machu-picchu-es","7":"product_cat-aventuras-cusco","8":"desktop-align-center","9":"tablet-align-center","10":"mobile-align-center","11":"ast-product-gallery-layout-horizontal-slider","12":"ast-product-gallery-with-no-image","13":"ast-product-tabs-layout-horizontal","15":"first","16":"instock","17":"shipping-taxable","18":"purchasable","19":"product-type-simple"},"_links":{"self":[{"href":"https:\/\/www.prideperutravel.com\/es\/wp-json\/wp\/v2\/product\/2903","targetHints":{"allow":["GET"]}}],"collection":[{"href":"https:\/\/www.prideperutravel.com\/es\/wp-json\/wp\/v2\/product"}],"about":[{"href":"https:\/\/www.prideperutravel.com\/es\/wp-json\/wp\/v2\/types\/product"}],"version-history":[{"count":3,"href":"https:\/\/www.prideperutravel.com\/es\/wp-json\/wp\/v2\/product\/2903\/revisions"}],"predecessor-version":[{"id":3348,"href":"https:\/\/www.prideperutravel.com\/es\/wp-json\/wp\/v2\/product\/2903\/revisions\/3348"}],"wp:featuredmedia":[{"embeddable":true,"href":"https:\/\/www.prideperutravel.com\/es\/wp-json\/wp\/v2\/media\/2891"}],"wp:attachment":[{"href":"https:\/\/www.prideperutravel.com\/es\/wp-json\/wp\/v2\/media?parent=2903"}],"wp:term":[{"taxonomy":"product_brand","embeddable":true,"href":"https:\/\/www.prideperutravel.com\/es\/wp-json\/wp\/v2\/product_brand?post=2903"},{"taxonomy":"product_cat","embeddable":true,"href":"https:\/\/www.prideperutravel.com\/es\/wp-json\/wp\/v2\/product_cat?post=2903"},{"taxonomy":"product_tag","embeddable":true,"href":"https:\/\/www.prideperutravel.com\/es\/wp-json\/wp\/v2\/product_tag?post=2903"}],"curies":[{"name":"wp","href":"https:\/\/api.w.org\/{rel}","templated":true}]}}