{"id":2959,"date":"2022-01-20T11:03:41","date_gmt":"2022-01-20T16:03:41","guid":{"rendered":"https:\/\/www.prideperutravel.com\/tour\/sin%20categor\u00eda\/caminata-montana-de-colores-y-valle-rojo\/"},"modified":"2022-02-02T12:23:28","modified_gmt":"2022-02-02T17:23:28","slug":"caminata-montana-de-colores-y-valle-rojo","status":"publish","type":"product","link":"https:\/\/www.prideperutravel.com\/es\/tour\/cusco-machu-picchu-es\/cusco-caminatas\/caminata-montana-de-colores-y-valle-rojo\/","title":{"rendered":"Caminata Monta\u00f1a de Colores y Valle Rojo"},"content":{"rendered":"<h3><span style=\"color: #008000;\"><strong>Itinerario:<\/strong><\/span><\/h3>\n<p style=\"text-align: justify;\">Traslado entre las 04:00 y 04:30 am desde su alojamiento en Cusco. Abordaremos nuestro transporte tur\u00edstico para dirigirnos a Quiquijana, donde degustaremos un delicioso desayuno buffet en nuestro restaurante.<\/p>\n<p style=\"text-align: justify;\">Despu\u00e9s del desayuno, continuaremos nuestro viaje hasta el punto de control en Llaqta.<\/p>\n<p style=\"text-align: justify;\">Luego de unos minutos m\u00e1s en transporte, llegaremos a Phulawasipata (estacionamiento de veh\u00edculos), desde donde iniciaremos nuestra caminata. Antes de iniciar la caminata, nuestro gu\u00eda nos dar\u00e1 algunas recomendaciones para iniciar nuestra aventura hacia La Monta\u00f1a de Colores.<\/p>\n<p style=\"text-align: justify;\">Caminaremos por aproximadamente 1 hora y 30 minutos hasta el Cerro Vinicunca o Cerro 7 Colores 5,036 m.s.n.m. En la parte m\u00e1s alta de la monta\u00f1a disfrutaremos de una vista panor\u00e1mica de la monta\u00f1a Vinicunca o Monta\u00f1a de Colores. Adem\u00e1s, podremos observar el nevado Ausangate (es la quinta monta\u00f1a m\u00e1s alta del Per\u00fa, su altitud m\u00e1xima es de 6.385 m.s.n.m.).<\/p>\n<p style=\"text-align: justify;\">Podemos estar 20 minutos en la parte m\u00e1s alta de la monta\u00f1a, para evitar algunas molestias por la altura. Nuestro gu\u00eda os dar\u00e1 tiempo libre para hacer las mejores fotos posibles y llevaros un buen recuerdo del lugar.<\/p>\n<p style=\"text-align: justify;\">Luego, iniciaremos la caminata hacia el Valle Rojo por aproximadamente 30 minutos. Llegaremos a las vistas del Valle Rojo ubicado a 5.038 m.s.n.m. Estaremos el mirador durante 15 minutos.<\/p>\n<p style=\"text-align: justify;\">Regresaremos y regresaremos caminando al estacionamiento, nuestro conductor nos esperar\u00e1.<\/p>\n<p style=\"text-align: justify;\">Luego de aproximadamente 1 hora y 30 minutos llegaremos al restaurante en Quiquijana donde degustaremos de nuestro delicioso almuerzo buffet.<\/p>\n<p style=\"text-align: justify;\">Abordaremos nuestro transporte y luego de aproximadamente 2 horas llegaremos a la ciudad del Cusco a la Plaza Regocijo, a 2 cuadras de la Plaza de Armas.<\/p>\n<h3><span style=\"color: #008000;\"><strong>Qu\u00e9 est\u00e1 incluido:<\/strong><\/span><\/h3>\n<ul>\n<li>Recojo del alojamiento en Cusco<\/li>\n<li>Transporte<\/li>\n<li>Desayuno y almuerzo<\/li>\n<li>Gu\u00eda profesional en ingl\u00e9s o espa\u00f1ol.<\/li>\n<li>Entradas a la monta\u00f1a del arco iris<\/li>\n<li>Entradas al Valle Rojo<\/li>\n<li>Ox\u00edgeno y comunicaci\u00f3n por radio.<\/li>\n<\/ul>\n<h3><span style=\"color: #008000;\"><strong>No Incluye:<\/strong><\/span><\/h3>\n<ul>\n<li>Comidas no especificadas en el itinerario.<\/li>\n<li>Caballos<\/li>\n<\/ul>\n<h3><span style=\"color: #008000;\"><strong>Lista de embalaje recomendada<\/strong><\/span><\/h3>\n<ul>\n<li>Snack (frutas secas, galletas, dulces, chocolates, etc.)<\/li>\n<li>Zapatos para caminar o zapatillas de deporte<\/li>\n<li>Equipo completo para lluvia o poncho (de noviembre a abril)<\/li>\n<li>Pantalones de senderismo ligeros<\/li>\n<li>Sombrero o gorra<\/li>\n<li>Gafas de sol<\/li>\n<li>Protector solar<\/li>\n<li>C\u00e1maras fotogr\u00e1ficas \/ de video y cargadores<\/li>\n<li>Botella de agua<\/li>\n<\/ul>\n","protected":false},"excerpt":{"rendered":"<p><strong>Descripci\u00f3n<\/strong><\/p>\n<p><strong>CODIGO: PVT-TR006-A<\/strong><\/p>\n<ul>\n<li><strong> Salida: todos los d\u00edas<\/strong><\/li>\n<li><strong> Duraci\u00f3n: d\u00eda completo<\/strong><\/li>\n<\/ul>\n","protected":false},"featured_media":2954,"template":"","meta":{"site-sidebar-layout":"default","site-content-layout":"default","ast-site-content-layout":"default","site-content-style":"default","site-sidebar-style":"default","ast-global-header-display":"","ast-banner-title-visibility":"","ast-main-header-display":"","ast-hfb-above-header-display":"","ast-hfb-below-header-display":"","ast-hfb-mobile-header-display":"","site-post-title":"","ast-breadcrumbs-content":"","ast-featured-img":"","footer-sml-layout":"","theme-transparent-header-meta":"","adv-header-id-meta":"","stick-header-meta":"","header-above-stick-meta":"","header-main-stick-meta":"","header-below-stick-meta":"","astra-migrate-meta-layouts":"default","ast-page-background-enabled":"default","ast-page-background-meta":{"desktop":{"background-color":"var(--ast-global-color-4)","background-image":"","background-repeat":"repeat","background-position":"center center","background-size":"auto","background-attachment":"scroll","background-type":"","background-media":"","overlay-type":"","overlay-color":"","overlay-opacity":"","overlay-gradient":""},"tablet":{"background-color":"","background-image":"","background-repeat":"repeat","background-position":"center center","background-size":"auto","background-attachment":"scroll","background-type":"","background-media":"","overlay-type":"","overlay-color":"","overlay-opacity":"","overlay-gradient":""},"mobile":{"background-color":"","background-image":"","background-repeat":"repeat","background-position":"center center","background-size":"auto","background-attachment":"scroll","background-type":"","background-media":"","overlay-type":"","overlay-color":"","overlay-opacity":"","overlay-gradient":""}},"ast-content-background-meta":{"desktop":{"background-color":"var(--ast-global-color-5)","background-image":"","background-repeat":"repeat","background-position":"center center","background-size":"auto","background-attachment":"scroll","background-type":"","background-media":"","overlay-type":"","overlay-color":"","overlay-opacity":"","overlay-gradient":""},"tablet":{"background-color":"var(--ast-global-color-5)","background-image":"","background-repeat":"repeat","background-position":"center center","background-size":"auto","background-attachment":"scroll","background-type":"","background-media":"","overlay-type":"","overlay-color":"","overlay-opacity":"","overlay-gradient":""},"mobile":{"background-color":"var(--ast-global-color-5)","background-image":"","background-repeat":"repeat","background-position":"center center","background-size":"auto","background-attachment":"scroll","background-type":"","background-media":"","overlay-type":"","overlay-color":"","overlay-opacity":"","overlay-gradient":""}},"_joinchat":[]},"product_brand":[],"product_cat":[41,45],"product_tag":[],"class_list":{"0":"post-2959","1":"product","2":"type-product","3":"status-publish","4":"has-post-thumbnail","6":"product_cat-cusco-machu-picchu-es","7":"product_cat-cusco-caminatas","8":"desktop-align-center","9":"tablet-align-center","10":"mobile-align-center","11":"ast-product-gallery-layout-horizontal-slider","12":"ast-product-gallery-with-no-image","13":"ast-product-tabs-layout-horizontal","15":"first","16":"instock","17":"shipping-taxable","18":"purchasable","19":"product-type-simple"},"_links":{"self":[{"href":"https:\/\/www.prideperutravel.com\/es\/wp-json\/wp\/v2\/product\/2959","targetHints":{"allow":["GET"]}}],"collection":[{"href":"https:\/\/www.prideperutravel.com\/es\/wp-json\/wp\/v2\/product"}],"about":[{"href":"https:\/\/www.prideperutravel.com\/es\/wp-json\/wp\/v2\/types\/product"}],"version-history":[{"count":2,"href":"https:\/\/www.prideperutravel.com\/es\/wp-json\/wp\/v2\/product\/2959\/revisions"}],"predecessor-version":[{"id":3345,"href":"https:\/\/www.prideperutravel.com\/es\/wp-json\/wp\/v2\/product\/2959\/revisions\/3345"}],"wp:featuredmedia":[{"embeddable":true,"href":"https:\/\/www.prideperutravel.com\/es\/wp-json\/wp\/v2\/media\/2954"}],"wp:attachment":[{"href":"https:\/\/www.prideperutravel.com\/es\/wp-json\/wp\/v2\/media?parent=2959"}],"wp:term":[{"taxonomy":"product_brand","embeddable":true,"href":"https:\/\/www.prideperutravel.com\/es\/wp-json\/wp\/v2\/product_brand?post=2959"},{"taxonomy":"product_cat","embeddable":true,"href":"https:\/\/www.prideperutravel.com\/es\/wp-json\/wp\/v2\/product_cat?post=2959"},{"taxonomy":"product_tag","embeddable":true,"href":"https:\/\/www.prideperutravel.com\/es\/wp-json\/wp\/v2\/product_tag?post=2959"}],"curies":[{"name":"wp","href":"https:\/\/api.w.org\/{rel}","templated":true}]}}