{"id":565,"date":"2021-12-16T15:03:52","date_gmt":"2021-12-16T20:03:53","guid":{"rendered":"https:\/\/www.prideperutravel.com\/?post_type=product&#038;p=565"},"modified":"2025-05-07T10:38:59","modified_gmt":"2025-05-07T15:38:59","slug":"cusco-machu-picchu-maras-valle-sur-6d-5n","status":"publish","type":"product","link":"https:\/\/www.prideperutravel.com\/es\/tour\/cusco-machu-picchu-es\/paquetes-en-cusco\/cusco-machu-picchu-maras-valle-sur-6d-5n\/","title":{"rendered":"Cusco &#038; Machu Picchu &#038; Maras &#038; Valle Sur (6d\/5n)"},"content":{"rendered":"\t\t<div data-elementor-type=\"product-post\" data-elementor-id=\"565\" class=\"elementor elementor-565 elementor-556\" data-elementor-post-type=\"product\">\n\t\t\t\t\t\t<section class=\"elementor-section elementor-top-section elementor-element elementor-element-ddd3d10 elementor-section-boxed elementor-section-height-default elementor-section-height-default\" data-id=\"ddd3d10\" data-element_type=\"section\">\n\t\t\t\t\t\t<div class=\"elementor-container elementor-column-gap-default\">\n\t\t\t\t\t<div class=\"elementor-column elementor-col-100 elementor-top-column elementor-element elementor-element-6c6be4b\" data-id=\"6c6be4b\" data-element_type=\"column\">\n\t\t\t<div class=\"elementor-widget-wrap elementor-element-populated\">\n\t\t\t\t\t\t<div class=\"elementor-element elementor-element-3714b10 elementor-widget elementor-widget-heading\" data-id=\"3714b10\" data-element_type=\"widget\" data-widget_type=\"heading.default\">\n\t\t\t\t<div class=\"elementor-widget-container\">\n\t\t\t\t\t<h3 class=\"elementor-heading-title elementor-size-default\">Itinerario<\/h3>\t\t\t\t<\/div>\n\t\t\t\t<\/div>\n\t\t\t\t<div class=\"elementor-element elementor-element-4249003 elementor-widget elementor-widget-accordion\" data-id=\"4249003\" data-element_type=\"widget\" data-widget_type=\"accordion.default\">\n\t\t\t\t<div class=\"elementor-widget-container\">\n\t\t\t\t\t\t\t<div class=\"elementor-accordion\">\n\t\t\t\t\t\t\t<div class=\"elementor-accordion-item\">\n\t\t\t\t\t<div id=\"elementor-tab-title-6951\" class=\"elementor-tab-title\" data-tab=\"1\" role=\"button\" aria-controls=\"elementor-tab-content-6951\" aria-expanded=\"false\">\n\t\t\t\t\t\t\t\t\t\t\t\t\t<span class=\"elementor-accordion-icon elementor-accordion-icon-left\" aria-hidden=\"true\">\n\t\t\t\t\t\t\t\t\t\t\t\t\t\t\t<span class=\"elementor-accordion-icon-closed\"><i class=\"fas fa-plus\"><\/i><\/span>\n\t\t\t\t\t\t\t\t<span class=\"elementor-accordion-icon-opened\"><i class=\"fas fa-minus\"><\/i><\/span>\n\t\t\t\t\t\t\t\t\t\t\t\t\t\t<\/span>\n\t\t\t\t\t\t\t\t\t\t\t\t<a class=\"elementor-accordion-title\" tabindex=\"0\">D\u00eda 1: Llegada a Cusco<\/a>\n\t\t\t\t\t<\/div>\n\t\t\t\t\t<div id=\"elementor-tab-content-6951\" class=\"elementor-tab-content elementor-clearfix\" data-tab=\"1\" role=\"region\" aria-labelledby=\"elementor-tab-title-6951\"><p style=\"text-align: justify;\">A su llegada a Cusco, recepci\u00f3n en el aeropuerto \/ estaci\u00f3n de autobuses y traslado al hotel\u00a0 en el centro de la ciudad.<br \/><strong>** Nota: Recomendamos llegar a Cusco antes de las 11am.<br \/><\/strong><strong>Tarde: Cusco City Tour<br \/><\/strong>Por la tarde, alrededor de la 1:10pm, recojo de su hotel a Cusco City Tour. El tour comenzar\u00e1 visitando el Templo del Sol o Qorikancha, Sacsayhuaman, Kenko, PucaPucara y Tambomachay. Y regreso a las 7:00 pm.<br \/><br \/>La tarde ser\u00e1 libre para descansar y aclimatarse a la altitud.<\/p><p style=\"text-align: justify;\">Pernocte en Cusco.<\/p><\/div>\n\t\t\t\t<\/div>\n\t\t\t\t\t\t\t<div class=\"elementor-accordion-item\">\n\t\t\t\t\t<div id=\"elementor-tab-title-6952\" class=\"elementor-tab-title\" data-tab=\"2\" role=\"button\" aria-controls=\"elementor-tab-content-6952\" aria-expanded=\"false\">\n\t\t\t\t\t\t\t\t\t\t\t\t\t<span class=\"elementor-accordion-icon elementor-accordion-icon-left\" aria-hidden=\"true\">\n\t\t\t\t\t\t\t\t\t\t\t\t\t\t\t<span class=\"elementor-accordion-icon-closed\"><i class=\"fas fa-plus\"><\/i><\/span>\n\t\t\t\t\t\t\t\t<span class=\"elementor-accordion-icon-opened\"><i class=\"fas fa-minus\"><\/i><\/span>\n\t\t\t\t\t\t\t\t\t\t\t\t\t\t<\/span>\n\t\t\t\t\t\t\t\t\t\t\t\t<a class=\"elementor-accordion-title\" tabindex=\"0\">D\u00eda 2: D\u00eda completo:. Valle Sagrado<\/a>\n\t\t\t\t\t<\/div>\n\t\t\t\t\t<div id=\"elementor-tab-content-6952\" class=\"elementor-tab-content elementor-clearfix\" data-tab=\"2\" role=\"region\" aria-labelledby=\"elementor-tab-title-6952\"><p style=\"text-align: justify;\">Despu\u00e9s de un delicioso desayuno, recogeremos en su hotel alrededor de las 8:30am para el maravilloso Tour Valle Sagrado de los Incas y visitaremos el parque arqueol\u00f3gico Pisac y su mercado tradicional, disfrutaremos de un delicioso almuerzo buffet en Urubamba, luego visitaremos la maravillosa ciudad de Ollantaytambo. , donde deber\u00eda caminar por las calles empedradas que mantienen viva la cultura inca que nos hace retroceder en el tiempo. Finalmente, y de regreso, visitaremos el distrito de Chinchero, conocido como la ciudad de Arco Iris, donde podemos ver las monta\u00f1as de los Andes hasta Salkantay, los nevados por Veronica y Soray, su hermosa iglesia, sus talentosos artesanos, donde pueden comprar sus hermosos productos hechos a mano. Regresaremos a Cusco alrededor de las 7:30 pm.<\/p><p style=\"text-align: justify;\">La noche ser\u00e1 libre para relajarse y cenar en el restaurante de su elecci\u00f3n.<\/p><p style=\"text-align: justify;\">Pernocte en Cusco.<\/p><\/div>\n\t\t\t\t<\/div>\n\t\t\t\t\t\t\t<div class=\"elementor-accordion-item\">\n\t\t\t\t\t<div id=\"elementor-tab-title-6953\" class=\"elementor-tab-title\" data-tab=\"3\" role=\"button\" aria-controls=\"elementor-tab-content-6953\" aria-expanded=\"false\">\n\t\t\t\t\t\t\t\t\t\t\t\t\t<span class=\"elementor-accordion-icon elementor-accordion-icon-left\" aria-hidden=\"true\">\n\t\t\t\t\t\t\t\t\t\t\t\t\t\t\t<span class=\"elementor-accordion-icon-closed\"><i class=\"fas fa-plus\"><\/i><\/span>\n\t\t\t\t\t\t\t\t<span class=\"elementor-accordion-icon-opened\"><i class=\"fas fa-minus\"><\/i><\/span>\n\t\t\t\t\t\t\t\t\t\t\t\t\t\t<\/span>\n\t\t\t\t\t\t\t\t\t\t\t\t<a class=\"elementor-accordion-title\" tabindex=\"0\">D\u00eda 3: D\u00eda completo:. Machu Picchu tour<\/a>\n\t\t\t\t\t<\/div>\n\t\t\t\t\t<div id=\"elementor-tab-content-6953\" class=\"elementor-tab-content elementor-clearfix\" data-tab=\"3\" role=\"region\" aria-labelledby=\"elementor-tab-title-6953\"><p style=\"text-align: justify;\">Recojo de nuestro hotel en Cusco por la ma\u00f1ana alrededor de las 3am. Iremos a la estaci\u00f3n de tren en Ollantaytambo, aproximadamente a la 1.30h de Cusco, luego nos embarcaremos en este extraordinario viaje en tren a Machu Picchu, donde tendr\u00e1 hermosas vistas. El tren pasa a trav\u00e9s de hermosos ecosistemas y luego tiene su c\u00e1mara lista para tomar fotos.<\/p><p style=\"text-align: justify;\">Aproximadamente 4 horas despu\u00e9s de nuestra partida de Cusco, llegaremos a la estaci\u00f3n de tren en Aguas Calientes (la ciudad ubicada en la parte inferior de Machu Picchu). Donde nuestro experto gu\u00eda estar\u00e1 esperando. Juntos tomaremos el bus de Aguas Calientes a Machu Picchu que dura 25 minutos.<\/p><p style=\"text-align: justify;\">Al llegar a Machu Picchu, ingresaremos al sitio (no olvide su pasaporte), y nuestro gu\u00eda nos dar\u00e1 un recorrido por la ciudadela durante 2-3 horas. Despu\u00e9s de la visita guiada, habr\u00e1 tiempo libre para explorar, tomar fotos o caminar como el Puerta del Sol (IntiPunku).<\/p><p style=\"text-align: justify;\">Despu\u00e9s de explorar Machu Picchu, tomaremos el bus de regreso a Aguas Calientes. Luego puede disfrutar de los restaurantes, explorar el pueblo o relajarse.<\/p><p style=\"text-align: justify;\">Por la tarde, tomaremos el tren de regreso a Ollantaytambo, donde nuestro conductor lo estar\u00e1 esperando y nos llevar\u00e1 de regreso a nuestro alojamiento en Cusco.<\/p><p style=\"text-align: justify;\">Pernocte en Cusco.<\/p><\/div>\n\t\t\t\t<\/div>\n\t\t\t\t\t\t\t<div class=\"elementor-accordion-item\">\n\t\t\t\t\t<div id=\"elementor-tab-title-6954\" class=\"elementor-tab-title\" data-tab=\"4\" role=\"button\" aria-controls=\"elementor-tab-content-6954\" aria-expanded=\"false\">\n\t\t\t\t\t\t\t\t\t\t\t\t\t<span class=\"elementor-accordion-icon elementor-accordion-icon-left\" aria-hidden=\"true\">\n\t\t\t\t\t\t\t\t\t\t\t\t\t\t\t<span class=\"elementor-accordion-icon-closed\"><i class=\"fas fa-plus\"><\/i><\/span>\n\t\t\t\t\t\t\t\t<span class=\"elementor-accordion-icon-opened\"><i class=\"fas fa-minus\"><\/i><\/span>\n\t\t\t\t\t\t\t\t\t\t\t\t\t\t<\/span>\n\t\t\t\t\t\t\t\t\t\t\t\t<a class=\"elementor-accordion-title\" tabindex=\"0\">D\u00eda 4: Ma\u00f1ana: tour de medio d\u00eda por el Valle Sur<\/a>\n\t\t\t\t\t<\/div>\n\t\t\t\t\t<div id=\"elementor-tab-content-6954\" class=\"elementor-tab-content elementor-clearfix\" data-tab=\"4\" role=\"region\" aria-labelledby=\"elementor-tab-title-6954\"><p style=\"text-align: justify;\">Lo recogemos de su alojamiento aproximadamente a las 9:00am para visitar lugares incre\u00edbles en la parte sureste de Cusco. Este tour es conocido por combinar la belleza natural, la arquitectura inca en Tipon, la arquitectura pre-inca wari en Pikillacta, visitar Andahuaylillas, su hermosa capilla, conocida como la \u00abCapilla Sixtina de Am\u00e9rica\u00bb. Regresaremos a Cusco a las 3pm.<\/p><p style=\"text-align: justify;\">** Se puede cambiar por la caminata de d\u00eda completo a la Monta\u00f1a de Colores **<\/p><p style=\"text-align: justify;\">Pernocte en Cusco.<\/p><\/div>\n\t\t\t\t<\/div>\n\t\t\t\t\t\t\t<div class=\"elementor-accordion-item\">\n\t\t\t\t\t<div id=\"elementor-tab-title-6955\" class=\"elementor-tab-title\" data-tab=\"5\" role=\"button\" aria-controls=\"elementor-tab-content-6955\" aria-expanded=\"false\">\n\t\t\t\t\t\t\t\t\t\t\t\t\t<span class=\"elementor-accordion-icon elementor-accordion-icon-left\" aria-hidden=\"true\">\n\t\t\t\t\t\t\t\t\t\t\t\t\t\t\t<span class=\"elementor-accordion-icon-closed\"><i class=\"fas fa-plus\"><\/i><\/span>\n\t\t\t\t\t\t\t\t<span class=\"elementor-accordion-icon-opened\"><i class=\"fas fa-minus\"><\/i><\/span>\n\t\t\t\t\t\t\t\t\t\t\t\t\t\t<\/span>\n\t\t\t\t\t\t\t\t\t\t\t\t<a class=\"elementor-accordion-title\" tabindex=\"0\">D\u00eda 5: Ma\u00f1ana: Maras y Moray medio d\u00eda<\/a>\n\t\t\t\t\t<\/div>\n\t\t\t\t\t<div id=\"elementor-tab-content-6955\" class=\"elementor-tab-content elementor-clearfix\" data-tab=\"5\" role=\"region\" aria-labelledby=\"elementor-tab-title-6955\"><p style=\"text-align: justify;\">Salimos de nuestro alojamiento alrededor de las 8:30am. Primera visita a Moray, que consiste en varias terrazas agr\u00edcolas circulares construidas por los incas en sumideros naturales en una meseta de piedra caliza que domina el valle de Urubamba. Se ha sugerido que las terrazas tienen un significado cosmol\u00f3gico, pero su funci\u00f3n adem\u00e1s de los fines agr\u00edcolas, a\u00fan no est\u00e1 clara. Luego visitaremos la ciudad colonial de Maras. Esta es una importante mina de sal explotada durante los tiempos incas y m\u00e1s tarde durante la era colonial. Muestra las minas de sal en antiguas terrazas y estanques. Regreso a Cusco alrededor de las 3pm.<\/p><p style=\"text-align: justify;\">Pernocte en Cusco.<\/p><\/div>\n\t\t\t\t<\/div>\n\t\t\t\t\t\t\t<div class=\"elementor-accordion-item\">\n\t\t\t\t\t<div id=\"elementor-tab-title-6956\" class=\"elementor-tab-title\" data-tab=\"6\" role=\"button\" aria-controls=\"elementor-tab-content-6956\" aria-expanded=\"false\">\n\t\t\t\t\t\t\t\t\t\t\t\t\t<span class=\"elementor-accordion-icon elementor-accordion-icon-left\" aria-hidden=\"true\">\n\t\t\t\t\t\t\t\t\t\t\t\t\t\t\t<span class=\"elementor-accordion-icon-closed\"><i class=\"fas fa-plus\"><\/i><\/span>\n\t\t\t\t\t\t\t\t<span class=\"elementor-accordion-icon-opened\"><i class=\"fas fa-minus\"><\/i><\/span>\n\t\t\t\t\t\t\t\t\t\t\t\t\t\t<\/span>\n\t\t\t\t\t\t\t\t\t\t\t\t<a class=\"elementor-accordion-title\" tabindex=\"0\">D\u00eda 6: Salida de Cusco<\/a>\n\t\t\t\t\t<\/div>\n\t\t\t\t\t<div id=\"elementor-tab-content-6956\" class=\"elementor-tab-content elementor-clearfix\" data-tab=\"6\" role=\"region\" aria-labelledby=\"elementor-tab-title-6956\"><p>Desayuno en el hotel y traslado al aeropuerto para tomar el vuelo de regreso.<\/p><p>Fin de nuestros servicios!<\/p><\/div>\n\t\t\t\t<\/div>\n\t\t\t\t\t\t\t\t<\/div>\n\t\t\t\t\t\t<\/div>\n\t\t\t\t<\/div>\n\t\t\t\t<div class=\"elementor-element elementor-element-be092f9 elementor-widget elementor-widget-text-editor\" data-id=\"be092f9\" data-element_type=\"widget\" data-widget_type=\"text-editor.default\">\n\t\t\t\t<div class=\"elementor-widget-container\">\n\t\t\t\t\t\t\t\t\t<h3><span style=\"color: #008000;\"><strong>Que est\u00e1 incluido:<\/strong><\/span><\/h3><ul><li>Traslados aeropuerto &#8211; hotel &#8211; aeropuerto (o terminal de bus)<\/li><li>5 noches en Cusco<\/li><li>Desayuno incluido<\/li><li>Almuerzo Buffet en Urubamba.<\/li><li>City tour en Cusco<\/li><li>Tour al Valle Sagrado de los Incas.<\/li><li>Tour al sur del valle<\/li><li>Maras y Moray<\/li><li>Movilidad para todos los tours mencionados.<\/li><li>Visita guiada en ingl\u00e9s o espa\u00f1ol.<\/li><li>BTG (ticket tur\u00edstico general).<\/li><li>Todas las entradas.<\/li><li>Ticket de bus: Aguas Calientes-Machu Picchu-Aguas Calientes.<\/li><li>Ticket de tren Ollantaytambo-Aguas Calientes-Ollantaytambo<\/li><li>Todos los traslados.<\/li><li>Soporte 24\/7<\/li><\/ul><h3><span style=\"color: #008000;\"><strong>No incluido:<\/strong><\/span><\/h3><ul><li>Comidas no especificadas en el itinerario.<\/li><li>Vuelo \/ bus desde \/ hacia cusco.<\/li><li>Propinas<\/li><\/ul><h3><span style=\"color: #008000;\"><strong>Lista recomendada<\/strong><\/span><\/h3><ul><li>Snacks (frutas secas, galletas, dulces, chocolates, etc.)<\/li><li>Zapatos para caminar o zapatillas de deporte<\/li><li>Equipo completo para lluvia o poncho (de noviembre a abril)<\/li><li>Guantes<\/li><li>Sombrero o gorra<\/li><li>Gafas de sol<\/li><li>Protector solar<\/li><li>Art\u00edculos de tocador (champ\u00fa, jab\u00f3n, crema corporal)<\/li><li>C\u00e1maras de fotos \/ video y cargadores.<\/li><li>Botella de agua<\/li><\/ul>\t\t\t\t\t\t\t\t<\/div>\n\t\t\t\t<\/div>\n\t\t\t\t\t<\/div>\n\t\t<\/div>\n\t\t\t\t\t<\/div>\n\t\t<\/section>\n\t\t\t\t<\/div>\n\t\t","protected":false},"excerpt":{"rendered":"<p><strong>C\u00d3DIGO: PVT-CP003<\/strong><\/p>\n<ul>\n<li><strong>Salida: Diaria.<\/strong><\/li>\n<li><strong>Duraci\u00f3n: 6 d\u00edas \/ 5 noches.<\/strong><\/li>\n<\/ul>\n","protected":false},"featured_media":2842,"template":"","meta":{"site-sidebar-layout":"no-sidebar","site-content-layout":"page-builder","ast-site-content-layout":"full-width-container","site-content-style":"unboxed","site-sidebar-style":"unboxed","ast-global-header-display":"","ast-banner-title-visibility":"","ast-main-header-display":"","ast-hfb-above-header-display":"","ast-hfb-below-header-display":"","ast-hfb-mobile-header-display":"","site-post-title":"disabled","ast-breadcrumbs-content":"","ast-featured-img":"disabled","footer-sml-layout":"","theme-transparent-header-meta":"default","adv-header-id-meta":"","stick-header-meta":"default","header-above-stick-meta":"","header-main-stick-meta":"","header-below-stick-meta":"","astra-migrate-meta-layouts":"set","ast-page-background-enabled":"default","ast-page-background-meta":{"desktop":{"background-color":"var(--ast-global-color-4)","background-image":"","background-repeat":"repeat","background-position":"center center","background-size":"auto","background-attachment":"scroll","background-type":"","background-media":"","overlay-type":"","overlay-color":"","overlay-opacity":"","overlay-gradient":""},"tablet":{"background-color":"","background-image":"","background-repeat":"repeat","background-position":"center center","background-size":"auto","background-attachment":"scroll","background-type":"","background-media":"","overlay-type":"","overlay-color":"","overlay-opacity":"","overlay-gradient":""},"mobile":{"background-color":"","background-image":"","background-repeat":"repeat","background-position":"center center","background-size":"auto","background-attachment":"scroll","background-type":"","background-media":"","overlay-type":"","overlay-color":"","overlay-opacity":"","overlay-gradient":""}},"ast-content-background-meta":{"desktop":{"background-color":"var(--ast-global-color-5)","background-image":"","background-repeat":"repeat","background-position":"center center","background-size":"auto","background-attachment":"scroll","background-type":"","background-media":"","overlay-type":"","overlay-color":"","overlay-opacity":"","overlay-gradient":""},"tablet":{"background-color":"var(--ast-global-color-5)","background-image":"","background-repeat":"repeat","background-position":"center center","background-size":"auto","background-attachment":"scroll","background-type":"","background-media":"","overlay-type":"","overlay-color":"","overlay-opacity":"","overlay-gradient":""},"mobile":{"background-color":"var(--ast-global-color-5)","background-image":"","background-repeat":"repeat","background-position":"center center","background-size":"auto","background-attachment":"scroll","background-type":"","background-media":"","overlay-type":"","overlay-color":"","overlay-opacity":"","overlay-gradient":""}},"_joinchat":[]},"product_brand":[],"product_cat":[41,122],"product_tag":[],"class_list":{"0":"post-565","1":"product","2":"type-product","3":"status-publish","4":"has-post-thumbnail","6":"product_cat-cusco-machu-picchu-es","7":"product_cat-paquetes-en-cusco","8":"desktop-align-center","9":"tablet-align-center","10":"mobile-align-center","11":"ast-product-gallery-layout-horizontal-slider","12":"ast-product-gallery-with-no-image","13":"ast-product-single-variable","14":"ast-product-tabs-layout-horizontal","16":"first","17":"instock","18":"shipping-taxable","19":"purchasable","20":"product-type-variable"},"_links":{"self":[{"href":"https:\/\/www.prideperutravel.com\/es\/wp-json\/wp\/v2\/product\/565","targetHints":{"allow":["GET"]}}],"collection":[{"href":"https:\/\/www.prideperutravel.com\/es\/wp-json\/wp\/v2\/product"}],"about":[{"href":"https:\/\/www.prideperutravel.com\/es\/wp-json\/wp\/v2\/types\/product"}],"version-history":[{"count":9,"href":"https:\/\/www.prideperutravel.com\/es\/wp-json\/wp\/v2\/product\/565\/revisions"}],"predecessor-version":[{"id":5123,"href":"https:\/\/www.prideperutravel.com\/es\/wp-json\/wp\/v2\/product\/565\/revisions\/5123"}],"wp:featuredmedia":[{"embeddable":true,"href":"https:\/\/www.prideperutravel.com\/es\/wp-json\/wp\/v2\/media\/2842"}],"wp:attachment":[{"href":"https:\/\/www.prideperutravel.com\/es\/wp-json\/wp\/v2\/media?parent=565"}],"wp:term":[{"taxonomy":"product_brand","embeddable":true,"href":"https:\/\/www.prideperutravel.com\/es\/wp-json\/wp\/v2\/product_brand?post=565"},{"taxonomy":"product_cat","embeddable":true,"href":"https:\/\/www.prideperutravel.com\/es\/wp-json\/wp\/v2\/product_cat?post=565"},{"taxonomy":"product_tag","embeddable":true,"href":"https:\/\/www.prideperutravel.com\/es\/wp-json\/wp\/v2\/product_tag?post=565"}],"curies":[{"name":"wp","href":"https:\/\/api.w.org\/{rel}","templated":true}]}}