{"id":692,"date":"2021-12-16T16:51:55","date_gmt":"2021-12-16T21:51:55","guid":{"rendered":"https:\/\/www.prideperutravel.com\/tour\/sin%20categor\u00eda\/tour-inmersion-cultural\/"},"modified":"2022-02-02T15:53:28","modified_gmt":"2022-02-02T20:53:28","slug":"tour-inmersion-cultural","status":"publish","type":"product","link":"https:\/\/www.prideperutravel.com\/es\/tour\/cusco-machu-picchu-es\/cusco-tradicional\/tour-inmersion-cultural\/","title":{"rendered":"Tour Inmersi\u00f3n Cultural"},"content":{"rendered":"<h3><span style=\"color: #008000;\"><strong>Itinerario:<\/strong><\/span><\/h3>\n<p style=\"text-align: justify;\">La recogida en su hotel es alrededor de las 8:00 para el maravilloso recorrido del Valle Sagrado de los Incas, donde se dirigir\u00e1 a la aldea de Chincheros y a la Comunidad a unos 20 minutos de Chincheros.<\/p>\n<p style=\"text-align: justify;\">A su llegada, ser\u00e1n recibidos con m\u00fasica y bailes locales. Despu\u00e9s de la bienvenida, comenzar\u00e1 nuestras actividades en los campos. Donde podr\u00e1 participar en la agricultura local, los cultivos m\u00e1s comunes son la papa y la quinua. Aprenderemos sobre los m\u00e9todos incas de plantar, cosechar, almacenar y transportar cultivos.<\/p>\n<p style=\"text-align: justify;\">Tendremos la oportunidad de alimentar y cuidar a los animales y, a veces, orde\u00f1ar las vacas que son propiedad de la familia anfitriona.<\/p>\n<p style=\"text-align: justify;\">Y aprender\u00e1 sobre las habilidades de tejido tradicional y los tintes naturales de las mujeres locales que crean productos textiles tradicionales para vender en los mercados locales.<\/p>\n<p style=\"text-align: justify;\">Ser\u00e1 seguido por un almuerzo donde disfrutaremos de una comida org\u00e1nica.<\/p>\n<p style=\"text-align: justify;\">Regresaremos a Cusco alrededor de las 16:00.<\/p>\n<h3><span style=\"color: #008000;\"><strong>Qu\u00e9 est\u00e1 incluido:<\/strong><\/span><\/h3>\n<ul>\n<li>Recogida y regreso al hotel en Cusco<\/li>\n<li>Actividades en la comunidad<\/li>\n<li>Demostraci\u00f3n de textiles<\/li>\n<li>Transporte<\/li>\n<li>Almuerzo<\/li>\n<\/ul>\n<h3><span style=\"color: #008000;\"><strong>No incluido:<\/strong><\/span><\/h3>\n<ul>\n<li>Comidas no especificadas en el itinerario<\/li>\n<li>Alojamiento en Cusco<\/li>\n<\/ul>\n<h3><span style=\"color: #008000;\"><strong>Lista recomendada<\/strong><\/span><\/h3>\n<ul>\n<li>Snacks<\/li>\n<li>Zapatos para caminar o zapatillas de deporte<\/li>\n<li>Equipo completo para lluvia o poncho (de noviembre a abril)<\/li>\n<li>Sombrero o gorra<\/li>\n<li>Gafas de sol<\/li>\n<li>Protector solar<\/li>\n<li>Art\u00edculos de aseo<\/li>\n<li>C\u00e1maras de fotos \/ video y cargadores<\/li>\n<li>Botella de agua<\/li>\n<\/ul>\n","protected":false},"excerpt":{"rendered":"<p><strong>C\u00d3DIGO: <\/strong>PVT-CT006<\/p>\n<ul>\n<li><strong>Salida: todos los d\u00edas a las 8:00 am.<\/strong><\/li>\n<li><strong>Duraci\u00f3n: d\u00eda completo, llegada a Cusco alrededor de las 4:00 pm<\/strong><\/li>\n<\/ul>\n","protected":false},"featured_media":3666,"template":"","meta":{"site-sidebar-layout":"default","site-content-layout":"default","ast-site-content-layout":"default","site-content-style":"default","site-sidebar-style":"default","ast-global-header-display":"","ast-banner-title-visibility":"","ast-main-header-display":"","ast-hfb-above-header-display":"","ast-hfb-below-header-display":"","ast-hfb-mobile-header-display":"","site-post-title":"","ast-breadcrumbs-content":"","ast-featured-img":"","footer-sml-layout":"","theme-transparent-header-meta":"default","adv-header-id-meta":"","stick-header-meta":"default","header-above-stick-meta":"","header-main-stick-meta":"","header-below-stick-meta":"","astra-migrate-meta-layouts":"default","ast-page-background-enabled":"default","ast-page-background-meta":{"desktop":{"background-color":"var(--ast-global-color-4)","background-image":"","background-repeat":"repeat","background-position":"center center","background-size":"auto","background-attachment":"scroll","background-type":"","background-media":"","overlay-type":"","overlay-color":"","overlay-opacity":"","overlay-gradient":""},"tablet":{"background-color":"","background-image":"","background-repeat":"repeat","background-position":"center center","background-size":"auto","background-attachment":"scroll","background-type":"","background-media":"","overlay-type":"","overlay-color":"","overlay-opacity":"","overlay-gradient":""},"mobile":{"background-color":"","background-image":"","background-repeat":"repeat","background-position":"center center","background-size":"auto","background-attachment":"scroll","background-type":"","background-media":"","overlay-type":"","overlay-color":"","overlay-opacity":"","overlay-gradient":""}},"ast-content-background-meta":{"desktop":{"background-color":"var(--ast-global-color-5)","background-image":"","background-repeat":"repeat","background-position":"center center","background-size":"auto","background-attachment":"scroll","background-type":"","background-media":"","overlay-type":"","overlay-color":"","overlay-opacity":"","overlay-gradient":""},"tablet":{"background-color":"var(--ast-global-color-5)","background-image":"","background-repeat":"repeat","background-position":"center center","background-size":"auto","background-attachment":"scroll","background-type":"","background-media":"","overlay-type":"","overlay-color":"","overlay-opacity":"","overlay-gradient":""},"mobile":{"background-color":"var(--ast-global-color-5)","background-image":"","background-repeat":"repeat","background-position":"center center","background-size":"auto","background-attachment":"scroll","background-type":"","background-media":"","overlay-type":"","overlay-color":"","overlay-opacity":"","overlay-gradient":""}},"_joinchat":[]},"product_brand":[],"product_cat":[41,44],"product_tag":[],"class_list":{"0":"post-692","1":"product","2":"type-product","3":"status-publish","4":"has-post-thumbnail","6":"product_cat-cusco-machu-picchu-es","7":"product_cat-cusco-tradicional","8":"desktop-align-center","9":"tablet-align-center","10":"mobile-align-center","11":"ast-product-gallery-layout-horizontal-slider","12":"ast-product-gallery-with-no-image","13":"ast-product-tabs-layout-horizontal","15":"first","16":"instock","17":"shipping-taxable","18":"purchasable","19":"product-type-simple"},"_links":{"self":[{"href":"https:\/\/www.prideperutravel.com\/es\/wp-json\/wp\/v2\/product\/692","targetHints":{"allow":["GET"]}}],"collection":[{"href":"https:\/\/www.prideperutravel.com\/es\/wp-json\/wp\/v2\/product"}],"about":[{"href":"https:\/\/www.prideperutravel.com\/es\/wp-json\/wp\/v2\/types\/product"}],"version-history":[{"count":2,"href":"https:\/\/www.prideperutravel.com\/es\/wp-json\/wp\/v2\/product\/692\/revisions"}],"predecessor-version":[{"id":3540,"href":"https:\/\/www.prideperutravel.com\/es\/wp-json\/wp\/v2\/product\/692\/revisions\/3540"}],"wp:featuredmedia":[{"embeddable":true,"href":"https:\/\/www.prideperutravel.com\/es\/wp-json\/wp\/v2\/media\/3666"}],"wp:attachment":[{"href":"https:\/\/www.prideperutravel.com\/es\/wp-json\/wp\/v2\/media?parent=692"}],"wp:term":[{"taxonomy":"product_brand","embeddable":true,"href":"https:\/\/www.prideperutravel.com\/es\/wp-json\/wp\/v2\/product_brand?post=692"},{"taxonomy":"product_cat","embeddable":true,"href":"https:\/\/www.prideperutravel.com\/es\/wp-json\/wp\/v2\/product_cat?post=692"},{"taxonomy":"product_tag","embeddable":true,"href":"https:\/\/www.prideperutravel.com\/es\/wp-json\/wp\/v2\/product_tag?post=692"}],"curies":[{"name":"wp","href":"https:\/\/api.w.org\/{rel}","templated":true}]}}