{"id":759,"date":"2021-12-16T18:20:24","date_gmt":"2021-12-16T23:20:24","guid":{"rendered":"https:\/\/www.prideperutravel.com\/tour\/sin%20categor\u00eda\/camino-inca-2d-1n\/"},"modified":"2022-02-02T15:48:08","modified_gmt":"2022-02-02T20:48:08","slug":"camino-inca-2d-1n","status":"publish","type":"product","link":"https:\/\/www.prideperutravel.com\/es\/tour\/cusco-machu-picchu-es\/cusco-caminatas\/camino-inca-2d-1n\/","title":{"rendered":"Camino Inca 2D\/1N"},"content":{"rendered":"\t\t<div data-elementor-type=\"product-post\" data-elementor-id=\"759\" class=\"elementor elementor-759 elementor-711\" data-elementor-post-type=\"product\">\n\t\t\t\t\t\t<section class=\"elementor-section elementor-top-section elementor-element elementor-element-1a46d61e elementor-section-boxed elementor-section-height-default elementor-section-height-default\" data-id=\"1a46d61e\" data-element_type=\"section\">\n\t\t\t\t\t\t<div class=\"elementor-container elementor-column-gap-default\">\n\t\t\t\t\t<div class=\"elementor-column elementor-col-100 elementor-top-column elementor-element elementor-element-68e8a4e7\" data-id=\"68e8a4e7\" data-element_type=\"column\">\n\t\t\t<div class=\"elementor-widget-wrap elementor-element-populated\">\n\t\t\t\t\t\t<div class=\"elementor-element elementor-element-37f09d39 elementor-widget elementor-widget-heading\" data-id=\"37f09d39\" data-element_type=\"widget\" data-widget_type=\"heading.default\">\n\t\t\t\t<div class=\"elementor-widget-container\">\n\t\t\t\t\t<h3 class=\"elementor-heading-title elementor-size-default\">Itinerario<\/h3>\t\t\t\t<\/div>\n\t\t\t\t<\/div>\n\t\t\t\t<div class=\"elementor-element elementor-element-7942945c elementor-widget elementor-widget-accordion\" data-id=\"7942945c\" data-element_type=\"widget\" data-widget_type=\"accordion.default\">\n\t\t\t\t<div class=\"elementor-widget-container\">\n\t\t\t\t\t\t\t<div class=\"elementor-accordion\">\n\t\t\t\t\t\t\t<div class=\"elementor-accordion-item\">\n\t\t\t\t\t<div id=\"elementor-tab-title-2031\" class=\"elementor-tab-title\" data-tab=\"1\" role=\"button\" aria-controls=\"elementor-tab-content-2031\" aria-expanded=\"false\">\n\t\t\t\t\t\t\t\t\t\t\t\t\t<span class=\"elementor-accordion-icon elementor-accordion-icon-left\" aria-hidden=\"true\">\n\t\t\t\t\t\t\t\t\t\t\t\t\t\t\t<span class=\"elementor-accordion-icon-closed\"><i class=\"fas fa-plus\"><\/i><\/span>\n\t\t\t\t\t\t\t\t<span class=\"elementor-accordion-icon-opened\"><i class=\"fas fa-minus\"><\/i><\/span>\n\t\t\t\t\t\t\t\t\t\t\t\t\t\t<\/span>\n\t\t\t\t\t\t\t\t\t\t\t\t<a class=\"elementor-accordion-title\" tabindex=\"0\">D\u00eda 1: Cusco \u2013 Km 104 \u2013 Wi\u00f1ayhuayna \u2013 Aguas Calientes<\/a>\n\t\t\t\t\t<\/div>\n\t\t\t\t\t<div id=\"elementor-tab-content-2031\" class=\"elementor-tab-content elementor-clearfix\" data-tab=\"1\" role=\"region\" aria-labelledby=\"elementor-tab-title-2031\"><p>Nuestro viaje comienza temprano en la ma\u00f1ana. Despu\u00e9s de nuestra llegada al km 104 en tren, el Camino Inca comienza con una caminata a Chachabamba (2270m \/ 7448f), donde su gu\u00eda hablar\u00e1 sobre la funci\u00f3n previa de este sitio arqueol\u00f3gico. Luego, llegaremos a Wi\u00f1ayhuayna (2650m \/ 8694f), el sitio arqueol\u00f3gico m\u00e1s importante adem\u00e1s de Machu Picchu. A continuaci\u00f3n, el camino contin\u00faa hacia la Puerta del Sol \u00abInti Punku\u00bb y una maravillosa vista del anochecer en Machu Picchu (2400m \/ 7874f). Como tenemos que seguir caminando hasta llegar al autob\u00fas que nos lleva a nuestro hotel en Aguas Calientes, solo pasaremos un poco de tiempo en Machu Picchu el primer d\u00eda.<\/p><p>Tiempo de caminata: 06 horas.<br \/>Distancia total: 12 km \/ 7.5 m<br \/>Nivel de dificultad: moderado<\/p><\/div>\n\t\t\t\t<\/div>\n\t\t\t\t\t\t\t<div class=\"elementor-accordion-item\">\n\t\t\t\t\t<div id=\"elementor-tab-title-2032\" class=\"elementor-tab-title\" data-tab=\"2\" role=\"button\" aria-controls=\"elementor-tab-content-2032\" aria-expanded=\"false\">\n\t\t\t\t\t\t\t\t\t\t\t\t\t<span class=\"elementor-accordion-icon elementor-accordion-icon-left\" aria-hidden=\"true\">\n\t\t\t\t\t\t\t\t\t\t\t\t\t\t\t<span class=\"elementor-accordion-icon-closed\"><i class=\"fas fa-plus\"><\/i><\/span>\n\t\t\t\t\t\t\t\t<span class=\"elementor-accordion-icon-opened\"><i class=\"fas fa-minus\"><\/i><\/span>\n\t\t\t\t\t\t\t\t\t\t\t\t\t\t<\/span>\n\t\t\t\t\t\t\t\t\t\t\t\t<a class=\"elementor-accordion-title\" tabindex=\"0\">D\u00eda 2: Aguas Calientes \u2013 Santuario de Machu Picchu \u2013 Cusco<\/a>\n\t\t\t\t\t<\/div>\n\t\t\t\t\t<div id=\"elementor-tab-content-2032\" class=\"elementor-tab-content elementor-clearfix\" data-tab=\"2\" role=\"region\" aria-labelledby=\"elementor-tab-title-2032\"><p>Saldremos de nuestro hotel despu\u00e9s del desayuno alrededor de las 5:30 a.m. y tomaremos un autob\u00fas hasta Machu Picchu. Partimos muy temprano porque el sitio est\u00e1 menos concurrido, y temprano en la ma\u00f1ana es un buen momento para disfrutar del antiguo esp\u00edritu del sitio arqueol\u00f3gico m\u00e1s conocido del continente. Despu\u00e9s de llegar alrededor de las 6:00 a.m., su gu\u00eda le dar\u00e1 informaci\u00f3n detallada sobre Machu Picchu, su historia y la cultura de los Incas. Despu\u00e9s de esta orientaci\u00f3n, tendr\u00e1 tiempo libre para disfrutar y explorar el sitio por su cuenta (por ejemplo, visitar el Puente Inka, explorar edificios o escalar Wayna Picchu, solo con una reserva anticipada, para una imagen panor\u00e1mica incre\u00edble). Despu\u00e9s de que el autob\u00fas lo lleve a Aguas Calientes, puede sumergirse en los relajantes manantiales naturales de la ciudad (cuestan 10 soles). Saldremos de Aguas Calientes en la tarde en tren.<\/p><p>Clima: c\u00e1lido con mosquitos.<br \/>Tiempo de caminata: 02 horas.<br \/>Distancia total: 4 km \/ 2.5m<br \/>Nivel de dificultad: moderado<\/p><\/div>\n\t\t\t\t<\/div>\n\t\t\t\t\t\t\t\t<\/div>\n\t\t\t\t\t\t<\/div>\n\t\t\t\t<\/div>\n\t\t\t\t<div class=\"elementor-element elementor-element-7c003ea2 elementor-widget elementor-widget-text-editor\" data-id=\"7c003ea2\" data-element_type=\"widget\" data-widget_type=\"text-editor.default\">\n\t\t\t\t<div class=\"elementor-widget-container\">\n\t\t\t\t\t\t\t\t\t<h3><span style=\"color: #008000;\"><strong>Qu\u00e9 est\u00e1 incluido:<\/strong><\/span><\/h3><ul><li>Informaci\u00f3n previa a la salida en nuestra oficina la noche anterior a las 6 p.m.<\/li><li>Traslado entre hotel y estaci\u00f3n de tren en Cusco<\/li><li>Tren tur\u00edstico al km 104<\/li><li>Tren tur\u00edstico de Aguas Calientes a Cusco \/ Poroy, o a Ollantaytambo y b\u00fas a Cusco<\/li><li>Bus tur\u00edstico ida y vuelta Machu Picchu &#8211; Aguas Calientes<\/li><li>Entradas al Camino Inca y al Santuario de Machu Picchu<\/li><li>Gu\u00eda profesional biling\u00fce (espa\u00f1ol e ingl\u00e9s)<\/li><li>Comidas durante la excursi\u00f3n (1 desayuno, 1 box lunch, 1 cena, con opciones vegetarianas disponibles).<\/li><li>Hotel con habitaci\u00f3n privada en Aguas Calientes.<\/li><li>Botiqu\u00edn de primeros auxilios y botella de ox\u00edgeno.<\/li><\/ul><h3><span style=\"color: #008000;\"><strong>No incluye:<\/strong><\/span><\/h3><ul><li>\u00daltimo almuerzo en Aguas Calientes el d\u00eda 2<\/li><li>Bus de Machu Picchu a Aguas Calientes $ 12.00 por persona<\/li><\/ul><h3><span style=\"color: #008000;\"><strong>Lista recomendada<\/strong><\/span><\/h3><ul><li>Snack (frutas secas, galletas, dulces, chocolates, etc.)<\/li><li>Zapatos para caminar o zapatillas de deporte<\/li><li>Equipo completo para lluvia o poncho (de noviembre a abril)<\/li><li>Pantalones de senderismo ligeros<\/li><li>Sombrero o gorra<\/li><li>Gafas de sol<\/li><li>Protector solar<\/li><li>Repelente de insectos<\/li><li>Art\u00edculos de tocador (champ\u00fa, jab\u00f3n, crema corporal)<\/li><li>C\u00e1maras fotogr\u00e1ficas \/ de video y cargadores<\/li><li>Botella de agua<\/li><li>Pasaporte original y dinero extra en soles.<\/li><\/ul>\t\t\t\t\t\t\t\t<\/div>\n\t\t\t\t<\/div>\n\t\t\t\t\t<\/div>\n\t\t<\/div>\n\t\t\t\t\t<\/div>\n\t\t<\/section>\n\t\t\t\t<\/div>\n\t\t","protected":false},"excerpt":{"rendered":"<p><strong>CODIGO:<\/strong> PVT-TR001<\/p>\n<ul>\n<li><strong> Salidas: diarias<\/strong><\/li>\n<li><strong> Duraci\u00f3n: 2 d\u00edas \/ 1 noche<\/strong><\/li>\n<\/ul>\n","protected":false},"featured_media":714,"template":"","meta":{"site-sidebar-layout":"default","site-content-layout":"default","ast-site-content-layout":"default","site-content-style":"default","site-sidebar-style":"default","ast-global-header-display":"","ast-banner-title-visibility":"","ast-main-header-display":"","ast-hfb-above-header-display":"","ast-hfb-below-header-display":"","ast-hfb-mobile-header-display":"","site-post-title":"","ast-breadcrumbs-content":"","ast-featured-img":"","footer-sml-layout":"","theme-transparent-header-meta":"default","adv-header-id-meta":"","stick-header-meta":"default","header-above-stick-meta":"","header-main-stick-meta":"","header-below-stick-meta":"","astra-migrate-meta-layouts":"default","ast-page-background-enabled":"default","ast-page-background-meta":{"desktop":{"background-color":"var(--ast-global-color-4)","background-image":"","background-repeat":"repeat","background-position":"center center","background-size":"auto","background-attachment":"scroll","background-type":"","background-media":"","overlay-type":"","overlay-color":"","overlay-opacity":"","overlay-gradient":""},"tablet":{"background-color":"","background-image":"","background-repeat":"repeat","background-position":"center center","background-size":"auto","background-attachment":"scroll","background-type":"","background-media":"","overlay-type":"","overlay-color":"","overlay-opacity":"","overlay-gradient":""},"mobile":{"background-color":"","background-image":"","background-repeat":"repeat","background-position":"center center","background-size":"auto","background-attachment":"scroll","background-type":"","background-media":"","overlay-type":"","overlay-color":"","overlay-opacity":"","overlay-gradient":""}},"ast-content-background-meta":{"desktop":{"background-color":"var(--ast-global-color-5)","background-image":"","background-repeat":"repeat","background-position":"center center","background-size":"auto","background-attachment":"scroll","background-type":"","background-media":"","overlay-type":"","overlay-color":"","overlay-opacity":"","overlay-gradient":""},"tablet":{"background-color":"var(--ast-global-color-5)","background-image":"","background-repeat":"repeat","background-position":"center center","background-size":"auto","background-attachment":"scroll","background-type":"","background-media":"","overlay-type":"","overlay-color":"","overlay-opacity":"","overlay-gradient":""},"mobile":{"background-color":"var(--ast-global-color-5)","background-image":"","background-repeat":"repeat","background-position":"center center","background-size":"auto","background-attachment":"scroll","background-type":"","background-media":"","overlay-type":"","overlay-color":"","overlay-opacity":"","overlay-gradient":""}},"_joinchat":[]},"product_brand":[],"product_cat":[41,45],"product_tag":[],"class_list":{"0":"post-759","1":"product","2":"type-product","3":"status-publish","4":"has-post-thumbnail","6":"product_cat-cusco-machu-picchu-es","7":"product_cat-cusco-caminatas","8":"desktop-align-center","9":"tablet-align-center","10":"mobile-align-center","11":"ast-product-gallery-layout-horizontal-slider","12":"ast-product-gallery-with-no-image","13":"ast-product-tabs-layout-horizontal","15":"first","16":"instock","17":"shipping-taxable","18":"purchasable","19":"product-type-simple"},"_links":{"self":[{"href":"https:\/\/www.prideperutravel.com\/es\/wp-json\/wp\/v2\/product\/759","targetHints":{"allow":["GET"]}}],"collection":[{"href":"https:\/\/www.prideperutravel.com\/es\/wp-json\/wp\/v2\/product"}],"about":[{"href":"https:\/\/www.prideperutravel.com\/es\/wp-json\/wp\/v2\/types\/product"}],"version-history":[{"count":8,"href":"https:\/\/www.prideperutravel.com\/es\/wp-json\/wp\/v2\/product\/759\/revisions"}],"predecessor-version":[{"id":3537,"href":"https:\/\/www.prideperutravel.com\/es\/wp-json\/wp\/v2\/product\/759\/revisions\/3537"}],"wp:featuredmedia":[{"embeddable":true,"href":"https:\/\/www.prideperutravel.com\/es\/wp-json\/wp\/v2\/media\/714"}],"wp:attachment":[{"href":"https:\/\/www.prideperutravel.com\/es\/wp-json\/wp\/v2\/media?parent=759"}],"wp:term":[{"taxonomy":"product_brand","embeddable":true,"href":"https:\/\/www.prideperutravel.com\/es\/wp-json\/wp\/v2\/product_brand?post=759"},{"taxonomy":"product_cat","embeddable":true,"href":"https:\/\/www.prideperutravel.com\/es\/wp-json\/wp\/v2\/product_cat?post=759"},{"taxonomy":"product_tag","embeddable":true,"href":"https:\/\/www.prideperutravel.com\/es\/wp-json\/wp\/v2\/product_tag?post=759"}],"curies":[{"name":"wp","href":"https:\/\/api.w.org\/{rel}","templated":true}]}}