{"id":1147,"date":"2021-12-16T15:03:52","date_gmt":"2021-12-16T20:03:52","guid":{"rendered":"https:\/\/www.prideperutravel.com\/tour\/sem%20categoria\/cusco-machu-picchu-maras-valle-sul-6d-5n\/"},"modified":"2025-05-07T10:42:44","modified_gmt":"2025-05-07T15:42:44","slug":"cusco-machu-picchu-maras-valle-sul-6d-5n","status":"publish","type":"product","link":"https:\/\/www.prideperutravel.com\/pt-pt\/tour\/cusco-machu-picchu-pt-pt\/pacotes-em-cusco\/cusco-machu-picchu-maras-valle-sul-6d-5n\/","title":{"rendered":"Cusco &#038; Machu Picchu &#038; Maras &#038; Valle Sul  (6d\/5n)"},"content":{"rendered":"\t\t<div data-elementor-type=\"product-post\" data-elementor-id=\"1147\" class=\"elementor elementor-1147 elementor-556\" data-elementor-post-type=\"product\">\n\t\t\t\t\t\t<section class=\"elementor-section elementor-top-section elementor-element elementor-element-dfbde94 elementor-section-boxed elementor-section-height-default elementor-section-height-default\" data-id=\"dfbde94\" data-element_type=\"section\">\n\t\t\t\t\t\t<div class=\"elementor-container elementor-column-gap-default\">\n\t\t\t\t\t<div class=\"elementor-column elementor-col-100 elementor-top-column elementor-element elementor-element-0b252e4\" data-id=\"0b252e4\" data-element_type=\"column\">\n\t\t\t<div class=\"elementor-widget-wrap elementor-element-populated\">\n\t\t\t\t\t\t<div class=\"elementor-element elementor-element-407b2f2 elementor-widget elementor-widget-text-editor\" data-id=\"407b2f2\" data-element_type=\"widget\" data-widget_type=\"text-editor.default\">\n\t\t\t\t<div class=\"elementor-widget-container\">\n\t\t\t\t\t\t\t\t\t<h3><strong>Itinerario<\/strong><\/h3>\t\t\t\t\t\t\t\t<\/div>\n\t\t\t\t<\/div>\n\t\t\t\t\t<\/div>\n\t\t<\/div>\n\t\t\t\t\t<\/div>\n\t\t<\/section>\n\t\t\t\t<section class=\"elementor-section elementor-top-section elementor-element elementor-element-7324af3 elementor-section-boxed elementor-section-height-default elementor-section-height-default\" data-id=\"7324af3\" data-element_type=\"section\">\n\t\t\t\t\t\t<div class=\"elementor-container elementor-column-gap-default\">\n\t\t\t\t\t<div class=\"elementor-column elementor-col-100 elementor-top-column elementor-element elementor-element-0be91fa\" data-id=\"0be91fa\" data-element_type=\"column\">\n\t\t\t<div class=\"elementor-widget-wrap elementor-element-populated\">\n\t\t\t\t\t\t<div class=\"elementor-element elementor-element-13fb7ad elementor-widget elementor-widget-accordion\" data-id=\"13fb7ad\" data-element_type=\"widget\" data-widget_type=\"accordion.default\">\n\t\t\t\t<div class=\"elementor-widget-container\">\n\t\t\t\t\t\t\t<div class=\"elementor-accordion\">\n\t\t\t\t\t\t\t<div class=\"elementor-accordion-item\">\n\t\t\t\t\t<div id=\"elementor-tab-title-2091\" class=\"elementor-tab-title\" data-tab=\"1\" role=\"button\" aria-controls=\"elementor-tab-content-2091\" aria-expanded=\"false\">\n\t\t\t\t\t\t\t\t\t\t\t\t\t<span class=\"elementor-accordion-icon elementor-accordion-icon-left\" aria-hidden=\"true\">\n\t\t\t\t\t\t\t\t\t\t\t\t\t\t\t<span class=\"elementor-accordion-icon-closed\"><i class=\"fas fa-plus\"><\/i><\/span>\n\t\t\t\t\t\t\t\t<span class=\"elementor-accordion-icon-opened\"><i class=\"fas fa-minus\"><\/i><\/span>\n\t\t\t\t\t\t\t\t\t\t\t\t\t\t<\/span>\n\t\t\t\t\t\t\t\t\t\t\t\t<a class=\"elementor-accordion-title\" tabindex=\"0\">Dia 1: Chegada em Cusco<\/a>\n\t\t\t\t\t<\/div>\n\t\t\t\t\t<div id=\"elementor-tab-content-2091\" class=\"elementor-tab-content elementor-clearfix\" data-tab=\"1\" role=\"region\" aria-labelledby=\"elementor-tab-title-2091\"><p style=\"text-align: justify;\">Ap\u00f3s a chegada em Cusco, recep\u00e7\u00e3o no aeroporto \/ esta\u00e7\u00e3o de \u00f4nibus e traslado para o hotel no centro da cidade.<\/p><p style=\"text-align: justify;\"><strong>** Recomendado chegar em Cusco antes das 11am<br \/><\/strong><strong>Tarde: City Tour em Cusco<\/strong><\/p><p style=\"text-align: justify;\">\u00c0 tarde, por volta das 13h10, pegue o seu hotel para o City Tour em Cusco. O tour come\u00e7ar\u00e1 visitando o Templo do Sol ou Qorikancha, Sacsayhuaman, Kenko, PucaPucara e Tambomachay. E volte por volta das 19:00<\/p><p style=\"text-align: justify;\">A noite ser\u00e1 livre para descansar e se acostumar com a altitude.<\/p><p style=\"text-align: justify;\">Pernoite em Cusco<\/p><\/div>\n\t\t\t\t<\/div>\n\t\t\t\t\t\t\t<div class=\"elementor-accordion-item\">\n\t\t\t\t\t<div id=\"elementor-tab-title-2092\" class=\"elementor-tab-title\" data-tab=\"2\" role=\"button\" aria-controls=\"elementor-tab-content-2092\" aria-expanded=\"false\">\n\t\t\t\t\t\t\t\t\t\t\t\t\t<span class=\"elementor-accordion-icon elementor-accordion-icon-left\" aria-hidden=\"true\">\n\t\t\t\t\t\t\t\t\t\t\t\t\t\t\t<span class=\"elementor-accordion-icon-closed\"><i class=\"fas fa-plus\"><\/i><\/span>\n\t\t\t\t\t\t\t\t<span class=\"elementor-accordion-icon-opened\"><i class=\"fas fa-minus\"><\/i><\/span>\n\t\t\t\t\t\t\t\t\t\t\t\t\t\t<\/span>\n\t\t\t\t\t\t\t\t\t\t\t\t<a class=\"elementor-accordion-title\" tabindex=\"0\">Dia 2: Dia inteiro:. Excurs\u00e3o Vale Sagrado<\/a>\n\t\t\t\t\t<\/div>\n\t\t\t\t\t<div id=\"elementor-tab-content-2092\" class=\"elementor-tab-content elementor-clearfix\" data-tab=\"2\" role=\"region\" aria-labelledby=\"elementor-tab-title-2092\"><p style=\"text-align: justify;\">Depois de um delicioso caf\u00e9 da manh\u00e3, traslado no seu hotel por volta das 8:30am para o maravilhoso Tour Sacred Valley dos Incas donde visitaremos o parque arqueol\u00f3gico Pisac e seu mercado tradicional, desfrutaremos de um delicioso almo\u00e7o em Urubamba e visitaremos a maravilhosa cidade de Ollantaytambo , onde deve andar pelas ruas de paralelep\u00edpedos que mant\u00eam viva a cultura inca que nos faz voltar no tempo. Finalmente, na voltar, visitaremos Chinchero distrito conhecido como a cidade de Arco Iris, onde podemos ver as montanhas dos Andes como Veronica , depois seguiremos a Cusco por volta das 19:30h.<\/p><p style=\"text-align: justify;\">A noite ser\u00e1 livre para relaxar e jantar no restaurante de sua escolha.<\/p><p style=\"text-align: justify;\">Pernoite em Cusco<\/p><\/div>\n\t\t\t\t<\/div>\n\t\t\t\t\t\t\t<div class=\"elementor-accordion-item\">\n\t\t\t\t\t<div id=\"elementor-tab-title-2093\" class=\"elementor-tab-title\" data-tab=\"3\" role=\"button\" aria-controls=\"elementor-tab-content-2093\" aria-expanded=\"false\">\n\t\t\t\t\t\t\t\t\t\t\t\t\t<span class=\"elementor-accordion-icon elementor-accordion-icon-left\" aria-hidden=\"true\">\n\t\t\t\t\t\t\t\t\t\t\t\t\t\t\t<span class=\"elementor-accordion-icon-closed\"><i class=\"fas fa-plus\"><\/i><\/span>\n\t\t\t\t\t\t\t\t<span class=\"elementor-accordion-icon-opened\"><i class=\"fas fa-minus\"><\/i><\/span>\n\t\t\t\t\t\t\t\t\t\t\t\t\t\t<\/span>\n\t\t\t\t\t\t\t\t\t\t\t\t<a class=\"elementor-accordion-title\" tabindex=\"0\">Dia 3: Dia inteiro:. Excurs\u00e3o a Machu Picchu<\/a>\n\t\t\t\t\t<\/div>\n\t\t\t\t\t<div id=\"elementor-tab-content-2093\" class=\"elementor-tab-content elementor-clearfix\" data-tab=\"3\" role=\"region\" aria-labelledby=\"elementor-tab-title-2093\"><p style=\"text-align: justify;\">Traslado do hotel em Cusco, de manh\u00e3 por volta das 3 da manh\u00e3. N\u00f3s iremos para a esta\u00e7\u00e3o de trem em Ollantaytambo, cerca de 1.30h de Cusco, ent\u00e3o embarcaremos nesta extraordin\u00e1ria viagem de trem para Machu Picchu, onde voc\u00ea ter\u00e1 belas vistas. O trem passa por belos ecossistemas e depois sua c\u00e2mera est\u00e1 pronta para tirar fotos<\/p><p style=\"text-align: justify;\">Aproximadamente quatro horas depois da nossa partida de Cusco, chegaremos \u00e0 esta\u00e7\u00e3o de trem em Aguas Calientes (a cidade localizada aos p\u00e9s de Machu Picchu). Onde nosso guia especializado estar\u00e1 esperando. Juntos, vamos pegar o \u00f4nibus de Aguas Calientes para Machu Picchu, que dura 25 minutos.<\/p><p style=\"text-align: justify;\">Chegando a Machu Picchu, entraremos no site (n\u00e3o esque\u00e7a o seu passaporte), e nosso guia nos dar\u00e1 um tour da cidadela por 2-3 horas. Ap\u00f3s a visita guiada, haver\u00e1 tempo livre para explorar, tirar fotos ou caminhar como o Puerta del Sol (Inti Punku).<\/p><p style=\"text-align: justify;\">Depois de explorar Machu Picchu, pegaremos o \u00f4nibus de volta para Aguas Calientes. Ent\u00e3o voc\u00ea pode desfrutar dos restaurantes, explorar a vila ou relaxar.<\/p><p style=\"text-align: justify;\">De tarde tomaremos o trem de volta a Ollantaytambo, onde nosso motorista estar\u00e1 esperando e nos levar\u00e1 de volta ao nosso alojamento em Cusco.<\/p><p style=\"text-align: justify;\">Pernoite em Cusco<\/p><\/div>\n\t\t\t\t<\/div>\n\t\t\t\t\t\t\t<div class=\"elementor-accordion-item\">\n\t\t\t\t\t<div id=\"elementor-tab-title-2094\" class=\"elementor-tab-title\" data-tab=\"4\" role=\"button\" aria-controls=\"elementor-tab-content-2094\" aria-expanded=\"false\">\n\t\t\t\t\t\t\t\t\t\t\t\t\t<span class=\"elementor-accordion-icon elementor-accordion-icon-left\" aria-hidden=\"true\">\n\t\t\t\t\t\t\t\t\t\t\t\t\t\t\t<span class=\"elementor-accordion-icon-closed\"><i class=\"fas fa-plus\"><\/i><\/span>\n\t\t\t\t\t\t\t\t<span class=\"elementor-accordion-icon-opened\"><i class=\"fas fa-minus\"><\/i><\/span>\n\t\t\t\t\t\t\t\t\t\t\t\t\t\t<\/span>\n\t\t\t\t\t\t\t\t\t\t\t\t<a class=\"elementor-accordion-title\" tabindex=\"0\">Dia 4: Manh\u00e3: Excurs\u00e3o de meio dia ao Vale do Sul<\/a>\n\t\t\t\t\t<\/div>\n\t\t\t\t\t<div id=\"elementor-tab-content-2094\" class=\"elementor-tab-content elementor-clearfix\" data-tab=\"4\" role=\"region\" aria-labelledby=\"elementor-tab-title-2094\"><p style=\"text-align: justify;\">N\u00f3s vamos busc\u00e1-lo em seu alojamento por volta das 9:00 da manh\u00e3 para visitar lugares incr\u00edveis na parte sudeste de Cusco. Este passeio \u00e9 conhecido por combinar beleza natural, arquitetura Inca em Tipon, arquitetura pr\u00e9-Inca Wari em Pikillacta, visitando Andahuaylillas sua bela capela, conhecida como a &#8220;Capela Sistina da Am\u00e9rica&#8221;. Voltaremos a Cusco \u00e0s 15h<\/p><p style=\"text-align: justify;\">** Pode ser trocado por caminhada de um dia na Rainbow Mountain **<\/p><p style=\"text-align: justify;\">Pernoite em Cusco<\/p><\/div>\n\t\t\t\t<\/div>\n\t\t\t\t\t\t\t<div class=\"elementor-accordion-item\">\n\t\t\t\t\t<div id=\"elementor-tab-title-2095\" class=\"elementor-tab-title\" data-tab=\"5\" role=\"button\" aria-controls=\"elementor-tab-content-2095\" aria-expanded=\"false\">\n\t\t\t\t\t\t\t\t\t\t\t\t\t<span class=\"elementor-accordion-icon elementor-accordion-icon-left\" aria-hidden=\"true\">\n\t\t\t\t\t\t\t\t\t\t\t\t\t\t\t<span class=\"elementor-accordion-icon-closed\"><i class=\"fas fa-plus\"><\/i><\/span>\n\t\t\t\t\t\t\t\t<span class=\"elementor-accordion-icon-opened\"><i class=\"fas fa-minus\"><\/i><\/span>\n\t\t\t\t\t\t\t\t\t\t\t\t\t\t<\/span>\n\t\t\t\t\t\t\t\t\t\t\t\t<a class=\"elementor-accordion-title\" tabindex=\"0\">Dia 5: Manh\u00e3: Excurs\u00e3o de meio dia a Maras & Moray <\/a>\n\t\t\t\t\t<\/div>\n\t\t\t\t\t<div id=\"elementor-tab-content-2095\" class=\"elementor-tab-content elementor-clearfix\" data-tab=\"5\" role=\"region\" aria-labelledby=\"elementor-tab-title-2095\"><p style=\"text-align: justify;\">Deixamos nosso alojamento por volta das 8:30am. Primeira visita ser\u00e1 a Moray, que consiste em v\u00e1rios terra\u00e7os agr\u00edcolas circulares constru\u00eddos pelos Incas em sumidouros naturais em um planalto de calc\u00e1rio com vista para o Vale do Urubamba. Tem sido sugerido que os terra\u00e7os t\u00eam um significado cosmol\u00f3gico, mas sua fun\u00e7\u00e3o, al\u00e9m de fins agr\u00edcolas, ainda n\u00e3o est\u00e1 clara. Ent\u00e3o n\u00f3s visitamos a cidade colonial de Maras. Esta \u00e9 uma importante mina de sal que explodiu durante os tempos incas e depois durante a era colonial. Se exibe as minas de sal em antigos terra\u00e7os e lagoas. Volte a Cusco por volta das 3 da tarde.<\/p><p style=\"text-align: justify;\">Pernoite em Cusco<\/p><\/div>\n\t\t\t\t<\/div>\n\t\t\t\t\t\t\t<div class=\"elementor-accordion-item\">\n\t\t\t\t\t<div id=\"elementor-tab-title-2096\" class=\"elementor-tab-title\" data-tab=\"6\" role=\"button\" aria-controls=\"elementor-tab-content-2096\" aria-expanded=\"false\">\n\t\t\t\t\t\t\t\t\t\t\t\t\t<span class=\"elementor-accordion-icon elementor-accordion-icon-left\" aria-hidden=\"true\">\n\t\t\t\t\t\t\t\t\t\t\t\t\t\t\t<span class=\"elementor-accordion-icon-closed\"><i class=\"fas fa-plus\"><\/i><\/span>\n\t\t\t\t\t\t\t\t<span class=\"elementor-accordion-icon-opened\"><i class=\"fas fa-minus\"><\/i><\/span>\n\t\t\t\t\t\t\t\t\t\t\t\t\t\t<\/span>\n\t\t\t\t\t\t\t\t\t\t\t\t<a class=\"elementor-accordion-title\" tabindex=\"0\">Dia 6: Partida de Cusco<\/a>\n\t\t\t\t\t<\/div>\n\t\t\t\t\t<div id=\"elementor-tab-content-2096\" class=\"elementor-tab-content elementor-clearfix\" data-tab=\"6\" role=\"region\" aria-labelledby=\"elementor-tab-title-2096\"><p>Ap\u00f3s o caf\u00e9 da manh\u00e3 no hotel, traslado ao aeroporto para o voo de volta.<\/p><p>Fim dos nossos servi\u00e7os!<\/p><\/div>\n\t\t\t\t<\/div>\n\t\t\t\t\t\t\t\t<\/div>\n\t\t\t\t\t\t<\/div>\n\t\t\t\t<\/div>\n\t\t\t\t<div class=\"elementor-element elementor-element-32ce945 elementor-widget elementor-widget-text-editor\" data-id=\"32ce945\" data-element_type=\"widget\" data-widget_type=\"text-editor.default\">\n\t\t\t\t<div class=\"elementor-widget-container\">\n\t\t\t\t\t\t\t\t\t<h3><span style=\"color: #008000;\"><strong>O que est\u00e1 inclu\u00eddo:<\/strong><\/span><\/h3><ul><li>Transfer\u00eancias aeroporto &#8211; hotel &#8211; aeroporto (ou terminal de \u00f4nibus)<\/li><li>5 noites em Cusco em hotel 3 *<\/li><li>Caf\u00e9 da manh\u00e3 incluso<\/li><li>Buffet de almo\u00e7o em Urubamba<\/li><li>City Tour em Cusco<\/li><li>Tour ao Vale Sagrado dos Incas<\/li><li>Excurs\u00e3o ao Vale do Sul<\/li><li>Maras e Moray<\/li><li>Mobilidade para todos os passeios mencionados.<\/li><li>Visita guiada em ingl\u00eas ou espanhol<\/li><li>BTG (bilhete tur\u00edstico geral).<\/li><li>Todas as taxas de entrada.<\/li><li>Passagem de \u00f4nibus: Aguas Calientes-Machu Picchu-Aguas Calientes.<\/li><li>Bilhete de trem Ollantaytambo-Aguas Calientes-Ollantaytambo<\/li><li>Todas as transfer\u00eancias.<\/li><li>Suporte 24\/7<\/li><\/ul><h3><span style=\"color: #008000;\"><strong>N\u00e3o incluso:<\/strong><\/span><\/h3><ul><li>Refei\u00e7\u00f5es n\u00e3o especificadas no itiner\u00e1rio<\/li><li>Voos<\/li><li>Gorjetas<\/li><\/ul><h3><span style=\"color: #008000;\"><strong>Lista recomendada<\/strong><\/span><\/h3><ul><li style=\"list-style-type: none;\"><ul><li>Lanches (frutas secas, biscoitos, doces, chocolates, etc.)<\/li><li>Sapatos de caminhada ou t\u00eanis<\/li><li>Equipamento completo para chuva ou poncho (de novembro a abril)<\/li><li>Luvas<\/li><li>Chap\u00e9u ou bon\u00e9<\/li><li>\u00d3culos de sol<\/li><li>Protetor solar<\/li><li>Artigos de higiene pessoal (xampu, sabonete, creme para o corpo)<\/li><li>C\u00e2meras fotogr\u00e1ficas \/ de v\u00eddeo e carregadores<\/li><li>Garrafa de \u00c1gua<\/li><\/ul><\/li><\/ul>\t\t\t\t\t\t\t\t<\/div>\n\t\t\t\t<\/div>\n\t\t\t\t\t<\/div>\n\t\t<\/div>\n\t\t\t\t\t<\/div>\n\t\t<\/section>\n\t\t\t\t<\/div>\n\t\t","protected":false},"excerpt":{"rendered":"<p><strong>C\u00d3DIGO:<\/strong> PVT-CP003<\/p>\n<ul>\n<li><strong>Partida: Di\u00e1ria<\/strong><\/li>\n<li><strong>Dura\u00e7\u00e3o: 6 dias \/ 5 noites<\/strong><\/li>\n<\/ul>\n","protected":false},"featured_media":2841,"template":"","meta":{"site-sidebar-layout":"no-sidebar","site-content-layout":"page-builder","ast-site-content-layout":"full-width-container","site-content-style":"unboxed","site-sidebar-style":"unboxed","ast-global-header-display":"","ast-banner-title-visibility":"","ast-main-header-display":"","ast-hfb-above-header-display":"","ast-hfb-below-header-display":"","ast-hfb-mobile-header-display":"","site-post-title":"disabled","ast-breadcrumbs-content":"","ast-featured-img":"disabled","footer-sml-layout":"","theme-transparent-header-meta":"default","adv-header-id-meta":"","stick-header-meta":"default","header-above-stick-meta":"","header-main-stick-meta":"","header-below-stick-meta":"","astra-migrate-meta-layouts":"set","ast-page-background-enabled":"default","ast-page-background-meta":{"desktop":{"background-color":"var(--ast-global-color-4)","background-image":"","background-repeat":"repeat","background-position":"center center","background-size":"auto","background-attachment":"scroll","background-type":"","background-media":"","overlay-type":"","overlay-color":"","overlay-opacity":"","overlay-gradient":""},"tablet":{"background-color":"","background-image":"","background-repeat":"repeat","background-position":"center center","background-size":"auto","background-attachment":"scroll","background-type":"","background-media":"","overlay-type":"","overlay-color":"","overlay-opacity":"","overlay-gradient":""},"mobile":{"background-color":"","background-image":"","background-repeat":"repeat","background-position":"center center","background-size":"auto","background-attachment":"scroll","background-type":"","background-media":"","overlay-type":"","overlay-color":"","overlay-opacity":"","overlay-gradient":""}},"ast-content-background-meta":{"desktop":{"background-color":"var(--ast-global-color-5)","background-image":"","background-repeat":"repeat","background-position":"center center","background-size":"auto","background-attachment":"scroll","background-type":"","background-media":"","overlay-type":"","overlay-color":"","overlay-opacity":"","overlay-gradient":""},"tablet":{"background-color":"var(--ast-global-color-5)","background-image":"","background-repeat":"repeat","background-position":"center center","background-size":"auto","background-attachment":"scroll","background-type":"","background-media":"","overlay-type":"","overlay-color":"","overlay-opacity":"","overlay-gradient":""},"mobile":{"background-color":"var(--ast-global-color-5)","background-image":"","background-repeat":"repeat","background-position":"center center","background-size":"auto","background-attachment":"scroll","background-type":"","background-media":"","overlay-type":"","overlay-color":"","overlay-opacity":"","overlay-gradient":""}},"_joinchat":[]},"product_brand":[],"product_cat":[60,121],"product_tag":[],"class_list":{"0":"post-1147","1":"product","2":"type-product","3":"status-publish","4":"has-post-thumbnail","6":"product_cat-cusco-machu-picchu-pt-pt","7":"product_cat-pacotes-em-cusco","8":"desktop-align-center","9":"tablet-align-center","10":"mobile-align-center","11":"ast-product-gallery-layout-horizontal-slider","12":"ast-product-gallery-with-no-image","13":"ast-product-single-variable","14":"ast-product-tabs-layout-horizontal","16":"first","17":"instock","18":"shipping-taxable","19":"purchasable","20":"product-type-variable"},"_links":{"self":[{"href":"https:\/\/www.prideperutravel.com\/pt-pt\/wp-json\/wp\/v2\/product\/1147","targetHints":{"allow":["GET"]}}],"collection":[{"href":"https:\/\/www.prideperutravel.com\/pt-pt\/wp-json\/wp\/v2\/product"}],"about":[{"href":"https:\/\/www.prideperutravel.com\/pt-pt\/wp-json\/wp\/v2\/types\/product"}],"version-history":[{"count":9,"href":"https:\/\/www.prideperutravel.com\/pt-pt\/wp-json\/wp\/v2\/product\/1147\/revisions"}],"predecessor-version":[{"id":5126,"href":"https:\/\/www.prideperutravel.com\/pt-pt\/wp-json\/wp\/v2\/product\/1147\/revisions\/5126"}],"wp:featuredmedia":[{"embeddable":true,"href":"https:\/\/www.prideperutravel.com\/pt-pt\/wp-json\/wp\/v2\/media\/2841"}],"wp:attachment":[{"href":"https:\/\/www.prideperutravel.com\/pt-pt\/wp-json\/wp\/v2\/media?parent=1147"}],"wp:term":[{"taxonomy":"product_brand","embeddable":true,"href":"https:\/\/www.prideperutravel.com\/pt-pt\/wp-json\/wp\/v2\/product_brand?post=1147"},{"taxonomy":"product_cat","embeddable":true,"href":"https:\/\/www.prideperutravel.com\/pt-pt\/wp-json\/wp\/v2\/product_cat?post=1147"},{"taxonomy":"product_tag","embeddable":true,"href":"https:\/\/www.prideperutravel.com\/pt-pt\/wp-json\/wp\/v2\/product_tag?post=1147"}],"curies":[{"name":"wp","href":"https:\/\/api.w.org\/{rel}","templated":true}]}}