{"id":1162,"date":"2021-12-16T15:09:26","date_gmt":"2021-12-16T20:09:26","guid":{"rendered":"https:\/\/www.prideperutravel.com\/tour\/sem%20categoria\/quillabamba-tradicional-3d-2n\/"},"modified":"2025-05-07T10:39:59","modified_gmt":"2025-05-07T15:39:59","slug":"quillabamba-tradicional-3d-2n","status":"publish","type":"product","link":"https:\/\/www.prideperutravel.com\/pt-pt\/tour\/cusco-machu-picchu-pt-pt\/pacotes-em-cusco\/quillabamba-tradicional-3d-2n\/","title":{"rendered":"Quillabamba Tradicional (3d\/2n)"},"content":{"rendered":"\t\t<div data-elementor-type=\"product-post\" data-elementor-id=\"1162\" class=\"elementor elementor-1162 elementor-586\" data-elementor-post-type=\"product\">\n\t\t\t\t\t\t<section class=\"elementor-section elementor-top-section elementor-element elementor-element-cfaabe9 elementor-section-boxed elementor-section-height-default elementor-section-height-default\" data-id=\"cfaabe9\" data-element_type=\"section\">\n\t\t\t\t\t\t<div class=\"elementor-container elementor-column-gap-default\">\n\t\t\t\t\t<div class=\"elementor-column elementor-col-100 elementor-top-column elementor-element elementor-element-7eb27c5\" data-id=\"7eb27c5\" data-element_type=\"column\">\n\t\t\t<div class=\"elementor-widget-wrap elementor-element-populated\">\n\t\t\t\t\t\t<div class=\"elementor-element elementor-element-1deadd5 elementor-widget elementor-widget-text-editor\" data-id=\"1deadd5\" data-element_type=\"widget\" data-widget_type=\"text-editor.default\">\n\t\t\t\t<div class=\"elementor-widget-container\">\n\t\t\t\t\t\t\t\t\t<h3><strong>Itinerario<\/strong><\/h3>\t\t\t\t\t\t\t\t<\/div>\n\t\t\t\t<\/div>\n\t\t\t\t\t<\/div>\n\t\t<\/div>\n\t\t\t\t\t<\/div>\n\t\t<\/section>\n\t\t\t\t<section class=\"elementor-section elementor-top-section elementor-element elementor-element-518080d elementor-section-boxed elementor-section-height-default elementor-section-height-default\" data-id=\"518080d\" data-element_type=\"section\">\n\t\t\t\t\t\t<div class=\"elementor-container elementor-column-gap-default\">\n\t\t\t\t\t<div class=\"elementor-column elementor-col-100 elementor-top-column elementor-element elementor-element-642f1c2\" data-id=\"642f1c2\" data-element_type=\"column\">\n\t\t\t<div class=\"elementor-widget-wrap elementor-element-populated\">\n\t\t\t\t\t\t<div class=\"elementor-element elementor-element-ef658db elementor-widget elementor-widget-accordion\" data-id=\"ef658db\" data-element_type=\"widget\" data-widget_type=\"accordion.default\">\n\t\t\t\t<div class=\"elementor-widget-container\">\n\t\t\t\t\t\t\t<div class=\"elementor-accordion\">\n\t\t\t\t\t\t\t<div class=\"elementor-accordion-item\">\n\t\t\t\t\t<div id=\"elementor-tab-title-2511\" class=\"elementor-tab-title\" data-tab=\"1\" role=\"button\" aria-controls=\"elementor-tab-content-2511\" aria-expanded=\"false\">\n\t\t\t\t\t\t\t\t\t\t\t\t\t<span class=\"elementor-accordion-icon elementor-accordion-icon-left\" aria-hidden=\"true\">\n\t\t\t\t\t\t\t\t\t\t\t\t\t\t\t<span class=\"elementor-accordion-icon-closed\"><i class=\"fas fa-plus\"><\/i><\/span>\n\t\t\t\t\t\t\t\t<span class=\"elementor-accordion-icon-opened\"><i class=\"fas fa-minus\"><\/i><\/span>\n\t\t\t\t\t\t\t\t\t\t\t\t\t\t<\/span>\n\t\t\t\t\t\t\t\t\t\t\t\t<a class=\"elementor-accordion-title\" tabindex=\"0\">Dia 1: Cusco - Quillabamba - Visita \u00e0 planta\u00e7\u00e3o de caf\u00e9<\/a>\n\t\t\t\t\t<\/div>\n\t\t\t\t\t<div id=\"elementor-tab-content-2511\" class=\"elementor-tab-content elementor-clearfix\" data-tab=\"1\" role=\"region\" aria-labelledby=\"elementor-tab-title-2511\"><p style=\"text-align: justify;\">No in\u00edcio da manh\u00e3, por volta das 6 da manh\u00e3, passaremos pelo seu hotel em Cusco para nossa partida para a cidade de Quillabamba. No caminho desceremos pela famosa Abra M\u00e1laga (4316msnm), para a cidade do &#8220;Eterno Ver\u00e3o&#8221;. Ao longo do caminho, passaremos por belas paisagens de planta\u00e7\u00f5es de caf\u00e9 e frutas deliciosas, que far\u00e3o nossa viagem mais emocionante.<\/p><p style=\"text-align: justify;\">Antes de chegar \u00e0 cidade de Quillabamba, paramos em Maranura, onde paramos em uma fazenda de planta\u00e7\u00e3o de caf\u00e9 e cacau. Um membro da fam\u00edlia ir\u00e1 conduzi-lo pela fazenda, onde eles explicar\u00e3o o tipo de trabalho que realizam regularmente. Voc\u00ea ter\u00e1 a oportunidade de provar frutas que est\u00e3o na esta\u00e7\u00e3o, aprender sobre diferentes plantas. No entanto, eles se concentrar\u00e3o principalmente no processo de produ\u00e7\u00e3o de cacau e caf\u00e9. Ap\u00f3s esta visita \u00e0 fazenda, voc\u00ea participar\u00e1 da tradicional torrefa\u00e7\u00e3o de cacau e gr\u00e3os de caf\u00e9. No final desta atividade, voc\u00ea vai desfrutar de uma x\u00edcara de chocolate quente, que voc\u00ea ir\u00e1 preparar usando m\u00e9todos tradicionais.<\/p><p style=\"text-align: justify;\">Em seguida, seguiremos nosso caminho at\u00e9 Quillabamba, que chegaremos por volta das 16h.<\/p><p style=\"text-align: justify;\">Pernoite em Quillabamba<\/p><\/div>\n\t\t\t\t<\/div>\n\t\t\t\t\t\t\t<div class=\"elementor-accordion-item\">\n\t\t\t\t\t<div id=\"elementor-tab-title-2512\" class=\"elementor-tab-title\" data-tab=\"2\" role=\"button\" aria-controls=\"elementor-tab-content-2512\" aria-expanded=\"false\">\n\t\t\t\t\t\t\t\t\t\t\t\t\t<span class=\"elementor-accordion-icon elementor-accordion-icon-left\" aria-hidden=\"true\">\n\t\t\t\t\t\t\t\t\t\t\t\t\t\t\t<span class=\"elementor-accordion-icon-closed\"><i class=\"fas fa-plus\"><\/i><\/span>\n\t\t\t\t\t\t\t\t<span class=\"elementor-accordion-icon-opened\"><i class=\"fas fa-minus\"><\/i><\/span>\n\t\t\t\t\t\t\t\t\t\t\t\t\t\t<\/span>\n\t\t\t\t\t\t\t\t\t\t\t\t<a class=\"elementor-accordion-title\" tabindex=\"0\">Dia 2: Quillabamba \u2013 Santa Teresa \u2013 Aguas Calientes<\/a>\n\t\t\t\t\t<\/div>\n\t\t\t\t\t<div id=\"elementor-tab-content-2512\" class=\"elementor-tab-content elementor-clearfix\" data-tab=\"2\" role=\"region\" aria-labelledby=\"elementor-tab-title-2512\"><p style=\"text-align: justify;\">No in\u00edcio da manh\u00e3, depois de desfrutar do caf\u00e9 da manh\u00e3, iniciaremos nossa viagem por cerca de 2 horas at\u00e9 a cidade de Santa Teresa, onde poderemos aproveitar as fontes termais de Colcamayo. Aqui voc\u00ea ter\u00e1\u00a0 algum tempo para tomar um banho quente, em um ambiente impressionante de vegeta\u00e7\u00e3o abundante ao lado de um rio enorme; O lugar parece uma fantasia, mas voc\u00ea pode comprar cervejas e lanches. Fontes termais s\u00e3o o m\u00e9todo da M\u00e3e Natureza para infundir relaxamento em corpos cansados. As fontes termais de Colcalmayo s\u00e3o um destino popular entre os viajantes que buscam uma conex\u00e3o com a terra e seu equil\u00edbrio.<\/p><p style=\"text-align: justify;\">Ap\u00f3s o nosso banho relaxante, iremos para a esta\u00e7\u00e3o de trem a cerca de 40 minutos de Santa Teresa. De onde pegaremos nosso trem para Aguas Calientes, a viagem de trem levar\u00e1 aprox. 30 minutos.<\/p><p style=\"text-align: justify;\">Aguas Calientes, uma pequena cidade localizada no sop\u00e9 da montanha Machu Picchu. Ao chegar a \u00c1guas Calientes, iremos ao nosso hotel descansar e recuperar for\u00e7as para nossa grande recompensa, visitando as maravilhas do mundo, Machu Picchu.<\/p><p style=\"text-align: justify;\">Pernoite em Aguas Calientes<\/p><\/div>\n\t\t\t\t<\/div>\n\t\t\t\t\t\t\t<div class=\"elementor-accordion-item\">\n\t\t\t\t\t<div id=\"elementor-tab-title-2513\" class=\"elementor-tab-title\" data-tab=\"3\" role=\"button\" aria-controls=\"elementor-tab-content-2513\" aria-expanded=\"false\">\n\t\t\t\t\t\t\t\t\t\t\t\t\t<span class=\"elementor-accordion-icon elementor-accordion-icon-left\" aria-hidden=\"true\">\n\t\t\t\t\t\t\t\t\t\t\t\t\t\t\t<span class=\"elementor-accordion-icon-closed\"><i class=\"fas fa-plus\"><\/i><\/span>\n\t\t\t\t\t\t\t\t<span class=\"elementor-accordion-icon-opened\"><i class=\"fas fa-minus\"><\/i><\/span>\n\t\t\t\t\t\t\t\t\t\t\t\t\t\t<\/span>\n\t\t\t\t\t\t\t\t\t\t\t\t<a class=\"elementor-accordion-title\" tabindex=\"0\">Dia 3: Machu Picchu \u2013 Cusco<\/a>\n\t\t\t\t\t<\/div>\n\t\t\t\t\t<div id=\"elementor-tab-content-2513\" class=\"elementor-tab-content elementor-clearfix\" data-tab=\"3\" role=\"region\" aria-labelledby=\"elementor-tab-title-2513\"><p style=\"text-align: justify;\">Ap\u00f3s o caf\u00e9 da manh\u00e3 no hotel, pegamos o \u00f4nibus para Machu Picchu, onde teremos um tour com nosso guia profissional, a cidadela extraordin\u00e1ria, com dura\u00e7\u00e3o de 2 a 3 horas. Ap\u00f3s o passeio, voc\u00ea ter\u00e1 tempo livre para explorar, tirar fotos ou passear e visitar o Puerta del Sol (Inti Punku).<\/p><p style=\"text-align: justify;\">Depois de explorar Machu Picchu, pegaremos o \u00f4nibus de volta para Aguas Calientes, onde voc\u00ea pode almo\u00e7ar, pegar seus pertences no hotel e ir at\u00e9 a esta\u00e7\u00e3o para pegar o trem de volta para Cusco. Na chegada \u00e0 esta\u00e7\u00e3o de trem em Ollantaytambo nosso transporte estar\u00e1 esperando para retornar a Cusco. Traslado para o seu alojamento em Cusco.<\/p><p style=\"text-align: justify;\">Fim dos nossos servi\u00e7os!<\/p><\/div>\n\t\t\t\t<\/div>\n\t\t\t\t\t\t\t\t<\/div>\n\t\t\t\t\t\t<\/div>\n\t\t\t\t<\/div>\n\t\t\t\t<div class=\"elementor-element elementor-element-cbc0a68 elementor-widget elementor-widget-text-editor\" data-id=\"cbc0a68\" data-element_type=\"widget\" data-widget_type=\"text-editor.default\">\n\t\t\t\t<div class=\"elementor-widget-container\">\n\t\t\t\t\t\t\t\t\t<h3><span style=\"color: #008000;\"><strong>O que est\u00e1 inclu\u00eddo:<\/strong><\/span><\/h3><ul><li>Traslado do seu hotel em Cusco<\/li><li>1 noite em Quillabamba em hotel 3 *<\/li><li>1 noite em Aguas Calientes em hotel 3 *<\/li><li>Caf\u00e9 da manh\u00e3 no hotel<\/li><li>Entradas para fontes termais em Colcamayo<\/li><li>Mobilidade para todos os passeios mencionados.<\/li><li>Guia bil\u00edngue em Machu Picchu.<\/li><li>Passagem de \u00f4nibus: Aguas Calientes-Machu Picchu-Aguas Calientes.<\/li><li>Bilhete de trem: Hidroel\u00e9trico-Aguas Calientes<\/li><li>Bilhete de trem: Aguas Calientes &#8211; Ollantaytambo<\/li><li>Todas as transfer\u00eancias.<\/li><li>Suporte 24\/7<\/li><\/ul><h3><span style=\"color: #008000;\"><strong>N\u00e3o incluso:<\/strong><\/span><\/h3><ul><li>Refei\u00e7\u00f5es n\u00e3o especificadas no itiner\u00e1rio<\/li><li>Gorjetas<\/li><li>Hotel em Cusco<\/li><li>Translado de partida para o aeroporto ou esta\u00e7\u00e3o rodovi\u00e1ria<\/li><\/ul><h3><span style=\"color: #008000;\"><strong>Lista recomendada<\/strong><\/span><\/h3><ul><li style=\"list-style-type: none;\"><ul><li>Lanches (frutas secas, biscoitos, doces, chocolates, etc.)<\/li><li>Sapatos ou t\u00eanis<\/li><li>Equipamento completo para chuva ou poncho (de novembro a abril)<\/li><li>Cal\u00e7as leves para caminhadas<\/li><li>Chap\u00e9u ou bon\u00e9<\/li><li>\u00d3culos de sol<\/li><li>Protetor solar<\/li><li>Repelente de insetos ** muito importante **<\/li><li>Lanterna<\/li><li>Artigos de higiene pessoal (xampu, sabonete, creme para o corpo)<\/li><li>C\u00e2meras fotogr\u00e1ficas \/ de v\u00eddeo e carregadores<\/li><li>Garrafa de \u00c1gua<\/li><\/ul><\/li><\/ul>\t\t\t\t\t\t\t\t<\/div>\n\t\t\t\t<\/div>\n\t\t\t\t\t<\/div>\n\t\t<\/div>\n\t\t\t\t\t<\/div>\n\t\t<\/section>\n\t\t\t\t<\/div>\n\t\t","protected":false},"excerpt":{"rendered":"<p><strong>C\u00d3DIGO: <\/strong>PVT-CP004<\/p>\n<ul>\n<li><strong>Partida: di\u00e1ria<\/strong><\/li>\n<li><strong>Dura\u00e7\u00e3o: 3 dias \/ 2 noites<\/strong><\/li>\n<\/ul>\n","protected":false},"featured_media":605,"template":"","meta":{"site-sidebar-layout":"no-sidebar","site-content-layout":"page-builder","ast-site-content-layout":"full-width-container","site-content-style":"unboxed","site-sidebar-style":"unboxed","ast-global-header-display":"","ast-banner-title-visibility":"","ast-main-header-display":"","ast-hfb-above-header-display":"","ast-hfb-below-header-display":"","ast-hfb-mobile-header-display":"","site-post-title":"disabled","ast-breadcrumbs-content":"","ast-featured-img":"disabled","footer-sml-layout":"","theme-transparent-header-meta":"default","adv-header-id-meta":"","stick-header-meta":"default","header-above-stick-meta":"","header-main-stick-meta":"","header-below-stick-meta":"","astra-migrate-meta-layouts":"set","ast-page-background-enabled":"default","ast-page-background-meta":{"desktop":{"background-color":"var(--ast-global-color-4)","background-image":"","background-repeat":"repeat","background-position":"center center","background-size":"auto","background-attachment":"scroll","background-type":"","background-media":"","overlay-type":"","overlay-color":"","overlay-opacity":"","overlay-gradient":""},"tablet":{"background-color":"","background-image":"","background-repeat":"repeat","background-position":"center center","background-size":"auto","background-attachment":"scroll","background-type":"","background-media":"","overlay-type":"","overlay-color":"","overlay-opacity":"","overlay-gradient":""},"mobile":{"background-color":"","background-image":"","background-repeat":"repeat","background-position":"center center","background-size":"auto","background-attachment":"scroll","background-type":"","background-media":"","overlay-type":"","overlay-color":"","overlay-opacity":"","overlay-gradient":""}},"ast-content-background-meta":{"desktop":{"background-color":"var(--ast-global-color-5)","background-image":"","background-repeat":"repeat","background-position":"center center","background-size":"auto","background-attachment":"scroll","background-type":"","background-media":"","overlay-type":"","overlay-color":"","overlay-opacity":"","overlay-gradient":""},"tablet":{"background-color":"var(--ast-global-color-5)","background-image":"","background-repeat":"repeat","background-position":"center center","background-size":"auto","background-attachment":"scroll","background-type":"","background-media":"","overlay-type":"","overlay-color":"","overlay-opacity":"","overlay-gradient":""},"mobile":{"background-color":"var(--ast-global-color-5)","background-image":"","background-repeat":"repeat","background-position":"center center","background-size":"auto","background-attachment":"scroll","background-type":"","background-media":"","overlay-type":"","overlay-color":"","overlay-opacity":"","overlay-gradient":""}},"_joinchat":[]},"product_brand":[],"product_cat":[60,121],"product_tag":[],"class_list":{"0":"post-1162","1":"product","2":"type-product","3":"status-publish","4":"has-post-thumbnail","6":"product_cat-cusco-machu-picchu-pt-pt","7":"product_cat-pacotes-em-cusco","8":"desktop-align-center","9":"tablet-align-center","10":"mobile-align-center","11":"ast-product-gallery-layout-horizontal-slider","12":"ast-product-gallery-with-no-image","13":"ast-product-single-variable","14":"ast-product-tabs-layout-horizontal","16":"first","17":"instock","18":"shipping-taxable","19":"purchasable","20":"product-type-variable"},"_links":{"self":[{"href":"https:\/\/www.prideperutravel.com\/pt-pt\/wp-json\/wp\/v2\/product\/1162","targetHints":{"allow":["GET"]}}],"collection":[{"href":"https:\/\/www.prideperutravel.com\/pt-pt\/wp-json\/wp\/v2\/product"}],"about":[{"href":"https:\/\/www.prideperutravel.com\/pt-pt\/wp-json\/wp\/v2\/types\/product"}],"version-history":[{"count":9,"href":"https:\/\/www.prideperutravel.com\/pt-pt\/wp-json\/wp\/v2\/product\/1162\/revisions"}],"predecessor-version":[{"id":5124,"href":"https:\/\/www.prideperutravel.com\/pt-pt\/wp-json\/wp\/v2\/product\/1162\/revisions\/5124"}],"wp:featuredmedia":[{"embeddable":true,"href":"https:\/\/www.prideperutravel.com\/pt-pt\/wp-json\/wp\/v2\/media\/605"}],"wp:attachment":[{"href":"https:\/\/www.prideperutravel.com\/pt-pt\/wp-json\/wp\/v2\/media?parent=1162"}],"wp:term":[{"taxonomy":"product_brand","embeddable":true,"href":"https:\/\/www.prideperutravel.com\/pt-pt\/wp-json\/wp\/v2\/product_brand?post=1162"},{"taxonomy":"product_cat","embeddable":true,"href":"https:\/\/www.prideperutravel.com\/pt-pt\/wp-json\/wp\/v2\/product_cat?post=1162"},{"taxonomy":"product_tag","embeddable":true,"href":"https:\/\/www.prideperutravel.com\/pt-pt\/wp-json\/wp\/v2\/product_tag?post=1162"}],"curies":[{"name":"wp","href":"https:\/\/api.w.org\/{rel}","templated":true}]}}