{"id":1208,"date":"2021-12-16T16:48:03","date_gmt":"2021-12-16T21:48:03","guid":{"rendered":"https:\/\/www.prideperutravel.com\/tour\/sem%20categoria\/rota-barroco-andino-full-day\/"},"modified":"2022-02-02T11:52:31","modified_gmt":"2022-02-02T16:52:31","slug":"rota-barroco-andino-full-day","status":"publish","type":"product","link":"https:\/\/www.prideperutravel.com\/pt-pt\/tour\/cusco-machu-picchu-pt-pt\/cusco-traditional-pt-pt\/rota-barroco-andino-full-day\/","title":{"rendered":"Rota Barroco Andino Full Day"},"content":{"rendered":"<h3 style=\"text-align: justify;\"><span style=\"color: #008000;\"><strong>Itiner\u00e1rio:<\/strong><\/span><\/h3>\n<p style=\"text-align: justify;\">Este tour \u00e9 projetado para mostrar o melhor da arte barroca ind\u00edgena em tr\u00eas igrejas localizadas na parte sudeste de Cusco; Andahuaylillas, Canincunca e Huaro abrigam as melhores amostras de arte ind\u00edgena capturadas atrav\u00e9s de pinturas sob par\u00e2metros europeus, mas com elementos de cultura, natureza e conjuntura local do s\u00e9culo XVI e XVII.<\/p>\n<p style=\"text-align: justify;\">O passeio come\u00e7a de manh\u00e3 com o traslado do seu alojamento em Cusco por volta das 08h30 e seguiremos para o sudeste de Cusco, o primeiro lugar a visitar \u00e9 a Virgem Purificada de Canincunca. Tem um estilo renascentista e mant\u00e9m mais de 60 belos esculturas e 50 pinturas da Escola de Arte Cusque\u00f1a, al\u00e9m de talheres, ret\u00e1bulos e outros bens m\u00f3veis.<\/p>\n<p style=\"text-align: justify;\">Mais tarde, o passeio continua nas igrejas de San Juan Bautista de Huaro, tem um estilo renascentista e mant\u00e9m mais de 60 belas esculturas e 50 pinturas da Escola de Arte Cusque\u00f1a, al\u00e9m de talheres, ret\u00e1bulos e outros bens m\u00f3veis.<\/p>\n<p style=\"text-align: justify;\">Em seguida, seguiremos em dire\u00e7\u00e3o \u00e0 igreja de Andahuaylillas, considerada a Capela Sistina da Am\u00e9rica para a riqueza da arte mural que ela cont\u00e9m, \u00e9 concedida ao nome de San Pedro Ap\u00f3stol.<\/p>\n<p style=\"text-align: justify;\">O almo\u00e7o aqui \u00e9 opcional.<\/p>\n<p style=\"text-align: justify;\">Ap\u00f3s o almo\u00e7o seguiremos para Rumicolca, que pode ser visto ao lado da estrada, foi constru\u00eddo pela cultura Huari por volta de 800 dC, antes da ascens\u00e3o do Inca. Em seguida, visitaremos o centro hidr\u00e1ulico importante de Tipon para os Incas. E chegar\u00e1 em Cusco aproximadamente \u00e0s 18h<\/p>\n<h3 style=\"text-align: justify;\"><span style=\"color: #008000;\"><strong>Lugares para visitar<\/strong><\/span><\/h3>\n<p style=\"text-align: justify;\"><strong>Tip\u00f3n<\/strong> &#8211; Localizadas a leste de Cusco, s\u00e3o ru\u00ednas incas que podem ter sido um parque da classe alta ou um centro agr\u00edcola. Ainda hoje a \u00e1gua corre pelos canais e os grandes terra\u00e7os est\u00e3o em perfeitas condi\u00e7\u00f5es. V\u00e1rias ru\u00ednas ao redor foram escavadas e muitas outras s\u00e3o vis\u00edveis abaixo do solo.<\/p>\n<p style=\"text-align: justify;\"><strong>Canincunca<\/strong> &#8211; Localizado em um antigo centro de Wari, pr\u00f3ximo \u00e0 lagoa de Urcos, Canincunca recebeu o nome do desfiladeiro na estrada de Cusco a Puno. A constru\u00e7\u00e3o da capela come\u00e7ou no in\u00edcio do s\u00e9culo XVII e consiste em uma nave \u00fanica, com paredes interiores ricamente decoradas com murais e fitas em folha de ouro.<\/p>\n<p style=\"text-align: justify;\"><strong>Huaro<\/strong> &#8211; Possui um estilo renascentista e preserva mais de 60 belas esculturas e 50 pinturas da Escola de Arte de Cusque\u00f1a, al\u00e9m de talheres, ret\u00e1bulos e outros objetos m\u00f3veis. Constru\u00eddos no final do s\u00e9culo XVI e in\u00edcio do s\u00e9culo XVII, os impressionantes murais internos cobrem todo o telhado e as paredes.<\/p>\n<p style=\"text-align: justify;\"><strong>Andahuallilas<\/strong> &#8211; Essa arte majestosa tamb\u00e9m se reflete no teto caix\u00e3o de influ\u00eancia mud\u00e9jar, nas pinturas murais de Luis de Ria\u00f1o, na Escola de Arte de Cusque\u00f1a, na policromia dos tetos e no arco triunfal que divide o presbit\u00e9rio e a nave principal. Seu batist\u00e9rio preserva a f\u00f3rmula batismal em latim, espanhol, qu\u00edchua, aimara e puquina.<\/p>\n<p style=\"text-align: justify;\"><strong>Pikillaqta<\/strong> &#8211; \u00c9 uma cidade dos Wari. Wari era o centro da cidade e outras cidades como Pikillaqta foram influenciadas por ela. Os Wari tamb\u00e9m habitavam muitos outros locais ao redor da \u00e1rea. O local foi ocupado entre 550 e 1100 dC. Seu principal uso era para cerim\u00f4nias e o local n\u00e3o estava completo quando foi abandonado.<\/p>\n<h3 style=\"text-align: justify;\"><span style=\"color: #008000;\"><strong>O que est\u00e1 inclu\u00eddo:<\/strong><\/span><\/h3>\n<ul style=\"text-align: justify;\">\n<li>Traslado do hotel em Cusco<\/li>\n<li>Transporte<\/li>\n<li>Guia profissional em ingl\u00eas ou espanhol<\/li>\n<li>Retorno Pra\u00e7a Regocijo ( 2 quadras da Pra\u00e7a de Armas)<\/li>\n<\/ul>\n<h3 style=\"text-align: justify;\"><span style=\"color: #008000;\"><strong>N\u00e3o incluso:<\/strong><\/span><\/h3>\n<ul style=\"text-align: justify;\">\n<li>Entradas para igrejas<\/li>\n<li>Taxa de entradas (inclu\u00edda no bilhete tur\u00edstico)<\/li>\n<li>Refei\u00e7\u00f5es n\u00e3o especificadas no itiner\u00e1rio<\/li>\n<li>Alojamento em Cusco<\/li>\n<\/ul>\n<h3 style=\"text-align: justify;\"><span style=\"color: #008000;\"><strong>Lista recomendada<\/strong><\/span><\/h3>\n<ul>\n<li style=\"text-align: justify;\">Lanches<\/li>\n<li style=\"text-align: justify;\">Sapatos de caminhada ou t\u00eanis<\/li>\n<li style=\"text-align: justify;\">Equipamento completo para chuva ou poncho (de novembro a abril)<\/li>\n<li style=\"text-align: justify;\">Chap\u00e9u ou bon\u00e9<\/li>\n<li style=\"text-align: justify;\">\u00d3culos de sol<\/li>\n<li style=\"text-align: justify;\">Protetor solar<\/li>\n<li style=\"text-align: justify;\">Artigos de toalete<\/li>\n<li style=\"text-align: justify;\">C\u00e2meras fotogr\u00e1ficas \/ de v\u00eddeo e carregadores<\/li>\n<li style=\"text-align: justify;\">Garrafa de \u00c1gua<\/li>\n<\/ul>\n","protected":false},"excerpt":{"rendered":"<p><strong>C\u00d3DIGO: <\/strong>PVT-CT005<\/p>\n<ul>\n<li><strong>Partida: ter\u00e7a, quinta e domingo \u00e0s 8h30.<\/strong><\/li>\n<li><strong>Dura\u00e7\u00e3o: Dia inteiro, espere chegar em Cusco por volta das 18:00.<\/strong><\/li>\n<\/ul>\n","protected":false},"featured_media":3662,"template":"","meta":{"site-sidebar-layout":"default","site-content-layout":"default","ast-site-content-layout":"default","site-content-style":"default","site-sidebar-style":"default","ast-global-header-display":"","ast-banner-title-visibility":"","ast-main-header-display":"","ast-hfb-above-header-display":"","ast-hfb-below-header-display":"","ast-hfb-mobile-header-display":"","site-post-title":"","ast-breadcrumbs-content":"","ast-featured-img":"","footer-sml-layout":"","theme-transparent-header-meta":"default","adv-header-id-meta":"","stick-header-meta":"default","header-above-stick-meta":"","header-main-stick-meta":"","header-below-stick-meta":"","astra-migrate-meta-layouts":"default","ast-page-background-enabled":"default","ast-page-background-meta":{"desktop":{"background-color":"var(--ast-global-color-4)","background-image":"","background-repeat":"repeat","background-position":"center center","background-size":"auto","background-attachment":"scroll","background-type":"","background-media":"","overlay-type":"","overlay-color":"","overlay-opacity":"","overlay-gradient":""},"tablet":{"background-color":"","background-image":"","background-repeat":"repeat","background-position":"center center","background-size":"auto","background-attachment":"scroll","background-type":"","background-media":"","overlay-type":"","overlay-color":"","overlay-opacity":"","overlay-gradient":""},"mobile":{"background-color":"","background-image":"","background-repeat":"repeat","background-position":"center center","background-size":"auto","background-attachment":"scroll","background-type":"","background-media":"","overlay-type":"","overlay-color":"","overlay-opacity":"","overlay-gradient":""}},"ast-content-background-meta":{"desktop":{"background-color":"var(--ast-global-color-5)","background-image":"","background-repeat":"repeat","background-position":"center center","background-size":"auto","background-attachment":"scroll","background-type":"","background-media":"","overlay-type":"","overlay-color":"","overlay-opacity":"","overlay-gradient":""},"tablet":{"background-color":"var(--ast-global-color-5)","background-image":"","background-repeat":"repeat","background-position":"center center","background-size":"auto","background-attachment":"scroll","background-type":"","background-media":"","overlay-type":"","overlay-color":"","overlay-opacity":"","overlay-gradient":""},"mobile":{"background-color":"var(--ast-global-color-5)","background-image":"","background-repeat":"repeat","background-position":"center center","background-size":"auto","background-attachment":"scroll","background-type":"","background-media":"","overlay-type":"","overlay-color":"","overlay-opacity":"","overlay-gradient":""}},"_joinchat":[]},"product_brand":[],"product_cat":[60,63],"product_tag":[],"class_list":{"0":"post-1208","1":"product","2":"type-product","3":"status-publish","4":"has-post-thumbnail","6":"product_cat-cusco-machu-picchu-pt-pt","7":"product_cat-cusco-traditional-pt-pt","8":"desktop-align-center","9":"tablet-align-center","10":"mobile-align-center","11":"ast-product-gallery-layout-horizontal-slider","12":"ast-product-gallery-with-no-image","13":"ast-product-tabs-layout-horizontal","15":"first","16":"instock","17":"shipping-taxable","18":"purchasable","19":"product-type-simple"},"_links":{"self":[{"href":"https:\/\/www.prideperutravel.com\/pt-pt\/wp-json\/wp\/v2\/product\/1208","targetHints":{"allow":["GET"]}}],"collection":[{"href":"https:\/\/www.prideperutravel.com\/pt-pt\/wp-json\/wp\/v2\/product"}],"about":[{"href":"https:\/\/www.prideperutravel.com\/pt-pt\/wp-json\/wp\/v2\/types\/product"}],"version-history":[{"count":3,"href":"https:\/\/www.prideperutravel.com\/pt-pt\/wp-json\/wp\/v2\/product\/1208\/revisions"}],"predecessor-version":[{"id":3304,"href":"https:\/\/www.prideperutravel.com\/pt-pt\/wp-json\/wp\/v2\/product\/1208\/revisions\/3304"}],"wp:featuredmedia":[{"embeddable":true,"href":"https:\/\/www.prideperutravel.com\/pt-pt\/wp-json\/wp\/v2\/media\/3662"}],"wp:attachment":[{"href":"https:\/\/www.prideperutravel.com\/pt-pt\/wp-json\/wp\/v2\/media?parent=1208"}],"wp:term":[{"taxonomy":"product_brand","embeddable":true,"href":"https:\/\/www.prideperutravel.com\/pt-pt\/wp-json\/wp\/v2\/product_brand?post=1208"},{"taxonomy":"product_cat","embeddable":true,"href":"https:\/\/www.prideperutravel.com\/pt-pt\/wp-json\/wp\/v2\/product_cat?post=1208"},{"taxonomy":"product_tag","embeddable":true,"href":"https:\/\/www.prideperutravel.com\/pt-pt\/wp-json\/wp\/v2\/product_tag?post=1208"}],"curies":[{"name":"wp","href":"https:\/\/api.w.org\/{rel}","templated":true}]}}