{"id":1217,"date":"2021-12-16T17:05:40","date_gmt":"2021-12-16T22:05:40","guid":{"rendered":"https:\/\/www.prideperutravel.com\/tour\/sem%20categoria\/planetario-e-jantar-tipico\/"},"modified":"2022-02-02T11:48:21","modified_gmt":"2022-02-02T16:48:21","slug":"planetario-e-jantar-tipico","status":"publish","type":"product","link":"https:\/\/www.prideperutravel.com\/pt-pt\/tour\/cusco-machu-picchu-pt-pt\/cusco-traditional-pt-pt\/planetario-e-jantar-tipico\/","title":{"rendered":"Planet\u00e1rio e jantar t\u00edpico"},"content":{"rendered":"<h3 style=\"text-align: justify;\"><span style=\"color: #008000;\"><strong>Itiner\u00e1rio:<\/strong><\/span><\/h3>\n<p style=\"text-align: justify;\">Localizado a apenas 25 minutos do centro hist\u00f3rico de Cusco e cercado por belas paisagens naturais, o Planet\u00e1rio Cusco \u00e9 um dos planet\u00e1rios mais originais do mundo.<\/p>\n<p style=\"text-align: justify;\">N\u00f3s o buscaremos em seu alojamento em Cusco por volta das 17: 30h e o levaremos ao in\u00edcio do passeio.<\/p>\n<p style=\"text-align: justify;\">Aqui, voc\u00ea poder\u00e1 viver uma experi\u00eancia \u00fanica em uma jornada divertida que come\u00e7a em nossas salas de interpreta\u00e7\u00e3o, onde contamos hist\u00f3rias e compartilhamos fatos interessantes que nos ajudam a entender por que nossos ancestrais observavam o c\u00e9u, desde tempos imemoriais, para entender melhor o mundo. .<\/p>\n<p style=\"text-align: justify;\">Em seguida, visitaremos a c\u00fapula para apreciar uma incr\u00edvel proje\u00e7\u00e3o do c\u00e9u estrelado, onde podemos observar as constela\u00e7\u00f5es oficiais, bem como as constela\u00e7\u00f5es incas e todas as hist\u00f3rias por tr\u00e1s delas.<\/p>\n<p style=\"text-align: justify;\">Para encerrar nossa visita e de acordo com as condi\u00e7\u00f5es clim\u00e1ticas, poderemos observar in\u00fameras estrelas, nebulosas, planetas e as constela\u00e7\u00f5es mais importantes dos c\u00e9us do Hemisf\u00e9rio Sul, gra\u00e7as aos nossos telesc\u00f3pios profissionais.<\/p>\n<p style=\"text-align: justify;\">No final do seu passeio, voc\u00ea poder\u00e1 desfrutar de um delicioso buffet de jantar no cora\u00e7\u00e3o de Cusco. Voc\u00ea ir\u00e1 apreciar as mais belas dan\u00e7as, m\u00fasicas e figurinos t\u00edpicos!<\/p>\n<h3 style=\"text-align: justify;\"><span style=\"color: #008000;\"><strong>O que est\u00e1 inclu\u00eddo:<\/strong><\/span><\/h3>\n<ul style=\"text-align: justify;\">\n<li>Traslado do hotel em Cusco<\/li>\n<li>Transporte<\/li>\n<li>Guia profissional em ingl\u00eas ou espanhol<\/li>\n<li>Jantar buffet em restaurante t\u00edpico<\/li>\n<\/ul>\n<h3 style=\"text-align: justify;\"><span style=\"color: #008000;\"><strong>N\u00e3o incluso:<\/strong><\/span><\/h3>\n<ul style=\"text-align: justify;\">\n<li>Refei\u00e7\u00f5es n\u00e3o especificadas no itiner\u00e1rio<\/li>\n<li>Alojamento em Cusco<\/li>\n<li>Traslado de retorno ao alojamento<\/li>\n<\/ul>\n<h3 style=\"text-align: justify;\"><span style=\"color: #008000;\"><strong>Lista recomendada<\/strong><\/span><\/h3>\n<ul>\n<li style=\"text-align: justify;\">Sapatos De Caminhada Ou T\u00eanis<\/li>\n<li style=\"text-align: justify;\">Equipamento Completo Para Chuva Ou Poncho (De Novembro A Abril)<\/li>\n<li style=\"text-align: justify;\">Roupas Quentes<\/li>\n<li style=\"text-align: justify;\">C\u00e2meras Fotogr\u00e1ficas \/ De V\u00eddeo E Carregadores<\/li>\n<li style=\"text-align: justify;\">Garrafa De \u00c1gua<\/li>\n<\/ul>\n","protected":false},"excerpt":{"rendered":"<p><strong>C\u00d3DIGO:<\/strong> PVT-CT008<\/p>\n<ul>\n<li><strong>Partida: Diariamente &#8211; 17:30h<\/strong><\/li>\n<li><strong>Dura\u00e7\u00e3o: Aproximadamente 2 horas<\/strong><\/li>\n<\/ul>\n","protected":false},"featured_media":705,"template":"","meta":{"site-sidebar-layout":"default","site-content-layout":"default","ast-site-content-layout":"default","site-content-style":"default","site-sidebar-style":"default","ast-global-header-display":"","ast-banner-title-visibility":"","ast-main-header-display":"","ast-hfb-above-header-display":"","ast-hfb-below-header-display":"","ast-hfb-mobile-header-display":"","site-post-title":"","ast-breadcrumbs-content":"","ast-featured-img":"","footer-sml-layout":"","theme-transparent-header-meta":"default","adv-header-id-meta":"","stick-header-meta":"default","header-above-stick-meta":"","header-main-stick-meta":"","header-below-stick-meta":"","astra-migrate-meta-layouts":"default","ast-page-background-enabled":"default","ast-page-background-meta":{"desktop":{"background-color":"var(--ast-global-color-4)","background-image":"","background-repeat":"repeat","background-position":"center center","background-size":"auto","background-attachment":"scroll","background-type":"","background-media":"","overlay-type":"","overlay-color":"","overlay-opacity":"","overlay-gradient":""},"tablet":{"background-color":"","background-image":"","background-repeat":"repeat","background-position":"center center","background-size":"auto","background-attachment":"scroll","background-type":"","background-media":"","overlay-type":"","overlay-color":"","overlay-opacity":"","overlay-gradient":""},"mobile":{"background-color":"","background-image":"","background-repeat":"repeat","background-position":"center center","background-size":"auto","background-attachment":"scroll","background-type":"","background-media":"","overlay-type":"","overlay-color":"","overlay-opacity":"","overlay-gradient":""}},"ast-content-background-meta":{"desktop":{"background-color":"var(--ast-global-color-5)","background-image":"","background-repeat":"repeat","background-position":"center center","background-size":"auto","background-attachment":"scroll","background-type":"","background-media":"","overlay-type":"","overlay-color":"","overlay-opacity":"","overlay-gradient":""},"tablet":{"background-color":"var(--ast-global-color-5)","background-image":"","background-repeat":"repeat","background-position":"center center","background-size":"auto","background-attachment":"scroll","background-type":"","background-media":"","overlay-type":"","overlay-color":"","overlay-opacity":"","overlay-gradient":""},"mobile":{"background-color":"var(--ast-global-color-5)","background-image":"","background-repeat":"repeat","background-position":"center center","background-size":"auto","background-attachment":"scroll","background-type":"","background-media":"","overlay-type":"","overlay-color":"","overlay-opacity":"","overlay-gradient":""}},"_joinchat":[]},"product_brand":[],"product_cat":[60,63],"product_tag":[],"class_list":{"0":"post-1217","1":"product","2":"type-product","3":"status-publish","4":"has-post-thumbnail","6":"product_cat-cusco-machu-picchu-pt-pt","7":"product_cat-cusco-traditional-pt-pt","8":"desktop-align-center","9":"tablet-align-center","10":"mobile-align-center","11":"ast-product-gallery-layout-horizontal-slider","12":"ast-product-gallery-with-no-image","13":"ast-product-tabs-layout-horizontal","15":"first","16":"instock","17":"shipping-taxable","18":"purchasable","19":"product-type-simple"},"_links":{"self":[{"href":"https:\/\/www.prideperutravel.com\/pt-pt\/wp-json\/wp\/v2\/product\/1217","targetHints":{"allow":["GET"]}}],"collection":[{"href":"https:\/\/www.prideperutravel.com\/pt-pt\/wp-json\/wp\/v2\/product"}],"about":[{"href":"https:\/\/www.prideperutravel.com\/pt-pt\/wp-json\/wp\/v2\/types\/product"}],"version-history":[{"count":2,"href":"https:\/\/www.prideperutravel.com\/pt-pt\/wp-json\/wp\/v2\/product\/1217\/revisions"}],"predecessor-version":[{"id":3301,"href":"https:\/\/www.prideperutravel.com\/pt-pt\/wp-json\/wp\/v2\/product\/1217\/revisions\/3301"}],"wp:featuredmedia":[{"embeddable":true,"href":"https:\/\/www.prideperutravel.com\/pt-pt\/wp-json\/wp\/v2\/media\/705"}],"wp:attachment":[{"href":"https:\/\/www.prideperutravel.com\/pt-pt\/wp-json\/wp\/v2\/media?parent=1217"}],"wp:term":[{"taxonomy":"product_brand","embeddable":true,"href":"https:\/\/www.prideperutravel.com\/pt-pt\/wp-json\/wp\/v2\/product_brand?post=1217"},{"taxonomy":"product_cat","embeddable":true,"href":"https:\/\/www.prideperutravel.com\/pt-pt\/wp-json\/wp\/v2\/product_cat?post=1217"},{"taxonomy":"product_tag","embeddable":true,"href":"https:\/\/www.prideperutravel.com\/pt-pt\/wp-json\/wp\/v2\/product_tag?post=1217"}],"curies":[{"name":"wp","href":"https:\/\/api.w.org\/{rel}","templated":true}]}}