{"id":1686,"date":"2021-12-20T17:11:44","date_gmt":"2021-12-20T22:11:44","guid":{"rendered":"https:\/\/www.prideperutravel.com\/tour\/sem%20categoria\/arequipa-tour-peatonal\/"},"modified":"2022-02-02T09:35:14","modified_gmt":"2022-02-02T14:35:14","slug":"arequipa-tour-peatonal","status":"publish","type":"product","link":"https:\/\/www.prideperutravel.com\/pt-pt\/tour\/arequipa-pt-pt\/arequipa-tradicional-pt-pt\/arequipa-tour-peatonal\/","title":{"rendered":"Arequipa Tour Peatonal"},"content":{"rendered":"<h3 style=\"text-align: justify;\"><span style=\"color: #008000;\"><strong>Itiner\u00e1rio:<\/strong><\/span><\/h3>\n<p style=\"text-align: justify;\">Traslado do seu alojamento em Arequipa por volta de duas horas e vamos visitar o mosteiro de Santa Catalina, que \u00e9 um sampler de quatro s\u00e9culos de arquitetura arequipe\u00f1a. Celas intrusivas, as pequenas ruas e claustros cheios de flores coloridas e as paredes pintadas em tons frescos. As vielas estreitas levam \u00e0s v\u00e1rias partes do convento passando por locais pitorescos e locais de vida e de dormir com o mobili\u00e1rio original. Os visitantes v\u00e3o reviver e perder tempo na estrada.<\/p>\n<p style=\"text-align: justify;\">Visite a pra\u00e7a principal, uma das mais belas do Peru, a Igreja Jesu\u00edta da Companhia, que em sua bela fachada anuncia a chamada arquitetura mesti\u00e7a, claustros e c\u00fapula, Tristan casona del Pozo e tem outro exemplo do passado colonial, visite latic\u00ednios Fazendas de bronze e Cabezona, onde v\u00e1rias atividades comerciais desenvolvidas, a famosa troca de produtos provenientes da costa, as montanhas ou no exterior a ser oferecido na cidade, artes\u00e3os, alfaiates tamb\u00e9m colocados.<\/p>\n<p style=\"text-align: justify;\">O Tambos acabou se tornando casas, emergindo um novo epis\u00f3dio hist\u00f3rico; visitar fazendas leiteiras ir\u00e1 encontrar experi\u00eancias, sentimentos e um modo de vida particular na hist\u00f3ria de Arequipa. Os Pr\u00edncipes das Ast\u00farias os visitaram em sua visita a esta cidade.<\/p>\n<p style=\"text-align: justify;\">Inclui visita ao mosteiro de Santa Catalina, a Plaza de Armas, a igreja jesu\u00edta de La Compania, claustros e c\u00fapula, tour de mans\u00e3o Tristan del Pozo.<\/p>\n<h3 style=\"text-align: justify;\"><span style=\"color: #008000;\"><strong>O que est\u00e1 inclu\u00eddo:<\/strong><\/span><\/h3>\n<ul style=\"text-align: justify;\">\n<li>Traslado do seu hotel em Arequipa.<\/li>\n<li>Transporte tur\u00edstico<\/li>\n<li>Entradas ao Mosteiro de Santa Catalina<\/li>\n<li>Guia profissional em ingl\u00eas ou espanhol<\/li>\n<\/ul>\n<h3 style=\"text-align: justify;\"><span style=\"color: #008000;\"><strong>N\u00e3o incluso:<\/strong><\/span><\/h3>\n<ul style=\"text-align: justify;\">\n<li>Refei\u00e7\u00f5es n\u00e3o especificadas no itiner\u00e1rio<\/li>\n<li>Alojamento em Arequipa<\/li>\n<\/ul>\n<h3 style=\"text-align: justify;\"><span style=\"color: #008000;\"><strong>Lista recomendada:<\/strong><\/span><\/h3>\n<ul>\n<li style=\"text-align: justify;\">Lanches<\/li>\n<li style=\"text-align: justify;\">Sapatos ou t\u00eanis<\/li>\n<li style=\"text-align: justify;\">Chap\u00e9u ou bon\u00e9<\/li>\n<li style=\"text-align: justify;\">\u00d3culos de sol<\/li>\n<li style=\"text-align: justify;\">Protetor solar<\/li>\n<li style=\"text-align: justify;\">Artigos de toalete<\/li>\n<li style=\"text-align: justify;\">Garrafa de \u00c1gua<\/li>\n<\/ul>\n","protected":false},"excerpt":{"rendered":"<p><strong>C\u00d3DIGO: <\/strong>PVT-AT002<\/p>\n<ul>\n<li><strong>Dura\u00e7\u00e3o: Diario &#8211; 3 horas<\/strong><\/li>\n<li><strong>Hor\u00e1rio: 14:00 hrs<\/strong><\/li>\n<\/ul>\n","protected":false},"featured_media":3477,"template":"","meta":{"site-sidebar-layout":"default","site-content-layout":"default","ast-site-content-layout":"default","site-content-style":"default","site-sidebar-style":"default","ast-global-header-display":"","ast-banner-title-visibility":"","ast-main-header-display":"","ast-hfb-above-header-display":"","ast-hfb-below-header-display":"","ast-hfb-mobile-header-display":"","site-post-title":"","ast-breadcrumbs-content":"","ast-featured-img":"","footer-sml-layout":"","theme-transparent-header-meta":"default","adv-header-id-meta":"","stick-header-meta":"default","header-above-stick-meta":"","header-main-stick-meta":"","header-below-stick-meta":"","astra-migrate-meta-layouts":"default","ast-page-background-enabled":"default","ast-page-background-meta":{"desktop":{"background-color":"var(--ast-global-color-4)","background-image":"","background-repeat":"repeat","background-position":"center center","background-size":"auto","background-attachment":"scroll","background-type":"","background-media":"","overlay-type":"","overlay-color":"","overlay-opacity":"","overlay-gradient":""},"tablet":{"background-color":"","background-image":"","background-repeat":"repeat","background-position":"center center","background-size":"auto","background-attachment":"scroll","background-type":"","background-media":"","overlay-type":"","overlay-color":"","overlay-opacity":"","overlay-gradient":""},"mobile":{"background-color":"","background-image":"","background-repeat":"repeat","background-position":"center center","background-size":"auto","background-attachment":"scroll","background-type":"","background-media":"","overlay-type":"","overlay-color":"","overlay-opacity":"","overlay-gradient":""}},"ast-content-background-meta":{"desktop":{"background-color":"var(--ast-global-color-5)","background-image":"","background-repeat":"repeat","background-position":"center center","background-size":"auto","background-attachment":"scroll","background-type":"","background-media":"","overlay-type":"","overlay-color":"","overlay-opacity":"","overlay-gradient":""},"tablet":{"background-color":"var(--ast-global-color-5)","background-image":"","background-repeat":"repeat","background-position":"center center","background-size":"auto","background-attachment":"scroll","background-type":"","background-media":"","overlay-type":"","overlay-color":"","overlay-opacity":"","overlay-gradient":""},"mobile":{"background-color":"var(--ast-global-color-5)","background-image":"","background-repeat":"repeat","background-position":"center center","background-size":"auto","background-attachment":"scroll","background-type":"","background-media":"","overlay-type":"","overlay-color":"","overlay-opacity":"","overlay-gradient":""}},"_joinchat":[]},"product_brand":[],"product_cat":[91,92],"product_tag":[],"class_list":{"0":"post-1686","1":"product","2":"type-product","3":"status-publish","4":"has-post-thumbnail","6":"product_cat-arequipa-pt-pt","7":"product_cat-arequipa-tradicional-pt-pt","8":"desktop-align-center","9":"tablet-align-center","10":"mobile-align-center","11":"ast-product-gallery-layout-horizontal-slider","12":"ast-product-gallery-with-no-image","13":"ast-product-tabs-layout-horizontal","15":"first","16":"instock","17":"shipping-taxable","18":"purchasable","19":"product-type-simple"},"_links":{"self":[{"href":"https:\/\/www.prideperutravel.com\/pt-pt\/wp-json\/wp\/v2\/product\/1686","targetHints":{"allow":["GET"]}}],"collection":[{"href":"https:\/\/www.prideperutravel.com\/pt-pt\/wp-json\/wp\/v2\/product"}],"about":[{"href":"https:\/\/www.prideperutravel.com\/pt-pt\/wp-json\/wp\/v2\/types\/product"}],"version-history":[{"count":2,"href":"https:\/\/www.prideperutravel.com\/pt-pt\/wp-json\/wp\/v2\/product\/1686\/revisions"}],"predecessor-version":[{"id":3241,"href":"https:\/\/www.prideperutravel.com\/pt-pt\/wp-json\/wp\/v2\/product\/1686\/revisions\/3241"}],"wp:featuredmedia":[{"embeddable":true,"href":"https:\/\/www.prideperutravel.com\/pt-pt\/wp-json\/wp\/v2\/media\/3477"}],"wp:attachment":[{"href":"https:\/\/www.prideperutravel.com\/pt-pt\/wp-json\/wp\/v2\/media?parent=1686"}],"wp:term":[{"taxonomy":"product_brand","embeddable":true,"href":"https:\/\/www.prideperutravel.com\/pt-pt\/wp-json\/wp\/v2\/product_brand?post=1686"},{"taxonomy":"product_cat","embeddable":true,"href":"https:\/\/www.prideperutravel.com\/pt-pt\/wp-json\/wp\/v2\/product_cat?post=1686"},{"taxonomy":"product_tag","embeddable":true,"href":"https:\/\/www.prideperutravel.com\/pt-pt\/wp-json\/wp\/v2\/product_tag?post=1686"}],"curies":[{"name":"wp","href":"https:\/\/api.w.org\/{rel}","templated":true}]}}