{"id":1688,"date":"2021-12-20T17:15:24","date_gmt":"2021-12-20T22:15:24","guid":{"rendered":"https:\/\/www.prideperutravel.com\/tour\/sem%20categoria\/arequipa-city-tour\/"},"modified":"2022-02-02T09:18:05","modified_gmt":"2022-02-02T14:18:05","slug":"arequipa-city-tour","status":"publish","type":"product","link":"https:\/\/www.prideperutravel.com\/pt-pt\/tour\/arequipa-pt-pt\/arequipa-tradicional-pt-pt\/arequipa-city-tour\/","title":{"rendered":"Arequipa City Tour"},"content":{"rendered":"<h3 style=\"text-align: justify;\"><span style=\"color: #008000;\"><strong>Itiner\u00e1rio:<\/strong><\/span><\/h3>\n<p style=\"text-align: justify;\">Traslado do seu hotel em Arequipa entre as 14:00h e as 14:30h e depois siguimos para os distritos de Carmen Alto e Yanahuara, onde observaremos as maravilhosas paisagens da cidade cercada pelos vulc\u00f5es Chachani, Misti e Pichu Pichu; sua bela paisagem formada por sua ander\u00eda pr\u00e9-inca ainda preservada e, claro, o rio Chili. O distrito de Yanahuara \u00e9 o pr\u00f3ximo ponto do nosso passeio, na pra\u00e7a principal temos a igreja do ano de 1750, com fachada barroca, mas os destaques s\u00e3o os arcos que emolduram belas gravuras da cidade e onde os textos foram gravados com toda a filosofia de vida e inspira\u00e7\u00e3o do morador de Arequipa. Yanahuara tamb\u00e9m \u00e9 uma amostra da Arequipa Colonial, possui ruas estreitas e pitorescas e estreitas e suas casas feitas de silhar.<\/p>\n<p style=\"text-align: justify;\">Retornaremos ao centro hist\u00f3rico para visitar o Mosteiro de Santa Catalina, que \u00e9 uma amostra de quatro s\u00e9culos da arquitetura de Arequipa, as celas intrusivas, as pequenas ruas e claustros cheios de flores coloridas e as paredes pintadas com corantes frescos. Becos estreitos levam \u00e0s v\u00e1rias partes do convento que percorrem locais pitorescos e lugares para morar e dormir com o mobili\u00e1rio original. Os visitantes reviver\u00e3o e se perder\u00e3o no caminho do tempo.<\/p>\n<p style=\"text-align: justify;\">Visitaremos a Plaza de Armas, uma das mais bonitas do Peru, a Igreja Jesu\u00edta da Companhia, que em sua bela fachada anuncia a chamada arquitetura mesti\u00e7a, seus claustros e c\u00fapula, a casa Trist\u00e1n del Pozo como amostra de uma casa colonial e terminaremos na Plaza de Armas de Arequipa por volta das 18:00h<\/p>\n<h3 style=\"text-align: justify;\"><span style=\"color: #008000;\"><strong>O que est\u00e1 inclu\u00eddo:<\/strong><\/span><\/h3>\n<ul style=\"text-align: justify;\">\n<li>Traslado do seu hotel em Arequipa.<\/li>\n<li>Transporte tur\u00edstico<\/li>\n<li>Guia profissional em ingl\u00eas ou espanhol<\/li>\n<li>Entradas Mosteiro de Santa Catalina<\/li>\n<\/ul>\n<h3 style=\"text-align: justify;\"><span style=\"color: #008000;\"><strong>N\u00e3o incluso:<\/strong><\/span><\/h3>\n<ul style=\"text-align: justify;\">\n<li>Refei\u00e7\u00f5es n\u00e3o especificadas no itiner\u00e1rio<\/li>\n<li>Alojamento em Arequipa<\/li>\n<\/ul>\n<h3 style=\"text-align: justify;\"><span style=\"color: #008000;\"><strong>Lista recomendada:<\/strong><\/span><\/h3>\n<ul>\n<li style=\"text-align: justify;\">Lanches<\/li>\n<li style=\"text-align: justify;\">Sapatos ou t\u00eanis<\/li>\n<li style=\"text-align: justify;\">Chap\u00e9u ou bon\u00e9<\/li>\n<li style=\"text-align: justify;\">\u00d3culos de sol<\/li>\n<li style=\"text-align: justify;\">Protetor solar<\/li>\n<li style=\"text-align: justify;\">Artigos de toalete<\/li>\n<li style=\"text-align: justify;\">Garrafa de \u00c1gua<\/li>\n<\/ul>\n","protected":false},"excerpt":{"rendered":"<p><strong>C\u00d3DIGO:<\/strong> PVT-AT003<\/p>\n<ul>\n<li><strong>Dura\u00e7\u00e3o: Di\u00e1rio &#8211; 4 horas<\/strong><\/li>\n<li><strong>Hor\u00e1rio: 14:00 hrs<\/strong><\/li>\n<\/ul>\n","protected":false},"featured_media":3474,"template":"","meta":{"site-sidebar-layout":"default","site-content-layout":"default","ast-site-content-layout":"default","site-content-style":"default","site-sidebar-style":"default","ast-global-header-display":"","ast-banner-title-visibility":"","ast-main-header-display":"","ast-hfb-above-header-display":"","ast-hfb-below-header-display":"","ast-hfb-mobile-header-display":"","site-post-title":"","ast-breadcrumbs-content":"","ast-featured-img":"","footer-sml-layout":"","theme-transparent-header-meta":"default","adv-header-id-meta":"","stick-header-meta":"default","header-above-stick-meta":"","header-main-stick-meta":"","header-below-stick-meta":"","astra-migrate-meta-layouts":"default","ast-page-background-enabled":"default","ast-page-background-meta":{"desktop":{"background-color":"var(--ast-global-color-4)","background-image":"","background-repeat":"repeat","background-position":"center center","background-size":"auto","background-attachment":"scroll","background-type":"","background-media":"","overlay-type":"","overlay-color":"","overlay-opacity":"","overlay-gradient":""},"tablet":{"background-color":"","background-image":"","background-repeat":"repeat","background-position":"center center","background-size":"auto","background-attachment":"scroll","background-type":"","background-media":"","overlay-type":"","overlay-color":"","overlay-opacity":"","overlay-gradient":""},"mobile":{"background-color":"","background-image":"","background-repeat":"repeat","background-position":"center center","background-size":"auto","background-attachment":"scroll","background-type":"","background-media":"","overlay-type":"","overlay-color":"","overlay-opacity":"","overlay-gradient":""}},"ast-content-background-meta":{"desktop":{"background-color":"var(--ast-global-color-5)","background-image":"","background-repeat":"repeat","background-position":"center center","background-size":"auto","background-attachment":"scroll","background-type":"","background-media":"","overlay-type":"","overlay-color":"","overlay-opacity":"","overlay-gradient":""},"tablet":{"background-color":"var(--ast-global-color-5)","background-image":"","background-repeat":"repeat","background-position":"center center","background-size":"auto","background-attachment":"scroll","background-type":"","background-media":"","overlay-type":"","overlay-color":"","overlay-opacity":"","overlay-gradient":""},"mobile":{"background-color":"var(--ast-global-color-5)","background-image":"","background-repeat":"repeat","background-position":"center center","background-size":"auto","background-attachment":"scroll","background-type":"","background-media":"","overlay-type":"","overlay-color":"","overlay-opacity":"","overlay-gradient":""}},"_joinchat":[]},"product_brand":[],"product_cat":[91,92],"product_tag":[],"class_list":{"0":"post-1688","1":"product","2":"type-product","3":"status-publish","4":"has-post-thumbnail","6":"product_cat-arequipa-pt-pt","7":"product_cat-arequipa-tradicional-pt-pt","8":"desktop-align-center","9":"tablet-align-center","10":"mobile-align-center","11":"ast-product-gallery-layout-horizontal-slider","12":"ast-product-gallery-with-no-image","13":"ast-product-tabs-layout-horizontal","15":"first","16":"instock","17":"shipping-taxable","18":"purchasable","19":"product-type-simple"},"_links":{"self":[{"href":"https:\/\/www.prideperutravel.com\/pt-pt\/wp-json\/wp\/v2\/product\/1688","targetHints":{"allow":["GET"]}}],"collection":[{"href":"https:\/\/www.prideperutravel.com\/pt-pt\/wp-json\/wp\/v2\/product"}],"about":[{"href":"https:\/\/www.prideperutravel.com\/pt-pt\/wp-json\/wp\/v2\/types\/product"}],"version-history":[{"count":2,"href":"https:\/\/www.prideperutravel.com\/pt-pt\/wp-json\/wp\/v2\/product\/1688\/revisions"}],"predecessor-version":[{"id":3240,"href":"https:\/\/www.prideperutravel.com\/pt-pt\/wp-json\/wp\/v2\/product\/1688\/revisions\/3240"}],"wp:featuredmedia":[{"embeddable":true,"href":"https:\/\/www.prideperutravel.com\/pt-pt\/wp-json\/wp\/v2\/media\/3474"}],"wp:attachment":[{"href":"https:\/\/www.prideperutravel.com\/pt-pt\/wp-json\/wp\/v2\/media?parent=1688"}],"wp:term":[{"taxonomy":"product_brand","embeddable":true,"href":"https:\/\/www.prideperutravel.com\/pt-pt\/wp-json\/wp\/v2\/product_brand?post=1688"},{"taxonomy":"product_cat","embeddable":true,"href":"https:\/\/www.prideperutravel.com\/pt-pt\/wp-json\/wp\/v2\/product_cat?post=1688"},{"taxonomy":"product_tag","embeddable":true,"href":"https:\/\/www.prideperutravel.com\/pt-pt\/wp-json\/wp\/v2\/product_tag?post=1688"}],"curies":[{"name":"wp","href":"https:\/\/api.w.org\/{rel}","templated":true}]}}