{"id":1998,"date":"2021-12-21T11:53:01","date_gmt":"2021-12-21T16:53:01","guid":{"rendered":"https:\/\/www.prideperutravel.com\/tour\/sem%20categoria\/canion-do-colca-full-day\/"},"modified":"2022-02-01T15:17:55","modified_gmt":"2022-02-01T20:17:55","slug":"canion-do-colca-full-day","status":"publish","type":"product","link":"https:\/\/www.prideperutravel.com\/pt-pt\/tour\/arequipa-pt-pt\/pacotes-arequipa\/canion-do-colca-full-day\/","title":{"rendered":"C\u00e2nion do Colca Full Day"},"content":{"rendered":"<h3 style=\"text-align: justify;\"><span style=\"color: #008000;\"><strong>Itiner\u00e1rio:<\/strong><\/span><\/h3>\n<p style=\"text-align: justify;\">Sa\u00edmos de Arequipa entre as 02:30-03:00am e dirigimos por 3 horas para o noroeste, atr\u00e1s do Chachani at\u00e9 Chivay, capital do Desfiladeiro de Colca. Onde vamos tomar caf\u00e9 da manh\u00e3.<\/p>\n<p style=\"text-align: justify;\">Continuamos dirigindo por 2 horas no ponto mais famoso do C\u00e2nion do Colca &#8220;La Cruz del Condor&#8221;. \u00c9 aqui que vemos a profundidade do C\u00e2nion e o voo do Condor. A \u00e1rea tem belas aldeias t\u00edpicas como Yanque e Maca, igrejas coloniais, pessoas amig\u00e1veis \u200b\u200bcom vestidos e chap\u00e9us com costura t\u00edpica, e centenas de terra\u00e7os pr\u00e9-incas que ainda est\u00e3o em uso com as culturas andinas, como milho, quinoa e amaranto. J\u00e1 em Chivay ao meio-dia, h\u00e1 uma visita opcional \u00e0s fontes termais de La Calera, com piscinas que t\u00eam uma temperatura da \u00e1gua de 40 \u00b0 C \/ 104 \u00b0 F.<\/p>\n<p style=\"text-align: justify;\">Uma vez em Chivay, teremos um almo\u00e7o tradicional e depois do almo\u00e7o viajaremos de volta para Arequipa. Paramos no caminho, no degrau mais alto: o ponto de vista dos vulc\u00f5es e das montanhas cobertas de neve em Patapampa (4.800 m). Mais tarde, vamos ver vicunhas selvagens, alpacas e lhamas na reserva nacional de Pampa Ca\u00f1ahuas e alguns p\u00e1ssaros como flamingos, ibis, gansos andinos, patos e \u00e1guias Quechua andino chamado &#8220;Kara Kara&#8221;. Finalmente chegamos \u00e0 cidade de Arequipa no final da tarde, aproximadamente \u00e0s 17:00.<\/p>\n<p style=\"text-align: justify;\">Fim dos nossos servi\u00e7os!<\/p>\n<h3 style=\"text-align: justify;\"><span style=\"color: #008000;\"><strong>O que est\u00e1 inclu\u00eddo:<\/strong><\/span><\/h3>\n<ul style=\"text-align: justify;\">\n<li>Transporte de ida e volta de Arequipa para Colca Canyon<\/li>\n<li>Caf\u00e9 da manh\u00e3 em Chivay<\/li>\n<li>Almo\u00e7o em Chivay<\/li>\n<li>Taxa de entrada para o C\u00e2nion do Colca<\/li>\n<li>Guia em ingl\u00eas ou espanhol<\/li>\n<\/ul>\n<h3 style=\"text-align: justify;\"><span style=\"color: #008000;\"><strong>N\u00e3o incluso:<\/strong><\/span><\/h3>\n<ul style=\"text-align: justify;\">\n<li>Refei\u00e7\u00f5es n\u00e3o especificadas no itiner\u00e1rio<\/li>\n<li>Alojamento em Arequipa<\/li>\n<\/ul>\n<h3 style=\"text-align: justify;\"><span style=\"color: #008000;\"><strong>Lista recomendada:<\/strong><\/span><\/h3>\n<ul>\n<li style=\"text-align: justify;\">Lanches (frutas secas, biscoitos, doces, chocolates, etc.)<\/li>\n<li style=\"text-align: justify;\">Sapatos de caminhada ou t\u00eanis<\/li>\n<li style=\"text-align: justify;\">Equipamento completo para chuva ou poncho (de novembro a abril)<\/li>\n<li style=\"text-align: justify;\">Luvas, gorro, cachecol<\/li>\n<li style=\"text-align: justify;\">Roupa de banho (opcional para fontes termais)<\/li>\n<li style=\"text-align: justify;\">Chap\u00e9u ou bon\u00e9<\/li>\n<li style=\"text-align: justify;\">\u00d3culos de sol<\/li>\n<li style=\"text-align: justify;\">Protetor solar<\/li>\n<li style=\"text-align: justify;\">Artigos de toalete<\/li>\n<li style=\"text-align: justify;\">Garrafa de \u00c1gua<\/li>\n<\/ul>\n","protected":false},"excerpt":{"rendered":"<p><strong>C\u00d3DIGO:<\/strong> PVT-A001<\/p>\n<ul>\n<li><strong>Partidas: diariamente &#8211; 02:30am<\/strong><\/li>\n<li><strong>Dura\u00e7\u00e3o: Aproximadamente 16 horas<\/strong><\/li>\n<\/ul>\n","protected":false},"featured_media":1895,"template":"","meta":{"site-sidebar-layout":"default","site-content-layout":"default","ast-site-content-layout":"default","site-content-style":"default","site-sidebar-style":"default","ast-global-header-display":"","ast-banner-title-visibility":"","ast-main-header-display":"","ast-hfb-above-header-display":"","ast-hfb-below-header-display":"","ast-hfb-mobile-header-display":"","site-post-title":"","ast-breadcrumbs-content":"","ast-featured-img":"","footer-sml-layout":"","theme-transparent-header-meta":"default","adv-header-id-meta":"","stick-header-meta":"default","header-above-stick-meta":"","header-main-stick-meta":"","header-below-stick-meta":"","astra-migrate-meta-layouts":"default","ast-page-background-enabled":"default","ast-page-background-meta":{"desktop":{"background-color":"var(--ast-global-color-4)","background-image":"","background-repeat":"repeat","background-position":"center center","background-size":"auto","background-attachment":"scroll","background-type":"","background-media":"","overlay-type":"","overlay-color":"","overlay-opacity":"","overlay-gradient":""},"tablet":{"background-color":"","background-image":"","background-repeat":"repeat","background-position":"center center","background-size":"auto","background-attachment":"scroll","background-type":"","background-media":"","overlay-type":"","overlay-color":"","overlay-opacity":"","overlay-gradient":""},"mobile":{"background-color":"","background-image":"","background-repeat":"repeat","background-position":"center center","background-size":"auto","background-attachment":"scroll","background-type":"","background-media":"","overlay-type":"","overlay-color":"","overlay-opacity":"","overlay-gradient":""}},"ast-content-background-meta":{"desktop":{"background-color":"var(--ast-global-color-5)","background-image":"","background-repeat":"repeat","background-position":"center center","background-size":"auto","background-attachment":"scroll","background-type":"","background-media":"","overlay-type":"","overlay-color":"","overlay-opacity":"","overlay-gradient":""},"tablet":{"background-color":"var(--ast-global-color-5)","background-image":"","background-repeat":"repeat","background-position":"center center","background-size":"auto","background-attachment":"scroll","background-type":"","background-media":"","overlay-type":"","overlay-color":"","overlay-opacity":"","overlay-gradient":""},"mobile":{"background-color":"var(--ast-global-color-5)","background-image":"","background-repeat":"repeat","background-position":"center center","background-size":"auto","background-attachment":"scroll","background-type":"","background-media":"","overlay-type":"","overlay-color":"","overlay-opacity":"","overlay-gradient":""}},"_joinchat":[]},"product_brand":[],"product_cat":[91,93],"product_tag":[],"class_list":{"0":"post-1998","1":"product","2":"type-product","3":"status-publish","4":"has-post-thumbnail","6":"product_cat-arequipa-pt-pt","7":"product_cat-pacotes-arequipa","8":"desktop-align-center","9":"tablet-align-center","10":"mobile-align-center","11":"ast-product-gallery-layout-horizontal-slider","12":"ast-product-gallery-with-no-image","13":"ast-product-tabs-layout-horizontal","15":"first","16":"instock","17":"shipping-taxable","18":"purchasable","19":"product-type-simple"},"_links":{"self":[{"href":"https:\/\/www.prideperutravel.com\/pt-pt\/wp-json\/wp\/v2\/product\/1998","targetHints":{"allow":["GET"]}}],"collection":[{"href":"https:\/\/www.prideperutravel.com\/pt-pt\/wp-json\/wp\/v2\/product"}],"about":[{"href":"https:\/\/www.prideperutravel.com\/pt-pt\/wp-json\/wp\/v2\/types\/product"}],"version-history":[{"count":3,"href":"https:\/\/www.prideperutravel.com\/pt-pt\/wp-json\/wp\/v2\/product\/1998\/revisions"}],"predecessor-version":[{"id":3226,"href":"https:\/\/www.prideperutravel.com\/pt-pt\/wp-json\/wp\/v2\/product\/1998\/revisions\/3226"}],"wp:featuredmedia":[{"embeddable":true,"href":"https:\/\/www.prideperutravel.com\/pt-pt\/wp-json\/wp\/v2\/media\/1895"}],"wp:attachment":[{"href":"https:\/\/www.prideperutravel.com\/pt-pt\/wp-json\/wp\/v2\/media?parent=1998"}],"wp:term":[{"taxonomy":"product_brand","embeddable":true,"href":"https:\/\/www.prideperutravel.com\/pt-pt\/wp-json\/wp\/v2\/product_brand?post=1998"},{"taxonomy":"product_cat","embeddable":true,"href":"https:\/\/www.prideperutravel.com\/pt-pt\/wp-json\/wp\/v2\/product_cat?post=1998"},{"taxonomy":"product_tag","embeddable":true,"href":"https:\/\/www.prideperutravel.com\/pt-pt\/wp-json\/wp\/v2\/product_tag?post=1998"}],"curies":[{"name":"wp","href":"https:\/\/api.w.org\/{rel}","templated":true}]}}