{"id":2014,"date":"2021-12-21T12:02:09","date_gmt":"2021-12-21T17:02:09","guid":{"rendered":"https:\/\/www.prideperutravel.com\/tour\/sem%20categoria\/arequipa-canion-do-colca-4d-3n\/"},"modified":"2025-05-07T11:52:05","modified_gmt":"2025-05-07T16:52:05","slug":"arequipa-canion-do-colca-4d-3n","status":"publish","type":"product","link":"https:\/\/www.prideperutravel.com\/pt-pt\/tour\/arequipa-pt-pt\/pacotes-arequipa\/arequipa-canion-do-colca-4d-3n\/","title":{"rendered":"Arequipa &#038; C\u00e2nion do Colca &#038; Canteras de Sillar 4D\/3N"},"content":{"rendered":"\t\t<div data-elementor-type=\"product-post\" data-elementor-id=\"2014\" class=\"elementor elementor-2014 elementor-1914\" data-elementor-post-type=\"product\">\n\t\t\t\t\t\t<section class=\"elementor-section elementor-top-section elementor-element elementor-element-62d744c elementor-section-boxed elementor-section-height-default elementor-section-height-default\" data-id=\"62d744c\" data-element_type=\"section\">\n\t\t\t\t\t\t<div class=\"elementor-container elementor-column-gap-default\">\n\t\t\t\t\t<div class=\"elementor-column elementor-col-100 elementor-top-column elementor-element elementor-element-dc43214\" data-id=\"dc43214\" data-element_type=\"column\">\n\t\t\t<div class=\"elementor-widget-wrap elementor-element-populated\">\n\t\t\t\t\t\t<div class=\"elementor-element elementor-element-7140d79 elementor-widget elementor-widget-heading\" data-id=\"7140d79\" data-element_type=\"widget\" data-widget_type=\"heading.default\">\n\t\t\t\t<div class=\"elementor-widget-container\">\n\t\t\t\t\t<h3 class=\"elementor-heading-title elementor-size-default\">Itiner\u00e1rio:<\/h3>\t\t\t\t<\/div>\n\t\t\t\t<\/div>\n\t\t\t\t<div class=\"elementor-element elementor-element-f83694a elementor-widget elementor-widget-accordion\" data-id=\"f83694a\" data-element_type=\"widget\" data-widget_type=\"accordion.default\">\n\t\t\t\t<div class=\"elementor-widget-container\">\n\t\t\t\t\t\t\t<div class=\"elementor-accordion\">\n\t\t\t\t\t\t\t<div class=\"elementor-accordion-item\">\n\t\t\t\t\t<div id=\"elementor-tab-title-2601\" class=\"elementor-tab-title\" data-tab=\"1\" role=\"button\" aria-controls=\"elementor-tab-content-2601\" aria-expanded=\"false\">\n\t\t\t\t\t\t\t\t\t\t\t\t\t<span class=\"elementor-accordion-icon elementor-accordion-icon-left\" aria-hidden=\"true\">\n\t\t\t\t\t\t\t\t\t\t\t\t\t\t\t<span class=\"elementor-accordion-icon-closed\"><i class=\"fas fa-plus\"><\/i><\/span>\n\t\t\t\t\t\t\t\t<span class=\"elementor-accordion-icon-opened\"><i class=\"fas fa-minus\"><\/i><\/span>\n\t\t\t\t\t\t\t\t\t\t\t\t\t\t<\/span>\n\t\t\t\t\t\t\t\t\t\t\t\t<a class=\"elementor-accordion-title\" tabindex=\"0\">Dia 1: Chegada a Arequipa<\/a>\n\t\t\t\t\t<\/div>\n\t\t\t\t\t<div id=\"elementor-tab-content-2601\" class=\"elementor-tab-content elementor-clearfix\" data-tab=\"1\" role=\"region\" aria-labelledby=\"elementor-tab-title-2601\"><p>Assim que chegarmos a Arequipa, seremos transferidos para o hotel. Ap\u00f3s o check-in no hotel, teremos a manh\u00e3 livre para fazer compras ou descansar.<\/p><p><strong>** recomendado para chegar antes das 11:00<\/strong><\/p><p>Tarde:. Arequipa City tour<\/p><p>\u00c0 tarde, por volta das 13:30h iniciaremos nosso city tour em Arequipa, visitaremos o Mosteiro de Santa Catalina, depois visitaremos a Plaza de Armas, uma das mais belas do Peru, a Igreja Jesu\u00edta da Companhia, que em sua bela fachada anuncia a chamada arquitetura mesti\u00e7a, seus claustros e c\u00fapula, a casa de Tristan del Pozo e no final e para uma vista magn\u00edfica da cidade, visitaremos os bairros t\u00edpicos de Carmen alto e Yanahuara. (Mirador e Igreja). Voltaremos a Arequipa por volta das 18h.<\/p><p>Pernoite em Arequipa<\/p><\/div>\n\t\t\t\t<\/div>\n\t\t\t\t\t\t\t<div class=\"elementor-accordion-item\">\n\t\t\t\t\t<div id=\"elementor-tab-title-2602\" class=\"elementor-tab-title\" data-tab=\"2\" role=\"button\" aria-controls=\"elementor-tab-content-2602\" aria-expanded=\"false\">\n\t\t\t\t\t\t\t\t\t\t\t\t\t<span class=\"elementor-accordion-icon elementor-accordion-icon-left\" aria-hidden=\"true\">\n\t\t\t\t\t\t\t\t\t\t\t\t\t\t\t<span class=\"elementor-accordion-icon-closed\"><i class=\"fas fa-plus\"><\/i><\/span>\n\t\t\t\t\t\t\t\t<span class=\"elementor-accordion-icon-opened\"><i class=\"fas fa-minus\"><\/i><\/span>\n\t\t\t\t\t\t\t\t\t\t\t\t\t\t<\/span>\n\t\t\t\t\t\t\t\t\t\t\t\t<a class=\"elementor-accordion-title\" tabindex=\"0\">Dia 2: Dia inteiro:. C\u00e2nion do Colca<\/a>\n\t\t\t\t\t<\/div>\n\t\t\t\t\t<div id=\"elementor-tab-content-2602\" class=\"elementor-tab-content elementor-clearfix\" data-tab=\"2\" role=\"region\" aria-labelledby=\"elementor-tab-title-2602\"><p>Sa\u00edmos de Arequipa entre 2h30 e 3h00, dirigiremos por 3 horas a noroeste atr\u00e1s do Chachani at\u00e9 Chivay, capital do Colca Canyon. Onde tomaremos caf\u00e9 da manh\u00e3.<\/p><p>Continuamos dirigindo por 2 horas no ponto mais famoso do C\u00e2nion do Colca &#8220;La Cruz del Condor&#8221;. \u00c9 aqui que vemos a profundidade do c\u00e2nion e o voo do Condor. A \u00e1rea tem belas aldeias t\u00edpicas como Yanque e Maca, igrejas coloniais, pessoas simp\u00e1ticas com vestidos e chap\u00e9us com costuras t\u00edpicas e centenas de terra\u00e7os pr\u00e9-incas que ainda est\u00e3o em uso com culturas andinas como milho, quinoa e amaranto. J\u00e1 em Chivay ao meio-dia, h\u00e1 uma visita opcional \u00e0s fontes termais de La Calera, com piscinas que possuem temperatura da \u00e1gua de 40\u00b0C\/104\u00b0F.<\/p><p>Uma vez em Chivay, teremos um almo\u00e7o tradicional e depois do almo\u00e7o viajaremos de volta a Arequipa. Paramos no caminho, no degrau mais alto: o mirante dos vulc\u00f5es e montanhas nevadas de Patapampa (4.800m). Mais tarde veremos vicunhas, alpacas e lhamas selvagens na reserva nacional de Pampa Ca\u00f1ahuas e algumas aves como flamingos, \u00edbis, gansos andinos, patos e \u00e1guias andinas qu\u00edchuas chamadas &#8220;Kara Kara&#8221;. Finalmente chegamos \u00e0 cidade de Arequipa no final da tarde, aproximadamente \u00e0s 17:00.<\/p><p>Pernoite em Arequipa<\/p><\/div>\n\t\t\t\t<\/div>\n\t\t\t\t\t\t\t<div class=\"elementor-accordion-item\">\n\t\t\t\t\t<div id=\"elementor-tab-title-2603\" class=\"elementor-tab-title\" data-tab=\"3\" role=\"button\" aria-controls=\"elementor-tab-content-2603\" aria-expanded=\"false\">\n\t\t\t\t\t\t\t\t\t\t\t\t\t<span class=\"elementor-accordion-icon elementor-accordion-icon-left\" aria-hidden=\"true\">\n\t\t\t\t\t\t\t\t\t\t\t\t\t\t\t<span class=\"elementor-accordion-icon-closed\"><i class=\"fas fa-plus\"><\/i><\/span>\n\t\t\t\t\t\t\t\t<span class=\"elementor-accordion-icon-opened\"><i class=\"fas fa-minus\"><\/i><\/span>\n\t\t\t\t\t\t\t\t\t\t\t\t\t\t<\/span>\n\t\t\t\t\t\t\t\t\t\t\t\t<a class=\"elementor-accordion-title\" tabindex=\"0\">Dia 3: Manh\u00e3:. Visita Canteras Sillar<\/a>\n\t\t\t\t\t<\/div>\n\t\t\t\t\t<div id=\"elementor-tab-content-2603\" class=\"elementor-tab-content elementor-clearfix\" data-tab=\"3\" role=\"region\" aria-labelledby=\"elementor-tab-title-2603\"><p>Recolha em nosso alojamento por volta das 8h e traslado \u00e0s pedreiras de silhar no distrito de Cerro Colorado. Em tempo de arpo. A 30 minutos do centro de Arequipa chegamos a este lugar conhecido como Pedreiras A\u00f1ashuayco, neste lugar podemos ver onde \u00e9 que os pedreiros levam Ignimbrite e conseguem pacientemente desenvolver o Sillar, explicaremos em detalhes a prepara\u00e7\u00e3o e tamb\u00e9m eles aprenda a hist\u00f3ria por tr\u00e1s do Sillar. No devido tempo retornaremos \u00e0 cidade de Arequipa e chegaremos por volta das 13h<\/p><p>Tarde livre para desfrutar da cidade ou visitar museus.<\/p><p>Pernoite em Arequipa<\/p><\/div>\n\t\t\t\t<\/div>\n\t\t\t\t\t\t\t<div class=\"elementor-accordion-item\">\n\t\t\t\t\t<div id=\"elementor-tab-title-2604\" class=\"elementor-tab-title\" data-tab=\"4\" role=\"button\" aria-controls=\"elementor-tab-content-2604\" aria-expanded=\"false\">\n\t\t\t\t\t\t\t\t\t\t\t\t\t<span class=\"elementor-accordion-icon elementor-accordion-icon-left\" aria-hidden=\"true\">\n\t\t\t\t\t\t\t\t\t\t\t\t\t\t\t<span class=\"elementor-accordion-icon-closed\"><i class=\"fas fa-plus\"><\/i><\/span>\n\t\t\t\t\t\t\t\t<span class=\"elementor-accordion-icon-opened\"><i class=\"fas fa-minus\"><\/i><\/span>\n\t\t\t\t\t\t\t\t\t\t\t\t\t\t<\/span>\n\t\t\t\t\t\t\t\t\t\t\t\t<a class=\"elementor-accordion-title\" tabindex=\"0\">Dia 4: Partida de Arequipa<\/a>\n\t\t\t\t\t<\/div>\n\t\t\t\t\t<div id=\"elementor-tab-content-2604\" class=\"elementor-tab-content elementor-clearfix\" data-tab=\"4\" role=\"region\" aria-labelledby=\"elementor-tab-title-2604\"><p>Ap\u00f3s o caf\u00e9 da manh\u00e3 no hotel, traslado ao aeroporto para o seu voo de partida.<\/p><p>Fim dos nossos servi\u00e7os!<\/p><\/div>\n\t\t\t\t<\/div>\n\t\t\t\t\t\t\t\t<\/div>\n\t\t\t\t\t\t<\/div>\n\t\t\t\t<\/div>\n\t\t\t\t<div class=\"elementor-element elementor-element-c6ad609 elementor-widget elementor-widget-text-editor\" data-id=\"c6ad609\" data-element_type=\"widget\" data-widget_type=\"text-editor.default\">\n\t\t\t\t<div class=\"elementor-widget-container\">\n\t\t\t\t\t\t\t\t\t<h3><span style=\"color: #008000;\"><strong>O que est\u00e1 incluido:<\/strong><\/span><\/h3><ul><li>Traslado no aeroporto de Arequipa (ou rodovi\u00e1ria)<\/li><li>City tour em Arequipa<\/li><li>Visita ao Mosteiro de Santa Catalina<\/li><li>Visite o C\u00e2nion do Colca, Cruz do Condor, Yanque, Chivay, Reserva Nacional de Pampa Ca\u00f1ahuas<\/li><li>Bilhete tur\u00edstico no C\u00e2nion do Colca<\/li><li>Entrada para o Mosteiro de Santa Catalina<\/li><li>Guia profissional em ingl\u00eas ou espanhol<\/li><li>3 noites em Arequipa<\/li><li>Caf\u00e9 da manh\u00e3 no alojamento<\/li><li>Almo\u00e7o em Chivay<\/li><li>Todo o transporte<\/li><li>Suporte 24\/7<\/li><\/ul><h3><span style=\"color: #008000;\"><strong>N\u00e3o incluso:<\/strong><\/span><\/h3><ul><li>Refei\u00e7\u00f5es n\u00e3o especificadas no itiner\u00e1rio<\/li><li>Alojamento em Arequipa<\/li><li>Transporte de chegada\/sa\u00edda de Arequipa<\/li><\/ul><h3><span style=\"color: #008000;\"><strong>Lista recomendada:<\/strong><\/span><\/h3><ul><li>Lanches (frutas secas, biscoitos, doces, chocolates, etc.)<\/li><li>Sapatos de caminhada ou t\u00eanis<\/li><li>Equipamento completo para chuva ou poncho<\/li><li>Luvas, gorro, cachecol<\/li><li>Roupa de banho (opcional para fontes termais)<\/li><li>Chap\u00e9u ou bon\u00e9<\/li><li>\u00d3culos de sol<\/li><li>Protetor solar<\/li><li>Artigos de higiene pessoal (papel higi\u00eanico, xampu, sabonete, creme para o corpo)<\/li><li>Garrafa de \u00c1gua<\/li><\/ul>\t\t\t\t\t\t\t\t<\/div>\n\t\t\t\t<\/div>\n\t\t\t\t\t<\/div>\n\t\t<\/div>\n\t\t\t\t\t<\/div>\n\t\t<\/section>\n\t\t\t\t<\/div>\n\t\t","protected":false},"excerpt":{"rendered":"<p><strong>C\u00d3DIGO:<\/strong> PVT-AP003<\/p>\n<ul>\n<li><strong>Partidas: Di\u00e1rias<\/strong><\/li>\n<li><strong>Dura\u00e7\u00e3o: 4 dias \/ 3 noites<\/strong><\/li>\n<\/ul>\n","protected":false},"featured_media":3420,"template":"","meta":{"site-sidebar-layout":"no-sidebar","site-content-layout":"page-builder","ast-site-content-layout":"full-width-container","site-content-style":"unboxed","site-sidebar-style":"unboxed","ast-global-header-display":"","ast-banner-title-visibility":"","ast-main-header-display":"","ast-hfb-above-header-display":"","ast-hfb-below-header-display":"","ast-hfb-mobile-header-display":"","site-post-title":"disabled","ast-breadcrumbs-content":"","ast-featured-img":"disabled","footer-sml-layout":"","theme-transparent-header-meta":"default","adv-header-id-meta":"","stick-header-meta":"default","header-above-stick-meta":"","header-main-stick-meta":"","header-below-stick-meta":"","astra-migrate-meta-layouts":"default","ast-page-background-enabled":"default","ast-page-background-meta":{"desktop":{"background-color":"var(--ast-global-color-4)","background-image":"","background-repeat":"repeat","background-position":"center center","background-size":"auto","background-attachment":"scroll","background-type":"","background-media":"","overlay-type":"","overlay-color":"","overlay-opacity":"","overlay-gradient":""},"tablet":{"background-color":"","background-image":"","background-repeat":"repeat","background-position":"center center","background-size":"auto","background-attachment":"scroll","background-type":"","background-media":"","overlay-type":"","overlay-color":"","overlay-opacity":"","overlay-gradient":""},"mobile":{"background-color":"","background-image":"","background-repeat":"repeat","background-position":"center center","background-size":"auto","background-attachment":"scroll","background-type":"","background-media":"","overlay-type":"","overlay-color":"","overlay-opacity":"","overlay-gradient":""}},"ast-content-background-meta":{"desktop":{"background-color":"var(--ast-global-color-5)","background-image":"","background-repeat":"repeat","background-position":"center center","background-size":"auto","background-attachment":"scroll","background-type":"","background-media":"","overlay-type":"","overlay-color":"","overlay-opacity":"","overlay-gradient":""},"tablet":{"background-color":"var(--ast-global-color-5)","background-image":"","background-repeat":"repeat","background-position":"center center","background-size":"auto","background-attachment":"scroll","background-type":"","background-media":"","overlay-type":"","overlay-color":"","overlay-opacity":"","overlay-gradient":""},"mobile":{"background-color":"var(--ast-global-color-5)","background-image":"","background-repeat":"repeat","background-position":"center center","background-size":"auto","background-attachment":"scroll","background-type":"","background-media":"","overlay-type":"","overlay-color":"","overlay-opacity":"","overlay-gradient":""}},"_joinchat":[]},"product_brand":[],"product_cat":[91,93],"product_tag":[],"class_list":{"0":"post-2014","1":"product","2":"type-product","3":"status-publish","4":"has-post-thumbnail","6":"product_cat-arequipa-pt-pt","7":"product_cat-pacotes-arequipa","8":"desktop-align-center","9":"tablet-align-center","10":"mobile-align-center","11":"ast-product-gallery-layout-horizontal-slider","12":"ast-product-gallery-with-no-image","13":"ast-product-single-variable","14":"ast-product-tabs-layout-horizontal","16":"first","17":"instock","18":"shipping-taxable","19":"purchasable","20":"product-type-variable"},"_links":{"self":[{"href":"https:\/\/www.prideperutravel.com\/pt-pt\/wp-json\/wp\/v2\/product\/2014","targetHints":{"allow":["GET"]}}],"collection":[{"href":"https:\/\/www.prideperutravel.com\/pt-pt\/wp-json\/wp\/v2\/product"}],"about":[{"href":"https:\/\/www.prideperutravel.com\/pt-pt\/wp-json\/wp\/v2\/types\/product"}],"version-history":[{"count":12,"href":"https:\/\/www.prideperutravel.com\/pt-pt\/wp-json\/wp\/v2\/product\/2014\/revisions"}],"predecessor-version":[{"id":3417,"href":"https:\/\/www.prideperutravel.com\/pt-pt\/wp-json\/wp\/v2\/product\/2014\/revisions\/3417"}],"wp:featuredmedia":[{"embeddable":true,"href":"https:\/\/www.prideperutravel.com\/pt-pt\/wp-json\/wp\/v2\/media\/3420"}],"wp:attachment":[{"href":"https:\/\/www.prideperutravel.com\/pt-pt\/wp-json\/wp\/v2\/media?parent=2014"}],"wp:term":[{"taxonomy":"product_brand","embeddable":true,"href":"https:\/\/www.prideperutravel.com\/pt-pt\/wp-json\/wp\/v2\/product_brand?post=2014"},{"taxonomy":"product_cat","embeddable":true,"href":"https:\/\/www.prideperutravel.com\/pt-pt\/wp-json\/wp\/v2\/product_cat?post=2014"},{"taxonomy":"product_tag","embeddable":true,"href":"https:\/\/www.prideperutravel.com\/pt-pt\/wp-json\/wp\/v2\/product_tag?post=2014"}],"curies":[{"name":"wp","href":"https:\/\/api.w.org\/{rel}","templated":true}]}}