{"id":2092,"date":"2021-12-21T15:51:09","date_gmt":"2021-12-21T20:51:09","guid":{"rendered":"https:\/\/www.prideperutravel.com\/tour\/sem%20categoria\/excursao-de-aventura-sand-buggy\/"},"modified":"2022-02-01T15:06:32","modified_gmt":"2022-02-01T20:06:32","slug":"excursao-de-aventura-sand-buggy","status":"publish","type":"product","link":"https:\/\/www.prideperutravel.com\/pt-pt\/tour\/lima-nazca-paracas-ica-pt-pt\/ica-pt-pt\/excursao-de-aventura-sand-buggy\/","title":{"rendered":"Excurs\u00e3o de aventura Sand Buggy"},"content":{"rendered":"<h3><span style=\"color: #008000;\"><strong>Itiner\u00e1rio:<\/strong><\/span><\/h3>\n<p style=\"text-align: justify;\">Desfrute de um passeio divertido nas dunas de Huacachina com um motorista experiente para fazer sua adrenalina atingir 100% como uma montanha \u00edngreme, uma imagem para bater na mesa e escorregar a velocidades entre 40 a 80 km \/ h<\/p>\n<p style=\"text-align: justify;\">A melhor pr\u00e1tica \u00e9 a \u00faltima partida \u00e0s 16:00, porque \u00e9 menos quente e voc\u00ea pode assistir o p\u00f4r do sol (este turno dura 2 horas aprox.).<\/p>\n<p style=\"text-align: justify;\">O passeio come\u00e7a com o recolhimento do seu alojamento em Huacanchina, e depois transferido para a Lagoa Huacachina, o Oasis oferece paisagens muito bonitas, pois \u00e9 um pequeno lago localizado no meio do deserto, rodeado por palmeiras, dunas de areia e alfarrobeiras ou huarangos, bem como belas casas que est\u00e3o em suas margens que o tornam um espet\u00e1culo verdadeiramente \u00fanico. Ap\u00f3s cerca de 20 minutos chegaremos \u00e0 \u00e1rea do deserto, aqui encontramos uma s\u00e9rie de grandes e pequenas dunas que a nossa caixa de areia vai subir e descer sentindo muita adrenalina ao mesmo tempo fazer uma parada nas dunas que oferecem as condi\u00e7\u00f5es adequadas para a pr\u00e1tica de sandboard para iniciantes e tamb\u00e9m para atletas profissionais, nosso motorista e guia nos ensinar\u00e3o de maneira segura como praticar este esporte para que os participantes possam aproveitar o passeio.<\/p>\n<p style=\"text-align: justify;\">Neste local voc\u00ea tamb\u00e9m pode apreciar a paisagem do deserto onde faremos paradas para tirar fotos, aproveite tamb\u00e9m na rota do retorno do p\u00f4r do sol.<\/p>\n<p style=\"text-align: justify;\">Finalmente, retorne ao seu respectivo hotel.<\/p>\n<h3><span style=\"color: #008000;\"><strong>O que est\u00e1 inclu\u00eddo:<\/strong><\/span><\/h3>\n<ul>\n<li>Traslado do hotel em huacachina ou ica<\/li>\n<li>Transporte<\/li>\n<li>Assist\u00eancia profissional guia tur\u00edstica bil\u00edngue<\/li>\n<li>Buggies<\/li>\n<li>Tabela de sandboard<\/li>\n<li>Traslado ao hotel em huacachina ou ica<\/li>\n<\/ul>\n<h3><span style=\"color: #008000;\"><strong>N\u00e3o incluso:<\/strong><\/span><\/h3>\n<ul>\n<li>Refei\u00e7\u00f5es n\u00e3o especificadas no itiner\u00e1rio<\/li>\n<li>Alojamento<\/li>\n<\/ul>\n<h3><span style=\"color: #008000;\"><strong>Lista recomendada<\/strong><\/span><\/h3>\n<ul>\n<li>Lanches<\/li>\n<li>Sapatos De Caminhada Ou T\u00eanis<\/li>\n<li>Chap\u00e9u Ou Bon\u00e9<\/li>\n<li>\u00d3culos De Sol<\/li>\n<li>Protetor Solar<\/li>\n<li>Artigos De Toalete<\/li>\n<li>C\u00e2meras Fotogr\u00e1ficas \/ De V\u00eddeo E Carregadores<\/li>\n<li>Garrafa De \u00c1gua<\/li>\n<\/ul>\n","protected":false},"excerpt":{"rendered":"<p><strong>C\u00d3DIGO: <\/strong>PVT-IT003<\/p>\n<ul>\n<li><strong>Partidas: Di\u00e1rias<\/strong><\/li>\n<li><strong>Dura\u00e7\u00e3o: Aproximadamente 2 horas<\/strong><\/li>\n<\/ul>\n","protected":false},"featured_media":3393,"template":"","meta":{"site-sidebar-layout":"default","site-content-layout":"default","ast-site-content-layout":"default","site-content-style":"default","site-sidebar-style":"default","ast-global-header-display":"","ast-banner-title-visibility":"","ast-main-header-display":"","ast-hfb-above-header-display":"","ast-hfb-below-header-display":"","ast-hfb-mobile-header-display":"","site-post-title":"","ast-breadcrumbs-content":"","ast-featured-img":"","footer-sml-layout":"","theme-transparent-header-meta":"default","adv-header-id-meta":"","stick-header-meta":"default","header-above-stick-meta":"","header-main-stick-meta":"","header-below-stick-meta":"","astra-migrate-meta-layouts":"default","ast-page-background-enabled":"default","ast-page-background-meta":{"desktop":{"background-color":"var(--ast-global-color-4)","background-image":"","background-repeat":"repeat","background-position":"center center","background-size":"auto","background-attachment":"scroll","background-type":"","background-media":"","overlay-type":"","overlay-color":"","overlay-opacity":"","overlay-gradient":""},"tablet":{"background-color":"","background-image":"","background-repeat":"repeat","background-position":"center center","background-size":"auto","background-attachment":"scroll","background-type":"","background-media":"","overlay-type":"","overlay-color":"","overlay-opacity":"","overlay-gradient":""},"mobile":{"background-color":"","background-image":"","background-repeat":"repeat","background-position":"center center","background-size":"auto","background-attachment":"scroll","background-type":"","background-media":"","overlay-type":"","overlay-color":"","overlay-opacity":"","overlay-gradient":""}},"ast-content-background-meta":{"desktop":{"background-color":"var(--ast-global-color-5)","background-image":"","background-repeat":"repeat","background-position":"center center","background-size":"auto","background-attachment":"scroll","background-type":"","background-media":"","overlay-type":"","overlay-color":"","overlay-opacity":"","overlay-gradient":""},"tablet":{"background-color":"var(--ast-global-color-5)","background-image":"","background-repeat":"repeat","background-position":"center center","background-size":"auto","background-attachment":"scroll","background-type":"","background-media":"","overlay-type":"","overlay-color":"","overlay-opacity":"","overlay-gradient":""},"mobile":{"background-color":"var(--ast-global-color-5)","background-image":"","background-repeat":"repeat","background-position":"center center","background-size":"auto","background-attachment":"scroll","background-type":"","background-media":"","overlay-type":"","overlay-color":"","overlay-opacity":"","overlay-gradient":""}},"_joinchat":[]},"product_brand":[],"product_cat":[103],"product_tag":[],"class_list":{"0":"post-2092","1":"product","2":"type-product","3":"status-publish","4":"has-post-thumbnail","6":"product_cat-ica-pt-pt","7":"desktop-align-center","8":"tablet-align-center","9":"mobile-align-center","10":"ast-product-gallery-layout-horizontal-slider","11":"ast-product-gallery-with-no-image","12":"ast-product-tabs-layout-horizontal","14":"first","15":"instock","16":"shipping-taxable","17":"purchasable","18":"product-type-simple"},"_links":{"self":[{"href":"https:\/\/www.prideperutravel.com\/pt-pt\/wp-json\/wp\/v2\/product\/2092","targetHints":{"allow":["GET"]}}],"collection":[{"href":"https:\/\/www.prideperutravel.com\/pt-pt\/wp-json\/wp\/v2\/product"}],"about":[{"href":"https:\/\/www.prideperutravel.com\/pt-pt\/wp-json\/wp\/v2\/types\/product"}],"version-history":[{"count":2,"href":"https:\/\/www.prideperutravel.com\/pt-pt\/wp-json\/wp\/v2\/product\/2092\/revisions"}],"predecessor-version":[{"id":3213,"href":"https:\/\/www.prideperutravel.com\/pt-pt\/wp-json\/wp\/v2\/product\/2092\/revisions\/3213"}],"wp:featuredmedia":[{"embeddable":true,"href":"https:\/\/www.prideperutravel.com\/pt-pt\/wp-json\/wp\/v2\/media\/3393"}],"wp:attachment":[{"href":"https:\/\/www.prideperutravel.com\/pt-pt\/wp-json\/wp\/v2\/media?parent=2092"}],"wp:term":[{"taxonomy":"product_brand","embeddable":true,"href":"https:\/\/www.prideperutravel.com\/pt-pt\/wp-json\/wp\/v2\/product_brand?post=2092"},{"taxonomy":"product_cat","embeddable":true,"href":"https:\/\/www.prideperutravel.com\/pt-pt\/wp-json\/wp\/v2\/product_cat?post=2092"},{"taxonomy":"product_tag","embeddable":true,"href":"https:\/\/www.prideperutravel.com\/pt-pt\/wp-json\/wp\/v2\/product_tag?post=2092"}],"curies":[{"name":"wp","href":"https:\/\/api.w.org\/{rel}","templated":true}]}}