{"id":2143,"date":"2021-12-21T16:31:26","date_gmt":"2021-12-21T21:31:26","guid":{"rendered":"https:\/\/www.prideperutravel.com\/tour\/sem%20categoria\/tour-linhas-de-nazca\/"},"modified":"2022-02-01T15:02:15","modified_gmt":"2022-02-01T20:02:15","slug":"tour-linhas-de-nazca","status":"publish","type":"product","link":"https:\/\/www.prideperutravel.com\/pt-pt\/tour\/lima-nazca-paracas-ica-pt-pt\/nazca-pt-pt\/tour-linhas-de-nazca\/","title":{"rendered":"Tour linhas de Nazca"},"content":{"rendered":"<h3 style=\"text-align: justify;\"><span style=\"color: #008000;\"><strong>Itiner\u00e1rio:<\/strong><\/span><\/h3>\n<p style=\"text-align: justify;\">As Linhas de Nazca s\u00e3o centenas de linhas retas que freq\u00fcentemente ultrapassam um quil\u00f4metro de comprimento, grandes trap\u00e9zios, espirais, tri\u00e2ngulos e desenhos de animais e pessoas est\u00e3o espalhados no deserto.<\/p>\n<p style=\"text-align: justify;\">Voc\u00ea ser\u00e1 pego em seu hotel em Nazca e levado para o aer\u00f3dromo, onde embarcar\u00e1 em uma aeronave leve para um memor\u00e1vel voo das Linhas de Nazca. Um guia bil\u00edng\u00fce (ingl\u00eas \/ espanhol) ir\u00e1 acompanh\u00e1-lo nesta excurs\u00e3o.<\/p>\n<p style=\"text-align: justify;\">Este voo sobre as Linhas de Nazca cobrir\u00e1 a extens\u00e3o do pedregoso deserto de Nazca, cuja superf\u00edcie \u00e9 marcada por gigantescos desenhos e formas geom\u00e9tricas. O voo dura exatamente 30 minutos e \u00e9 a melhor maneira de ver essas linhas e desenhos fascinantes que intrigam as pessoas h\u00e1 anos.<\/p>\n<p style=\"text-align: justify;\">Aqui, voc\u00ea ver\u00e1 v\u00e1rias figuras desenhadas na superf\u00edcie pedregosa do deserto de Nazca, representando animais e plantas estilizadas, distribu\u00eddas em um enorme labirinto de linhas, trap\u00e9zios, tri\u00e2ngulos e c\u00edrculos que foram preservados por quase 2000 anos. Eles s\u00e3o os restos mais incr\u00edveis que uma cultura antiga deixou para tr\u00e1s. Esses projetos, alguns deles com at\u00e9 500 metros, podem ser verdadeiramente apreciados apenas do c\u00e9u a uma altitude de 1.500 p\u00e9s.<\/p>\n<p style=\"text-align: justify;\">Retorno para o aer\u00f3dromo.<\/p>\n<p style=\"text-align: justify;\">No final do voo das Linhas de Nazca, voc\u00ea ser\u00e1 retirado seu hotel em Nazca.<\/p>\n<p>** <em>O limite m\u00e1ximo de peso para o voo por pessoa \u00e9 de 95 quilos, um custo adicional de $ 80,00 ser\u00e1 adicionado se voc\u00ea exceder o limite de peso fornecido.<\/em><\/p>\n<h3><span style=\"color: #008000;\"><strong>O que est\u00e1 inclu\u00eddo:<\/strong><\/span><\/h3>\n<ul>\n<li>Traslado ida\/retorno do hotel em Nazca<\/li>\n<li>Guia de Ingl\u00eas ou Espanhol<\/li>\n<li>Proje\u00e7\u00e3o de v\u00eddeo sobre as Linhas de Nazca no aeroporto<\/li>\n<li>30 minutos de voo panor\u00e2mico sobre as linhas de Nazca.<\/li>\n<\/ul>\n<h3><span style=\"color: #008000;\"><strong>N\u00e3o incluso:<\/strong><\/span><\/h3>\n<ul>\n<li>Taxas aeroportu\u00e1rias<\/li>\n<li>Refei\u00e7\u00f5es n\u00e3o especificadas no itiner\u00e1rio<\/li>\n<li>Acomoda\u00e7\u00f5es<\/li>\n<\/ul>\n<h3><span style=\"color: #008000;\"><strong>Lista recomendada<\/strong><\/span><\/h3>\n<ul>\n<li>Lanches<\/li>\n<li>Sapatos de caminhada ou t\u00eanis<\/li>\n<li>Chap\u00e9u ou bon\u00e9<\/li>\n<li>\u00d3culos de sol<\/li>\n<li>Protetor solar<\/li>\n<li>Artigos de toalete<\/li>\n<li>C\u00e2meras fotogr\u00e1ficas \/ de v\u00eddeo e carregadores<\/li>\n<li>Garrafa de agua<\/li>\n<\/ul>\n","protected":false},"excerpt":{"rendered":"<p><strong>C\u00d3DIGO: <\/strong>PVT-NT001<\/p>\n<ul>\n<li><strong>Partidas: Di\u00e1rias<\/strong><\/li>\n<li><strong>Dura\u00e7\u00e3o: Aproximadamente 30 minutos<\/strong><\/li>\n<\/ul>\n","protected":false},"featured_media":2124,"template":"","meta":{"site-sidebar-layout":"default","site-content-layout":"default","ast-site-content-layout":"default","site-content-style":"default","site-sidebar-style":"default","ast-global-header-display":"","ast-banner-title-visibility":"","ast-main-header-display":"","ast-hfb-above-header-display":"","ast-hfb-below-header-display":"","ast-hfb-mobile-header-display":"","site-post-title":"","ast-breadcrumbs-content":"","ast-featured-img":"","footer-sml-layout":"","theme-transparent-header-meta":"default","adv-header-id-meta":"","stick-header-meta":"default","header-above-stick-meta":"","header-main-stick-meta":"","header-below-stick-meta":"","astra-migrate-meta-layouts":"default","ast-page-background-enabled":"default","ast-page-background-meta":{"desktop":{"background-color":"var(--ast-global-color-4)","background-image":"","background-repeat":"repeat","background-position":"center center","background-size":"auto","background-attachment":"scroll","background-type":"","background-media":"","overlay-type":"","overlay-color":"","overlay-opacity":"","overlay-gradient":""},"tablet":{"background-color":"","background-image":"","background-repeat":"repeat","background-position":"center center","background-size":"auto","background-attachment":"scroll","background-type":"","background-media":"","overlay-type":"","overlay-color":"","overlay-opacity":"","overlay-gradient":""},"mobile":{"background-color":"","background-image":"","background-repeat":"repeat","background-position":"center center","background-size":"auto","background-attachment":"scroll","background-type":"","background-media":"","overlay-type":"","overlay-color":"","overlay-opacity":"","overlay-gradient":""}},"ast-content-background-meta":{"desktop":{"background-color":"var(--ast-global-color-5)","background-image":"","background-repeat":"repeat","background-position":"center center","background-size":"auto","background-attachment":"scroll","background-type":"","background-media":"","overlay-type":"","overlay-color":"","overlay-opacity":"","overlay-gradient":""},"tablet":{"background-color":"var(--ast-global-color-5)","background-image":"","background-repeat":"repeat","background-position":"center center","background-size":"auto","background-attachment":"scroll","background-type":"","background-media":"","overlay-type":"","overlay-color":"","overlay-opacity":"","overlay-gradient":""},"mobile":{"background-color":"var(--ast-global-color-5)","background-image":"","background-repeat":"repeat","background-position":"center center","background-size":"auto","background-attachment":"scroll","background-type":"","background-media":"","overlay-type":"","overlay-color":"","overlay-opacity":"","overlay-gradient":""}},"_joinchat":[]},"product_brand":[],"product_cat":[101],"product_tag":[],"class_list":{"0":"post-2143","1":"product","2":"type-product","3":"status-publish","4":"has-post-thumbnail","6":"product_cat-nazca-pt-pt","7":"desktop-align-center","8":"tablet-align-center","9":"mobile-align-center","10":"ast-product-gallery-layout-horizontal-slider","11":"ast-product-gallery-with-no-image","12":"ast-product-tabs-layout-horizontal","14":"first","15":"instock","16":"shipping-taxable","17":"purchasable","18":"product-type-simple"},"_links":{"self":[{"href":"https:\/\/www.prideperutravel.com\/pt-pt\/wp-json\/wp\/v2\/product\/2143","targetHints":{"allow":["GET"]}}],"collection":[{"href":"https:\/\/www.prideperutravel.com\/pt-pt\/wp-json\/wp\/v2\/product"}],"about":[{"href":"https:\/\/www.prideperutravel.com\/pt-pt\/wp-json\/wp\/v2\/types\/product"}],"version-history":[{"count":2,"href":"https:\/\/www.prideperutravel.com\/pt-pt\/wp-json\/wp\/v2\/product\/2143\/revisions"}],"predecessor-version":[{"id":3209,"href":"https:\/\/www.prideperutravel.com\/pt-pt\/wp-json\/wp\/v2\/product\/2143\/revisions\/3209"}],"wp:featuredmedia":[{"embeddable":true,"href":"https:\/\/www.prideperutravel.com\/pt-pt\/wp-json\/wp\/v2\/media\/2124"}],"wp:attachment":[{"href":"https:\/\/www.prideperutravel.com\/pt-pt\/wp-json\/wp\/v2\/media?parent=2143"}],"wp:term":[{"taxonomy":"product_brand","embeddable":true,"href":"https:\/\/www.prideperutravel.com\/pt-pt\/wp-json\/wp\/v2\/product_brand?post=2143"},{"taxonomy":"product_cat","embeddable":true,"href":"https:\/\/www.prideperutravel.com\/pt-pt\/wp-json\/wp\/v2\/product_cat?post=2143"},{"taxonomy":"product_tag","embeddable":true,"href":"https:\/\/www.prideperutravel.com\/pt-pt\/wp-json\/wp\/v2\/product_tag?post=2143"}],"curies":[{"name":"wp","href":"https:\/\/api.w.org\/{rel}","templated":true}]}}