{"id":2320,"date":"2021-12-22T09:13:08","date_gmt":"2021-12-22T14:13:08","guid":{"rendered":"https:\/\/www.prideperutravel.com\/tour\/sem%20categoria\/lima-city-tour\/"},"modified":"2022-02-03T14:33:53","modified_gmt":"2022-02-03T19:33:53","slug":"lima-city-tour","status":"publish","type":"product","link":"https:\/\/www.prideperutravel.com\/pt-pt\/tour\/lima-nazca-paracas-ica-pt-pt\/lima-pt-pt\/lima-city-tour\/","title":{"rendered":"Lima City Tour"},"content":{"rendered":"<h3><span style=\"color: #008000;\"><strong>Itiner\u00e1rio:<\/strong><\/span><\/h3>\n<p style=\"text-align: justify;\">Nossa excurs\u00e3o oferece as melhores atra\u00e7\u00f5es de Lima em seus tr\u00eas per\u00edodos hist\u00f3ricos: pr\u00e9-hisp\u00e2nico, colonial e moderno.<\/p>\n<p style=\"text-align: justify;\">Come\u00e7amos nosso passeio com uma vista panor\u00e2mica da \u201cPir\u00e2mide de Pucllana\u201d, um magn\u00edfico centro cerimonial e arqueol\u00f3gico constru\u00eddo no s\u00e9culo IV dC e considerado uma \u201cVila Sagrada\u201d pelos Incas. O vice-reinado do Peru era o mais importante do Imp\u00e9rio Espanhol e Lima era sua capital.<\/p>\n<p style=\"text-align: justify;\">Visitamos o Centro Hist\u00f3rico de Lima, onde voc\u00ea poder\u00e1 apreciar mais de cinquenta monumentos e edifica\u00e7\u00f5es coloniais, como o Paseo de la Rep\u00fablica, a Pra\u00e7a San Mart\u00edn, a Pra\u00e7a Principal, o Pal\u00e1cio do Governo, o Pal\u00e1cio do Arcebispo, a Catedral Bas\u00edlica, e o Pal\u00e1cio da C\u00e2mara Municipal, entre outros. Ap\u00f3s que iremos para o monumental Convento de S\u00e3o Francisco, que exibe a maior cole\u00e7\u00e3o de arte religiosa na Am\u00e9rica. Nosso destaque ser\u00e1 a visita das ab\u00f3badas subterr\u00e2neas, conhecidas como \u201cCatacumbas\u201d ou Catacumbas.<\/p>\n<p style=\"text-align: justify;\">Visitaremos as \u00e1reas residenciais tradicionais de Lima, como El Olivar de San Isidro, Miraflores e Larcomar.<\/p>\n<h3><span style=\"color: #008000;\"><strong>O que est\u00e1 inclu\u00eddo:<\/strong><\/span><\/h3>\n<ul>\n<li>Traslado do alojamento em Lima<\/li>\n<li>Entradas<\/li>\n<li>Transporte<\/li>\n<li>Guia Bil\u00edngue<\/li>\n<li>Traslado ao alojamento em Lima<\/li>\n<\/ul>\n<h3><span style=\"color: #008000;\"><strong>N\u00e3o incluso:<\/strong><\/span><\/h3>\n<ul>\n<li>Refei\u00e7\u00f5es n\u00e3o especificadas no itiner\u00e1rio<\/li>\n<li>Alojamento<\/li>\n<\/ul>\n<h3><span style=\"color: #008000;\"><strong>Lista recomendada<\/strong><\/span><\/h3>\n<ul>\n<li>Lanches<\/li>\n<li>Sapatos de caminhada ou t\u00eanis<\/li>\n<li>Chap\u00e9u ou bon\u00e9<\/li>\n<li>\u00d3culos de sol<\/li>\n<li>Protetor solar<\/li>\n<li>Artigos de toalete<\/li>\n<li>C\u00e2meras fotogr\u00e1ficas \/ de v\u00eddeo e carregadores<\/li>\n<li>Garrafa de \u00c1gua<\/li>\n<\/ul>\n","protected":false},"excerpt":{"rendered":"<p><strong>C\u00d3DIGO: <\/strong>PVT-LT001<\/p>\n<ul>\n<li><strong>Partidas: diariamente \u00e0s 09:00 h \/ 14:00h<\/strong><\/li>\n<li><strong>Dura\u00e7\u00e3o: Aproximadamente 4 horas<\/strong><\/li>\n<\/ul>\n","protected":false},"featured_media":2212,"template":"","meta":{"site-sidebar-layout":"default","site-content-layout":"default","ast-site-content-layout":"default","site-content-style":"default","site-sidebar-style":"default","ast-global-header-display":"","ast-banner-title-visibility":"","ast-main-header-display":"","ast-hfb-above-header-display":"","ast-hfb-below-header-display":"","ast-hfb-mobile-header-display":"","site-post-title":"","ast-breadcrumbs-content":"","ast-featured-img":"","footer-sml-layout":"","theme-transparent-header-meta":"default","adv-header-id-meta":"","stick-header-meta":"default","header-above-stick-meta":"","header-main-stick-meta":"","header-below-stick-meta":"","astra-migrate-meta-layouts":"default","ast-page-background-enabled":"default","ast-page-background-meta":{"desktop":{"background-color":"var(--ast-global-color-4)","background-image":"","background-repeat":"repeat","background-position":"center center","background-size":"auto","background-attachment":"scroll","background-type":"","background-media":"","overlay-type":"","overlay-color":"","overlay-opacity":"","overlay-gradient":""},"tablet":{"background-color":"","background-image":"","background-repeat":"repeat","background-position":"center center","background-size":"auto","background-attachment":"scroll","background-type":"","background-media":"","overlay-type":"","overlay-color":"","overlay-opacity":"","overlay-gradient":""},"mobile":{"background-color":"","background-image":"","background-repeat":"repeat","background-position":"center center","background-size":"auto","background-attachment":"scroll","background-type":"","background-media":"","overlay-type":"","overlay-color":"","overlay-opacity":"","overlay-gradient":""}},"ast-content-background-meta":{"desktop":{"background-color":"var(--ast-global-color-5)","background-image":"","background-repeat":"repeat","background-position":"center center","background-size":"auto","background-attachment":"scroll","background-type":"","background-media":"","overlay-type":"","overlay-color":"","overlay-opacity":"","overlay-gradient":""},"tablet":{"background-color":"var(--ast-global-color-5)","background-image":"","background-repeat":"repeat","background-position":"center center","background-size":"auto","background-attachment":"scroll","background-type":"","background-media":"","overlay-type":"","overlay-color":"","overlay-opacity":"","overlay-gradient":""},"mobile":{"background-color":"var(--ast-global-color-5)","background-image":"","background-repeat":"repeat","background-position":"center center","background-size":"auto","background-attachment":"scroll","background-type":"","background-media":"","overlay-type":"","overlay-color":"","overlay-opacity":"","overlay-gradient":""}},"_joinchat":[]},"product_brand":[],"product_cat":[104],"product_tag":[],"class_list":{"0":"post-2320","1":"product","2":"type-product","3":"status-publish","4":"has-post-thumbnail","6":"product_cat-lima-pt-pt","7":"desktop-align-center","8":"tablet-align-center","9":"mobile-align-center","10":"ast-product-gallery-layout-horizontal-slider","11":"ast-product-gallery-with-no-image","12":"ast-product-tabs-layout-horizontal","14":"first","15":"instock","16":"shipping-taxable","17":"purchasable","18":"product-type-simple"},"_links":{"self":[{"href":"https:\/\/www.prideperutravel.com\/pt-pt\/wp-json\/wp\/v2\/product\/2320","targetHints":{"allow":["GET"]}}],"collection":[{"href":"https:\/\/www.prideperutravel.com\/pt-pt\/wp-json\/wp\/v2\/product"}],"about":[{"href":"https:\/\/www.prideperutravel.com\/pt-pt\/wp-json\/wp\/v2\/types\/product"}],"version-history":[{"count":3,"href":"https:\/\/www.prideperutravel.com\/pt-pt\/wp-json\/wp\/v2\/product\/2320\/revisions"}],"predecessor-version":[{"id":3205,"href":"https:\/\/www.prideperutravel.com\/pt-pt\/wp-json\/wp\/v2\/product\/2320\/revisions\/3205"}],"wp:featuredmedia":[{"embeddable":true,"href":"https:\/\/www.prideperutravel.com\/pt-pt\/wp-json\/wp\/v2\/media\/2212"}],"wp:attachment":[{"href":"https:\/\/www.prideperutravel.com\/pt-pt\/wp-json\/wp\/v2\/media?parent=2320"}],"wp:term":[{"taxonomy":"product_brand","embeddable":true,"href":"https:\/\/www.prideperutravel.com\/pt-pt\/wp-json\/wp\/v2\/product_brand?post=2320"},{"taxonomy":"product_cat","embeddable":true,"href":"https:\/\/www.prideperutravel.com\/pt-pt\/wp-json\/wp\/v2\/product_cat?post=2320"},{"taxonomy":"product_tag","embeddable":true,"href":"https:\/\/www.prideperutravel.com\/pt-pt\/wp-json\/wp\/v2\/product_tag?post=2320"}],"curies":[{"name":"wp","href":"https:\/\/api.w.org\/{rel}","templated":true}]}}