{"id":2323,"date":"2021-12-22T09:15:45","date_gmt":"2021-12-22T14:15:45","guid":{"rendered":"https:\/\/www.prideperutravel.com\/tour\/sem%20categoria\/excursao-noturna-as-fontes-de-lima\/"},"modified":"2022-02-01T14:57:22","modified_gmt":"2022-02-01T19:57:22","slug":"excursao-noturna-as-fontes-de-lima","status":"publish","type":"product","link":"https:\/\/www.prideperutravel.com\/pt-pt\/tour\/lima-nazca-paracas-ica-pt-pt\/lima-pt-pt\/excursao-noturna-as-fontes-de-lima\/","title":{"rendered":"Excurs\u00e3o noturna \u00e0s Fontes de Lima"},"content":{"rendered":"<h3 style=\"text-align: justify;\"><span style=\"color: #008000;\"><strong>Itiner\u00e1rio:<\/strong><\/span><\/h3>\n<p style=\"text-align: justify;\">O Magic Water Circuit localizado na Reserva do Parque, \u00e9 um maravilhoso conjunto de 13 fontes cibern\u00e9ticas interativas ornamentais onde \u00e1gua, m\u00fasica, luz, imagens e efeitos de laser, em perfeita conjun\u00e7\u00e3o e harmonia, se misturam a apresenta\u00e7\u00f5es atuais, \u00fanicas e surpreendentes, completas de magia, ilus\u00e3o e fantasia. Recebeu em 2009 o Pr\u00eamio: Reconhecimento e distin\u00e7\u00e3o global no livro dos Records, as maiores fontes do Mundo Complexo em um parque p\u00fablico.<\/p>\n<p style=\"text-align: justify;\">O Circuito M\u00e1gico da \u00c1gua, grande projeto da cidade, reconhecido nacional e internacionalmente como uma das principais atra\u00e7\u00f5es tur\u00edsticas de Lima, tornou-se um s\u00edmbolo da recupera\u00e7\u00e3o dos espa\u00e7os p\u00fablicos e \u00edcones da cidade moderna, impulsionando a melhoria da qualidade de vida dos cidad\u00e3os desde que abriu em 26 de julho de 2007.<\/p>\n<p style=\"text-align: justify;\">Este circuito maravilhoso incluiu a recupera\u00e7\u00e3o de mais de 7000 \u00e1rvores, a restaura\u00e7\u00e3o de todos os monumentos existentes na reserva do parque, incluindo o valor de comissionamento das 23 piscinas originais de 1929 e com elas o seu car\u00e1ter hist\u00f3rico e cultural. Hoje Lima tem um show incr\u00edvel em um espa\u00e7o cheio de magia, fantasia e muita cultura que tamb\u00e9m \u00e9 um ponto de encontro e divers\u00e3o de todas as pessoas.<\/p>\n<h3><span style=\"color: #008000;\"><strong>O que est\u00e1 inclu\u00eddo:<\/strong><\/span><\/h3>\n<ul>\n<li>Traslado do alojamento em Lima<\/li>\n<li>Entradas<\/li>\n<li>Transporte<\/li>\n<li>Guia Bil\u00edngue<\/li>\n<li>Traslado ao alojamento em Lima<\/li>\n<\/ul>\n<h3><span style=\"color: #008000;\"><strong>N\u00e3o incluso:<\/strong><\/span><\/h3>\n<ul>\n<li>Refei\u00e7\u00f5es n\u00e3o especificadas no itiner\u00e1rio<\/li>\n<li>Alojamento<\/li>\n<\/ul>\n<h3><span style=\"color: #008000;\"><strong>Lista recomendada<\/strong><\/span><\/h3>\n<ul>\n<li>Lanches<\/li>\n<li>Sapatos de caminhada ou t\u00eanis<\/li>\n<li>Chap\u00e9u ou bon\u00e9<\/li>\n<li>\u00d3culos de sol<\/li>\n<li>Protetor solar<\/li>\n<li>Artigos de toalete<\/li>\n<li>C\u00e2meras fotogr\u00e1ficas \/ de v\u00eddeo e carregadores<\/li>\n<li>Garrafa de \u00c1gua<\/li>\n<\/ul>\n","protected":false},"excerpt":{"rendered":"<p><strong>C\u00d3DIGO: <\/strong>PVT-LT002<\/p>\n<ul>\n<li><strong>Partidas: diariamente \u00e0s 18:00 h<\/strong><\/li>\n<li><strong>Dura\u00e7\u00e3o: Aproximadamente 2 horas<\/strong><\/li>\n<\/ul>\n","protected":false},"featured_media":2216,"template":"","meta":{"site-sidebar-layout":"default","site-content-layout":"default","ast-site-content-layout":"default","site-content-style":"default","site-sidebar-style":"default","ast-global-header-display":"","ast-banner-title-visibility":"","ast-main-header-display":"","ast-hfb-above-header-display":"","ast-hfb-below-header-display":"","ast-hfb-mobile-header-display":"","site-post-title":"","ast-breadcrumbs-content":"","ast-featured-img":"","footer-sml-layout":"","theme-transparent-header-meta":"default","adv-header-id-meta":"","stick-header-meta":"default","header-above-stick-meta":"","header-main-stick-meta":"","header-below-stick-meta":"","astra-migrate-meta-layouts":"default","ast-page-background-enabled":"default","ast-page-background-meta":{"desktop":{"background-color":"var(--ast-global-color-4)","background-image":"","background-repeat":"repeat","background-position":"center center","background-size":"auto","background-attachment":"scroll","background-type":"","background-media":"","overlay-type":"","overlay-color":"","overlay-opacity":"","overlay-gradient":""},"tablet":{"background-color":"","background-image":"","background-repeat":"repeat","background-position":"center center","background-size":"auto","background-attachment":"scroll","background-type":"","background-media":"","overlay-type":"","overlay-color":"","overlay-opacity":"","overlay-gradient":""},"mobile":{"background-color":"","background-image":"","background-repeat":"repeat","background-position":"center center","background-size":"auto","background-attachment":"scroll","background-type":"","background-media":"","overlay-type":"","overlay-color":"","overlay-opacity":"","overlay-gradient":""}},"ast-content-background-meta":{"desktop":{"background-color":"var(--ast-global-color-5)","background-image":"","background-repeat":"repeat","background-position":"center center","background-size":"auto","background-attachment":"scroll","background-type":"","background-media":"","overlay-type":"","overlay-color":"","overlay-opacity":"","overlay-gradient":""},"tablet":{"background-color":"var(--ast-global-color-5)","background-image":"","background-repeat":"repeat","background-position":"center center","background-size":"auto","background-attachment":"scroll","background-type":"","background-media":"","overlay-type":"","overlay-color":"","overlay-opacity":"","overlay-gradient":""},"mobile":{"background-color":"var(--ast-global-color-5)","background-image":"","background-repeat":"repeat","background-position":"center center","background-size":"auto","background-attachment":"scroll","background-type":"","background-media":"","overlay-type":"","overlay-color":"","overlay-opacity":"","overlay-gradient":""}},"_joinchat":[]},"product_brand":[],"product_cat":[104],"product_tag":[],"class_list":{"0":"post-2323","1":"product","2":"type-product","3":"status-publish","4":"has-post-thumbnail","6":"product_cat-lima-pt-pt","7":"desktop-align-center","8":"tablet-align-center","9":"mobile-align-center","10":"ast-product-gallery-layout-horizontal-slider","11":"ast-product-gallery-with-no-image","12":"ast-product-tabs-layout-horizontal","14":"first","15":"instock","16":"shipping-taxable","17":"purchasable","18":"product-type-simple"},"_links":{"self":[{"href":"https:\/\/www.prideperutravel.com\/pt-pt\/wp-json\/wp\/v2\/product\/2323","targetHints":{"allow":["GET"]}}],"collection":[{"href":"https:\/\/www.prideperutravel.com\/pt-pt\/wp-json\/wp\/v2\/product"}],"about":[{"href":"https:\/\/www.prideperutravel.com\/pt-pt\/wp-json\/wp\/v2\/types\/product"}],"version-history":[{"count":2,"href":"https:\/\/www.prideperutravel.com\/pt-pt\/wp-json\/wp\/v2\/product\/2323\/revisions"}],"predecessor-version":[{"id":3204,"href":"https:\/\/www.prideperutravel.com\/pt-pt\/wp-json\/wp\/v2\/product\/2323\/revisions\/3204"}],"wp:featuredmedia":[{"embeddable":true,"href":"https:\/\/www.prideperutravel.com\/pt-pt\/wp-json\/wp\/v2\/media\/2216"}],"wp:attachment":[{"href":"https:\/\/www.prideperutravel.com\/pt-pt\/wp-json\/wp\/v2\/media?parent=2323"}],"wp:term":[{"taxonomy":"product_brand","embeddable":true,"href":"https:\/\/www.prideperutravel.com\/pt-pt\/wp-json\/wp\/v2\/product_brand?post=2323"},{"taxonomy":"product_cat","embeddable":true,"href":"https:\/\/www.prideperutravel.com\/pt-pt\/wp-json\/wp\/v2\/product_cat?post=2323"},{"taxonomy":"product_tag","embeddable":true,"href":"https:\/\/www.prideperutravel.com\/pt-pt\/wp-json\/wp\/v2\/product_tag?post=2323"}],"curies":[{"name":"wp","href":"https:\/\/api.w.org\/{rel}","templated":true}]}}