{"id":2330,"date":"2021-12-22T09:34:31","date_gmt":"2021-12-22T14:34:31","guid":{"rendered":"https:\/\/www.prideperutravel.com\/tour\/sem%20categoria\/tour-gastronomico-em-lima\/"},"modified":"2022-02-01T14:53:51","modified_gmt":"2022-02-01T19:53:51","slug":"tour-gastronomico-em-lima","status":"publish","type":"product","link":"https:\/\/www.prideperutravel.com\/pt-pt\/tour\/lima-nazca-paracas-ica-pt-pt\/lima-pt-pt\/tour-gastronomico-em-lima\/","title":{"rendered":"Tour Gastron\u00f4mico em Lima"},"content":{"rendered":"<h3><span style=\"color: #008000;\"><strong>Itiner\u00e1rio:<\/strong><\/span><\/h3>\n<p style=\"text-align: justify;\">Traslado do alojamento em Lima das 09:30 as 10:00am, onde visitaremos os mercados, eles s\u00e3o sempre um reflexo bastante preciso das cidades. Cidades pequenas e mon\u00f3tonas<\/p>\n<p style=\"text-align: justify;\">Eles geralmente encomendam mercados, mas com uma oferta reduzida de produtos. Pelo contr\u00e1rio, em Lima, a coexist\u00eancia de milh\u00f5es de habitantes de todos os cantos do Peru gerou contrastes marcados que s\u00e3o sentidos em todos os aspectos da vida da cidade, incluindo, \u00e9 claro, a gastronomia.<\/p>\n<p style=\"text-align: justify;\">Desta vez, visitaremos o popular mercado de Surquillo, preferido por chefs famosos.<\/p>\n<p style=\"text-align: justify;\">Na antiga f\u00e1brica de cal\u00e7ados, ao entrar, voc\u00ea ver\u00e1 que existem moldes de madeira no bar que foram encontrados no espa\u00e7o onde a Ka\u00f1ete est\u00e1 localizada hoje. Uma proposta totalmente nova e diferente. Neste restaurante tem\u00e1tico, juntamente com o chef, aprenderemos a preparar nosso almo\u00e7o tur\u00edstico, al\u00e9m de<\/p>\n<p style=\"text-align: justify;\">Podemos provar um requintado Pisco Sour ou Chilcano. Voc\u00ea viver\u00e1 uma experi\u00eancia \u00fanica aprendendo com os melhores da culin\u00e1ria peruana!<\/p>\n<p style=\"text-align: justify;\">Estaremos de volta \u00e0s nossas acomoda\u00e7\u00f5es \u00e0s 14h.<\/p>\n<h3><span style=\"color: #008000;\"><strong>O que est\u00e1 inclu\u00eddo:<\/strong><\/span><\/h3>\n<ul>\n<li>Traslado do alojamento em Lima<\/li>\n<li>Orienta\u00e7\u00e3o do chef<\/li>\n<li>Tour do mercado<\/li>\n<li>Tudo que voc\u00ea precisa para as refei\u00e7\u00f5es<\/li>\n<li>Transporte<\/li>\n<li>Guia Bil\u00edngue<\/li>\n<\/ul>\n<h3><span style=\"color: #008000;\"><strong>N\u00e3o incluso:<\/strong><\/span><\/h3>\n<ul>\n<li>Refei\u00e7\u00f5es n\u00e3o especificadas no itiner\u00e1rio<\/li>\n<li>Alojamento<\/li>\n<li>Traslado ao alojamento em Lima<\/li>\n<\/ul>\n<h3><span style=\"color: #008000;\"><strong>Lista recomendada<\/strong><\/span><\/h3>\n<ul>\n<li>Lanches<\/li>\n<li>Sapatos de caminhada ou t\u00eanis<\/li>\n<li>Chap\u00e9u ou bon\u00e9<\/li>\n<li>\u00d3culos de sol<\/li>\n<li>Protetor solar<\/li>\n<li>Artigos de toalete<\/li>\n<li>C\u00e2meras fotogr\u00e1ficas \/ de v\u00eddeo e carregadores<\/li>\n<li>Garrafa de \u00c1gua<\/li>\n<\/ul>\n","protected":false},"excerpt":{"rendered":"<p><strong>C\u00d3DIGO: <\/strong>PVT-LT005<\/p>\n<ul>\n<li><strong>Partidas: diariamente \u00e0s 09:30am<\/strong><\/li>\n<li><strong>Dura\u00e7\u00e3o: Aproximadamente 3 horas<\/strong><\/li>\n<\/ul>\n","protected":false},"featured_media":2232,"template":"","meta":{"site-sidebar-layout":"default","site-content-layout":"default","ast-site-content-layout":"default","site-content-style":"default","site-sidebar-style":"default","ast-global-header-display":"","ast-banner-title-visibility":"","ast-main-header-display":"","ast-hfb-above-header-display":"","ast-hfb-below-header-display":"","ast-hfb-mobile-header-display":"","site-post-title":"","ast-breadcrumbs-content":"","ast-featured-img":"","footer-sml-layout":"","theme-transparent-header-meta":"default","adv-header-id-meta":"","stick-header-meta":"default","header-above-stick-meta":"","header-main-stick-meta":"","header-below-stick-meta":"","astra-migrate-meta-layouts":"default","ast-page-background-enabled":"default","ast-page-background-meta":{"desktop":{"background-color":"var(--ast-global-color-4)","background-image":"","background-repeat":"repeat","background-position":"center center","background-size":"auto","background-attachment":"scroll","background-type":"","background-media":"","overlay-type":"","overlay-color":"","overlay-opacity":"","overlay-gradient":""},"tablet":{"background-color":"","background-image":"","background-repeat":"repeat","background-position":"center center","background-size":"auto","background-attachment":"scroll","background-type":"","background-media":"","overlay-type":"","overlay-color":"","overlay-opacity":"","overlay-gradient":""},"mobile":{"background-color":"","background-image":"","background-repeat":"repeat","background-position":"center center","background-size":"auto","background-attachment":"scroll","background-type":"","background-media":"","overlay-type":"","overlay-color":"","overlay-opacity":"","overlay-gradient":""}},"ast-content-background-meta":{"desktop":{"background-color":"var(--ast-global-color-5)","background-image":"","background-repeat":"repeat","background-position":"center center","background-size":"auto","background-attachment":"scroll","background-type":"","background-media":"","overlay-type":"","overlay-color":"","overlay-opacity":"","overlay-gradient":""},"tablet":{"background-color":"var(--ast-global-color-5)","background-image":"","background-repeat":"repeat","background-position":"center center","background-size":"auto","background-attachment":"scroll","background-type":"","background-media":"","overlay-type":"","overlay-color":"","overlay-opacity":"","overlay-gradient":""},"mobile":{"background-color":"var(--ast-global-color-5)","background-image":"","background-repeat":"repeat","background-position":"center center","background-size":"auto","background-attachment":"scroll","background-type":"","background-media":"","overlay-type":"","overlay-color":"","overlay-opacity":"","overlay-gradient":""}},"_joinchat":[]},"product_brand":[],"product_cat":[104],"product_tag":[],"class_list":{"0":"post-2330","1":"product","2":"type-product","3":"status-publish","4":"has-post-thumbnail","6":"product_cat-lima-pt-pt","7":"desktop-align-center","8":"tablet-align-center","9":"mobile-align-center","10":"ast-product-gallery-layout-horizontal-slider","11":"ast-product-gallery-with-no-image","12":"ast-product-tabs-layout-horizontal","14":"first","15":"instock","16":"shipping-taxable","17":"purchasable","18":"product-type-simple"},"_links":{"self":[{"href":"https:\/\/www.prideperutravel.com\/pt-pt\/wp-json\/wp\/v2\/product\/2330","targetHints":{"allow":["GET"]}}],"collection":[{"href":"https:\/\/www.prideperutravel.com\/pt-pt\/wp-json\/wp\/v2\/product"}],"about":[{"href":"https:\/\/www.prideperutravel.com\/pt-pt\/wp-json\/wp\/v2\/types\/product"}],"version-history":[{"count":3,"href":"https:\/\/www.prideperutravel.com\/pt-pt\/wp-json\/wp\/v2\/product\/2330\/revisions"}],"predecessor-version":[{"id":3201,"href":"https:\/\/www.prideperutravel.com\/pt-pt\/wp-json\/wp\/v2\/product\/2330\/revisions\/3201"}],"wp:featuredmedia":[{"embeddable":true,"href":"https:\/\/www.prideperutravel.com\/pt-pt\/wp-json\/wp\/v2\/media\/2232"}],"wp:attachment":[{"href":"https:\/\/www.prideperutravel.com\/pt-pt\/wp-json\/wp\/v2\/media?parent=2330"}],"wp:term":[{"taxonomy":"product_brand","embeddable":true,"href":"https:\/\/www.prideperutravel.com\/pt-pt\/wp-json\/wp\/v2\/product_brand?post=2330"},{"taxonomy":"product_cat","embeddable":true,"href":"https:\/\/www.prideperutravel.com\/pt-pt\/wp-json\/wp\/v2\/product_cat?post=2330"},{"taxonomy":"product_tag","embeddable":true,"href":"https:\/\/www.prideperutravel.com\/pt-pt\/wp-json\/wp\/v2\/product_tag?post=2330"}],"curies":[{"name":"wp","href":"https:\/\/api.w.org\/{rel}","templated":true}]}}