{"id":2757,"date":"2022-01-18T15:12:17","date_gmt":"2022-01-18T20:12:17","guid":{"rendered":"https:\/\/www.prideperutravel.com\/tour\/sem%20categoria\/machu-picchu-2-dias-1-noite\/"},"modified":"2025-05-07T11:42:33","modified_gmt":"2025-05-07T16:42:33","slug":"machu-picchu-2-dias-1-noite","status":"publish","type":"product","link":"https:\/\/www.prideperutravel.com\/pt-pt\/tour\/cusco-machu-picchu-pt-pt\/cusco-packages-pt-pt\/machu-picchu-2-dias-1-noite\/","title":{"rendered":"Machu Picchu 2 dias 1 noite"},"content":{"rendered":"\t\t<div data-elementor-type=\"product-post\" data-elementor-id=\"2757\" class=\"elementor elementor-2757 elementor-2709\" data-elementor-post-type=\"product\">\n\t\t\t\t\t\t<section class=\"elementor-section elementor-top-section elementor-element elementor-element-66da642a elementor-section-boxed elementor-section-height-default elementor-section-height-default\" data-id=\"66da642a\" data-element_type=\"section\">\n\t\t\t\t\t\t<div class=\"elementor-container elementor-column-gap-default\">\n\t\t\t\t\t<div class=\"elementor-column elementor-col-100 elementor-top-column elementor-element elementor-element-43f6a800\" data-id=\"43f6a800\" data-element_type=\"column\">\n\t\t\t<div class=\"elementor-widget-wrap elementor-element-populated\">\n\t\t\t\t\t\t<div class=\"elementor-element elementor-element-3d35c263 elementor-widget elementor-widget-heading\" data-id=\"3d35c263\" data-element_type=\"widget\" data-widget_type=\"heading.default\">\n\t\t\t\t<div class=\"elementor-widget-container\">\n\t\t\t\t\t<h3 class=\"elementor-heading-title elementor-size-default\">Roteiro<\/h3>\t\t\t\t<\/div>\n\t\t\t\t<\/div>\n\t\t\t\t<div class=\"elementor-element elementor-element-51a947d2 elementor-widget elementor-widget-accordion\" data-id=\"51a947d2\" data-element_type=\"widget\" data-widget_type=\"accordion.default\">\n\t\t\t\t<div class=\"elementor-widget-container\">\n\t\t\t\t\t\t\t<div class=\"elementor-accordion\">\n\t\t\t\t\t\t\t<div class=\"elementor-accordion-item\">\n\t\t\t\t\t<div id=\"elementor-tab-title-1371\" class=\"elementor-tab-title\" data-tab=\"1\" role=\"button\" aria-controls=\"elementor-tab-content-1371\" aria-expanded=\"false\">\n\t\t\t\t\t\t\t\t\t\t\t\t\t<span class=\"elementor-accordion-icon elementor-accordion-icon-left\" aria-hidden=\"true\">\n\t\t\t\t\t\t\t\t\t\t\t\t\t\t\t<span class=\"elementor-accordion-icon-closed\"><i class=\"fas fa-plus\"><\/i><\/span>\n\t\t\t\t\t\t\t\t<span class=\"elementor-accordion-icon-opened\"><i class=\"fas fa-minus\"><\/i><\/span>\n\t\t\t\t\t\t\t\t\t\t\t\t\t\t<\/span>\n\t\t\t\t\t\t\t\t\t\t\t\t<a class=\"elementor-accordion-title\" tabindex=\"0\">Dia 1: Cusco \u2013 \u00c1guas Calientes<\/a>\n\t\t\t\t\t<\/div>\n\t\t\t\t\t<div id=\"elementor-tab-content-1371\" class=\"elementor-tab-content elementor-clearfix\" data-tab=\"1\" role=\"region\" aria-labelledby=\"elementor-tab-title-1371\"><p>Sa\u00edmos de Cusco \u00e0s 09:00 da manh\u00e3 para nossa excurs\u00e3o de 2 dias a Machu Picchu. dirigiremos at\u00e9 a vila de Ollantaytambo, localizada no Vale Sagrado, onde pegaremos nosso trem para Aguas Calientes. Com paisagem inigual\u00e1vel ao longo da viagem, a viagem de trem em si \u00e9 uma experi\u00eancia de vida. Seguindo o Rio Urubamba a jusante do Vale Sagrado chegar\u00e1 a Aguas Calientes por volta das 14:30. Na chegada um representante do hotel estar\u00e1 esperando para lev\u00e1-lo ao alojamento, ap\u00f3s o check-in em nosso hotel voc\u00ea ter\u00e1 todas as tarde livre. Se voc\u00ea quiser aproveitar sua tarde livre, voc\u00ea pode visitar o museu de Machu Picchu, exposi\u00e7\u00e3o de orqu\u00eddeas e exposi\u00e7\u00f5es de borboletas, que fica a 40 minutos a p\u00e9 fora da vila, ou pode simplesmente relaxar nas fontes termais, que fica a 5 minutos a p\u00e9 da cidade.<\/p><p>Pernoite em \u00c1guas Calientes<\/p><\/div>\n\t\t\t\t<\/div>\n\t\t\t\t\t\t\t<div class=\"elementor-accordion-item\">\n\t\t\t\t\t<div id=\"elementor-tab-title-1372\" class=\"elementor-tab-title\" data-tab=\"2\" role=\"button\" aria-controls=\"elementor-tab-content-1372\" aria-expanded=\"false\">\n\t\t\t\t\t\t\t\t\t\t\t\t\t<span class=\"elementor-accordion-icon elementor-accordion-icon-left\" aria-hidden=\"true\">\n\t\t\t\t\t\t\t\t\t\t\t\t\t\t\t<span class=\"elementor-accordion-icon-closed\"><i class=\"fas fa-plus\"><\/i><\/span>\n\t\t\t\t\t\t\t\t<span class=\"elementor-accordion-icon-opened\"><i class=\"fas fa-minus\"><\/i><\/span>\n\t\t\t\t\t\t\t\t\t\t\t\t\t\t<\/span>\n\t\t\t\t\t\t\t\t\t\t\t\t<a class=\"elementor-accordion-title\" tabindex=\"0\">Dia 2: Visita a Machu Picchu \u2013 retorno a Cusco<\/a>\n\t\t\t\t\t<\/div>\n\t\t\t\t\t<div id=\"elementor-tab-content-1372\" class=\"elementor-tab-content elementor-clearfix\" data-tab=\"2\" role=\"region\" aria-labelledby=\"elementor-tab-title-1372\"><p>Acordamos \u00e0s 5h30 para pegar o primeiro \u00f4nibus at\u00e9 Machu Picchu e ver o nascer do sol sobre as ru\u00ednas. Se voc\u00ea quiser, podemos ir um pouco tarde para Machu Picchu.<\/p><p>Seu guia passar\u00e1 cerca de 2 horas explicando os destaques de Machu Picchu Ap\u00f3s a visita guiada, voc\u00ea poder\u00e1 desfrutar de algum tempo livre para explorar as \u00e1reas externas de forma independente. Desfrute de uma das muitas caminhadas, como a trilha para a Ponte Inka ou o Port\u00e3o do Sol.<\/p><p>\u00a0<\/p><p>Retorne de \u00f4nibus a Aguas Calientes por conta pr\u00f3pria, onde voc\u00ea ter\u00e1 tempo para explorar a cidade por conta pr\u00f3pria e desfrutar de um dos muitos restaurantes ou caf\u00e9s. Em seguida, voc\u00ea embarcar\u00e1 no trem no final da tarde para a viagem de volta a Ollantaytambo, onde na chegada; estaremos esperando por voc\u00ea, para traz\u00ea-lo de volta ao seu alojamento em Cusco.<\/p><p><strong>\u00a0<\/strong><\/p><\/div>\n\t\t\t\t<\/div>\n\t\t\t\t\t\t\t\t<\/div>\n\t\t\t\t\t\t<\/div>\n\t\t\t\t<\/div>\n\t\t\t\t<div class=\"elementor-element elementor-element-2828d931 elementor-widget elementor-widget-text-editor\" data-id=\"2828d931\" data-element_type=\"widget\" data-widget_type=\"text-editor.default\">\n\t\t\t\t<div class=\"elementor-widget-container\">\n\t\t\t\t\t\t\t\t\t<h3><span style=\"color: #008000;\"><strong>O que est\u00e1 inclu\u00eddo:<\/strong><\/span><\/h3><ul><li>Pick up \/ drop off de sua acomoda\u00e7\u00e3o em Cusco<\/li><li>Bilhetes de trem de ida e volta entre Ollantaytambo e Aguas Calientes<\/li><li>Bilhetes de \u00f4nibus de ida e volta entre Aguas Calientes e Machu Picchu<\/li><li>Excurs\u00e3o de 2 a 3 horas em Machu Picchu com guia ingl\u00eas\/espanhol<\/li><li>Entradas para Machu Picchu<\/li><li>1 noite em \u00c1guas Calientes<\/li><li>Caf\u00e9 da manh\u00e3 no hotel<\/li><\/ul><h3><span style=\"color: #008000;\"><strong>N\u00e3o incluso:<\/strong><\/span><\/h3><ul><li>Refei\u00e7\u00f5es n\u00e3o especificadas no itiner\u00e1rio<\/li><li>Acomoda\u00e7\u00f5es em Cusco ou Aguas Calientes<\/li><li>Entradas as piscinas termais<\/li><\/ul><h3><span style=\"color: #008000;\"><strong>Lista recomendada<\/strong><\/span><\/h3><ul><li>Lanches<\/li><li>Sapatos de caminhada ou t\u00eanis<\/li><li>Equipamento completo para chuva ou poncho (de novembro a abril)<\/li><li>Chap\u00e9u ou bon\u00e9<\/li><li>\u00d3culos de sol<\/li><li>Protetor solar<\/li><li>Artigos de toalete<\/li><li>C\u00e2meras fotogr\u00e1ficas \/ de v\u00eddeo e carregadores<\/li><li>Garrafa de \u00c1gua<\/li><\/ul>\t\t\t\t\t\t\t\t<\/div>\n\t\t\t\t<\/div>\n\t\t\t\t\t<\/div>\n\t\t<\/div>\n\t\t\t\t\t<\/div>\n\t\t<\/section>\n\t\t\t\t<\/div>\n\t\t","protected":false},"excerpt":{"rendered":"<p><strong>Descri\u00e7\u00e3o<\/strong><\/p>\n<p><strong>C\u00d3DIGO: PVT-MP005<\/strong><\/p>\n<ul>\n<li><strong>Partida: <\/strong>Di\u00e1ria<\/li>\n<li><strong>Dura\u00e7\u00e3o:<\/strong> 2 dias 1 noite<\/li>\n<\/ul>\n","protected":false},"featured_media":2733,"template":"","meta":{"site-sidebar-layout":"no-sidebar","site-content-layout":"page-builder","ast-site-content-layout":"full-width-container","site-content-style":"unboxed","site-sidebar-style":"unboxed","ast-global-header-display":"","ast-banner-title-visibility":"","ast-main-header-display":"","ast-hfb-above-header-display":"","ast-hfb-below-header-display":"","ast-hfb-mobile-header-display":"","site-post-title":"disabled","ast-breadcrumbs-content":"","ast-featured-img":"disabled","footer-sml-layout":"","theme-transparent-header-meta":"default","adv-header-id-meta":"","stick-header-meta":"default","header-above-stick-meta":"","header-main-stick-meta":"","header-below-stick-meta":"","astra-migrate-meta-layouts":"set","ast-page-background-enabled":"default","ast-page-background-meta":{"desktop":{"background-color":"var(--ast-global-color-4)","background-image":"","background-repeat":"repeat","background-position":"center center","background-size":"auto","background-attachment":"scroll","background-type":"","background-media":"","overlay-type":"","overlay-color":"","overlay-opacity":"","overlay-gradient":""},"tablet":{"background-color":"","background-image":"","background-repeat":"repeat","background-position":"center center","background-size":"auto","background-attachment":"scroll","background-type":"","background-media":"","overlay-type":"","overlay-color":"","overlay-opacity":"","overlay-gradient":""},"mobile":{"background-color":"","background-image":"","background-repeat":"repeat","background-position":"center center","background-size":"auto","background-attachment":"scroll","background-type":"","background-media":"","overlay-type":"","overlay-color":"","overlay-opacity":"","overlay-gradient":""}},"ast-content-background-meta":{"desktop":{"background-color":"var(--ast-global-color-5)","background-image":"","background-repeat":"repeat","background-position":"center center","background-size":"auto","background-attachment":"scroll","background-type":"","background-media":"","overlay-type":"","overlay-color":"","overlay-opacity":"","overlay-gradient":""},"tablet":{"background-color":"var(--ast-global-color-5)","background-image":"","background-repeat":"repeat","background-position":"center center","background-size":"auto","background-attachment":"scroll","background-type":"","background-media":"","overlay-type":"","overlay-color":"","overlay-opacity":"","overlay-gradient":""},"mobile":{"background-color":"var(--ast-global-color-5)","background-image":"","background-repeat":"repeat","background-position":"center center","background-size":"auto","background-attachment":"scroll","background-type":"","background-media":"","overlay-type":"","overlay-color":"","overlay-opacity":"","overlay-gradient":""}},"_joinchat":[]},"product_brand":[],"product_cat":[60,62],"product_tag":[],"class_list":{"0":"post-2757","1":"product","2":"type-product","3":"status-publish","4":"has-post-thumbnail","6":"product_cat-cusco-machu-picchu-pt-pt","7":"product_cat-cusco-packages-pt-pt","8":"desktop-align-center","9":"tablet-align-center","10":"mobile-align-center","11":"ast-product-gallery-layout-horizontal-slider","12":"ast-product-gallery-with-no-image","13":"ast-product-single-variable","14":"ast-product-tabs-layout-horizontal","16":"first","17":"instock","18":"shipping-taxable","19":"purchasable","20":"product-type-variable"},"_links":{"self":[{"href":"https:\/\/www.prideperutravel.com\/pt-pt\/wp-json\/wp\/v2\/product\/2757","targetHints":{"allow":["GET"]}}],"collection":[{"href":"https:\/\/www.prideperutravel.com\/pt-pt\/wp-json\/wp\/v2\/product"}],"about":[{"href":"https:\/\/www.prideperutravel.com\/pt-pt\/wp-json\/wp\/v2\/types\/product"}],"version-history":[{"count":9,"href":"https:\/\/www.prideperutravel.com\/pt-pt\/wp-json\/wp\/v2\/product\/2757\/revisions"}],"predecessor-version":[{"id":5166,"href":"https:\/\/www.prideperutravel.com\/pt-pt\/wp-json\/wp\/v2\/product\/2757\/revisions\/5166"}],"wp:featuredmedia":[{"embeddable":true,"href":"https:\/\/www.prideperutravel.com\/pt-pt\/wp-json\/wp\/v2\/media\/2733"}],"wp:attachment":[{"href":"https:\/\/www.prideperutravel.com\/pt-pt\/wp-json\/wp\/v2\/media?parent=2757"}],"wp:term":[{"taxonomy":"product_brand","embeddable":true,"href":"https:\/\/www.prideperutravel.com\/pt-pt\/wp-json\/wp\/v2\/product_brand?post=2757"},{"taxonomy":"product_cat","embeddable":true,"href":"https:\/\/www.prideperutravel.com\/pt-pt\/wp-json\/wp\/v2\/product_cat?post=2757"},{"taxonomy":"product_tag","embeddable":true,"href":"https:\/\/www.prideperutravel.com\/pt-pt\/wp-json\/wp\/v2\/product_tag?post=2757"}],"curies":[{"name":"wp","href":"https:\/\/api.w.org\/{rel}","templated":true}]}}