{"id":2899,"date":"2022-01-19T14:40:05","date_gmt":"2022-01-19T19:40:05","guid":{"rendered":"https:\/\/www.prideperutravel.com\/tour\/sem%20categoria\/passeio-a-cavalo-balcao-do-diabo\/"},"modified":"2022-02-01T14:42:05","modified_gmt":"2022-02-01T19:42:05","slug":"passeio-a-cavalo-balcao-do-diabo","status":"publish","type":"product","link":"https:\/\/www.prideperutravel.com\/pt-pt\/tour\/cusco-machu-picchu-pt-pt\/cusco-adventure-pt-pt\/passeio-a-cavalo-balcao-do-diabo\/","title":{"rendered":"Passeio a Cavalo \u2013 Balc\u00e3o do Diabo"},"content":{"rendered":"<h3><span style=\"color: #008000;\"><strong>Itiner\u00e1rio:<\/strong><\/span><\/h3>\n<p style=\"text-align: justify;\">Nosso passeio come\u00e7a com o embarque no alojamento em Cusco, depois teremos briefing com nosso guia para a atividade do dia, depois pegaremos o transporte para o Rancho (Sacsayhuaman), aqui faremos contato com nossos tropeiros e cavalos para ent\u00e3o ir ao templo da Lua, e 0 fabulosos Balc\u00e3o do Diabo, em cada um dos lugares mencionados s\u00e3o feitas paradas para que nosso Guia explique detalhadamente cada um desses lugares maravilhosos, no balc\u00e3o do diabo passaremos por um passeio natural caverna formada h\u00e1 milhares de anos que era usada pelos incas como um lugar sagrado, teremos nossos lanches e retornaremos \u00e0 fazenda para poder pegar nosso transporte para a cidade, terminando nossa atividade na Plaza Regocijo ( 2 quadras da pra\u00e7a principal).<\/p>\n<h3><span style=\"color: #008000;\"><strong>O que est\u00e1 inclu\u00eddo:<\/strong><\/span><\/h3>\n<ul>\n<li>Traslado alojamento em Cusco<\/li>\n<li>Cavalos<\/li>\n<li>Equipamento de seguran\u00e7a<\/li>\n<li>Transporte<\/li>\n<li>Guia em ingl\u00eas ou espanhol<\/li>\n<li>Treinador de cavalos<\/li>\n<\/ul>\n<h3><span style=\"color: #008000;\"><strong>N\u00e3o incluso:<\/strong><\/span><\/h3>\n<ul>\n<li>Refei\u00e7\u00f5es n\u00e3o especificadas no itiner\u00e1rio<\/li>\n<li>Alojamento em Cusco<\/li>\n<\/ul>\n<h3><span style=\"color: #008000;\"><strong>Lista recomendada:<\/strong><\/span><\/h3>\n<ul>\n<li>Lanches<\/li>\n<li>Sapatos ou t\u00eanis<\/li>\n<li>Chap\u00e9u ou bon\u00e9<\/li>\n<li>\u00a0\u00d3culos de sol<\/li>\n<li>Protetor solar<\/li>\n<li>Artigos de higiene pessoal<\/li>\n<li>Garrafa de \u00c1gua<\/li>\n<\/ul>\n","protected":false},"excerpt":{"rendered":"<p><strong>Descri\u00e7\u00e3o<\/strong><\/p>\n<p><strong>C\u00d3DIGO: PVT-CA002<\/strong><\/p>\n<ul>\n<li><strong>Partida: diariamente: 9h \/ 13h<\/strong><\/li>\n<li><strong>Dura\u00e7\u00e3o: 3 horas<\/strong><\/li>\n<\/ul>\n","protected":false},"featured_media":2887,"template":"","meta":{"site-sidebar-layout":"default","site-content-layout":"default","ast-site-content-layout":"default","site-content-style":"default","site-sidebar-style":"default","ast-global-header-display":"","ast-banner-title-visibility":"","ast-main-header-display":"","ast-hfb-above-header-display":"","ast-hfb-below-header-display":"","ast-hfb-mobile-header-display":"","site-post-title":"","ast-breadcrumbs-content":"","ast-featured-img":"","footer-sml-layout":"","theme-transparent-header-meta":"","adv-header-id-meta":"","stick-header-meta":"","header-above-stick-meta":"","header-main-stick-meta":"","header-below-stick-meta":"","astra-migrate-meta-layouts":"default","ast-page-background-enabled":"default","ast-page-background-meta":{"desktop":{"background-color":"var(--ast-global-color-4)","background-image":"","background-repeat":"repeat","background-position":"center center","background-size":"auto","background-attachment":"scroll","background-type":"","background-media":"","overlay-type":"","overlay-color":"","overlay-opacity":"","overlay-gradient":""},"tablet":{"background-color":"","background-image":"","background-repeat":"repeat","background-position":"center center","background-size":"auto","background-attachment":"scroll","background-type":"","background-media":"","overlay-type":"","overlay-color":"","overlay-opacity":"","overlay-gradient":""},"mobile":{"background-color":"","background-image":"","background-repeat":"repeat","background-position":"center center","background-size":"auto","background-attachment":"scroll","background-type":"","background-media":"","overlay-type":"","overlay-color":"","overlay-opacity":"","overlay-gradient":""}},"ast-content-background-meta":{"desktop":{"background-color":"var(--ast-global-color-5)","background-image":"","background-repeat":"repeat","background-position":"center center","background-size":"auto","background-attachment":"scroll","background-type":"","background-media":"","overlay-type":"","overlay-color":"","overlay-opacity":"","overlay-gradient":""},"tablet":{"background-color":"var(--ast-global-color-5)","background-image":"","background-repeat":"repeat","background-position":"center center","background-size":"auto","background-attachment":"scroll","background-type":"","background-media":"","overlay-type":"","overlay-color":"","overlay-opacity":"","overlay-gradient":""},"mobile":{"background-color":"var(--ast-global-color-5)","background-image":"","background-repeat":"repeat","background-position":"center center","background-size":"auto","background-attachment":"scroll","background-type":"","background-media":"","overlay-type":"","overlay-color":"","overlay-opacity":"","overlay-gradient":""}},"_joinchat":[]},"product_brand":[],"product_cat":[60,61],"product_tag":[],"class_list":{"0":"post-2899","1":"product","2":"type-product","3":"status-publish","4":"has-post-thumbnail","6":"product_cat-cusco-machu-picchu-pt-pt","7":"product_cat-cusco-adventure-pt-pt","8":"desktop-align-center","9":"tablet-align-center","10":"mobile-align-center","11":"ast-product-gallery-layout-horizontal-slider","12":"ast-product-gallery-with-no-image","13":"ast-product-tabs-layout-horizontal","15":"first","16":"instock","17":"shipping-taxable","18":"purchasable","19":"product-type-simple"},"_links":{"self":[{"href":"https:\/\/www.prideperutravel.com\/pt-pt\/wp-json\/wp\/v2\/product\/2899","targetHints":{"allow":["GET"]}}],"collection":[{"href":"https:\/\/www.prideperutravel.com\/pt-pt\/wp-json\/wp\/v2\/product"}],"about":[{"href":"https:\/\/www.prideperutravel.com\/pt-pt\/wp-json\/wp\/v2\/types\/product"}],"version-history":[{"count":2,"href":"https:\/\/www.prideperutravel.com\/pt-pt\/wp-json\/wp\/v2\/product\/2899\/revisions"}],"predecessor-version":[{"id":3182,"href":"https:\/\/www.prideperutravel.com\/pt-pt\/wp-json\/wp\/v2\/product\/2899\/revisions\/3182"}],"wp:featuredmedia":[{"embeddable":true,"href":"https:\/\/www.prideperutravel.com\/pt-pt\/wp-json\/wp\/v2\/media\/2887"}],"wp:attachment":[{"href":"https:\/\/www.prideperutravel.com\/pt-pt\/wp-json\/wp\/v2\/media?parent=2899"}],"wp:term":[{"taxonomy":"product_brand","embeddable":true,"href":"https:\/\/www.prideperutravel.com\/pt-pt\/wp-json\/wp\/v2\/product_brand?post=2899"},{"taxonomy":"product_cat","embeddable":true,"href":"https:\/\/www.prideperutravel.com\/pt-pt\/wp-json\/wp\/v2\/product_cat?post=2899"},{"taxonomy":"product_tag","embeddable":true,"href":"https:\/\/www.prideperutravel.com\/pt-pt\/wp-json\/wp\/v2\/product_tag?post=2899"}],"curies":[{"name":"wp","href":"https:\/\/api.w.org\/{rel}","templated":true}]}}