{"id":2906,"date":"2022-01-19T15:00:48","date_gmt":"2022-01-19T20:00:48","guid":{"rendered":"https:\/\/www.prideperutravel.com\/tour\/sem%20categoria\/quatrimotos-morada-de-los-dioses\/"},"modified":"2022-02-01T14:41:00","modified_gmt":"2022-02-01T19:41:00","slug":"quatrimotos-morada-de-los-dioses","status":"publish","type":"product","link":"https:\/\/www.prideperutravel.com\/pt-pt\/tour\/cusco-machu-picchu-pt-pt\/cusco-adventure-pt-pt\/quatrimotos-morada-de-los-dioses\/","title":{"rendered":"Quatrimotos \u2013 Morada de los Dioses"},"content":{"rendered":"<h3><span style=\"color: #008000;\"><strong>Itiner\u00e1rio:<\/strong><\/span><\/h3>\n<p style=\"text-align: justify;\">Come\u00e7amos com o embarque em sua acomoda\u00e7\u00e3o em Cusco. Em seguida, seguimos para a base localizada no setor Tica Tica Sencca, com dura\u00e7\u00e3o de 25 min. Assim que chegarmos, iniciaremos um briefing de seguran\u00e7a por cerca de 5 minutos e 10 minutos de treinamento de condu\u00e7\u00e3o com os ATVs, quando voc\u00ea estiver pronto, iniciaremos a aventura. O percurso de quadriciclo dura 45 minutos e visita de 30 minutos ao Mirador de los Dioses, onde voc\u00ea poder\u00e1 apreciar as diversas esculturas feitas \u00e0 m\u00e3o pelos artistas locais, apreciar a paisagem natural e tirar fotos. Terminamos o passeio retornando \u00e0 nossa base e retornamos ao centro da cidade de Cusco.<\/p>\n<p>** <strong>IMPORTANTE:<\/strong> Use cal\u00e7as compridas e sapatos fechados, sem sand\u00e1lias.<\/p>\n<h3><span style=\"color: #008000;\"><strong>O que est\u00e1 inclu\u00eddo:<\/strong><\/span><\/h3>\n<ul>\n<li>Traslado alojamento em Cusco<\/li>\n<li>Transporte Cusco &#8211; Cruzpata &#8211; Cusco<\/li>\n<li>Quadric\u00edclo<\/li>\n<li>Capacetes de seguran\u00e7a e luvas.<\/li>\n<li>Guia de Ingl\u00eas ou Espanhol<\/li>\n<li>Kit de primeiros socorros.<\/li>\n<li>Retorno na Plaza Regocijo (a 2 quarteir\u00f5es da pra\u00e7a principal)<\/li>\n<\/ul>\n<h3><span style=\"color: #008000;\"><strong>N\u00e3o incluso:<\/strong><\/span><\/h3>\n<ul>\n<li>Entrada &#8211; S \/ 10.00 por pessoa<\/li>\n<li>Refei\u00e7\u00f5es n\u00e3o especificadas no itiner\u00e1rio<\/li>\n<li>Alojamento em Cusco<\/li>\n<\/ul>\n<h3><span style=\"color: #008000;\"><strong>Lista recomendada:<\/strong><\/span><\/h3>\n<ul>\n<li>Lanches<\/li>\n<li>Sapatos ou t\u00eanis<\/li>\n<li>Chap\u00e9u ou bon\u00e9<\/li>\n<li>\u00d3culos de sol<\/li>\n<li>Protetor solar<\/li>\n<li>Artigos de higiene pessoal<\/li>\n<li>Garrafa de \u00c1gua<\/li>\n<\/ul>\n","protected":false},"excerpt":{"rendered":"<p>Itiner\u00e1rio: Come\u00e7amos com o embarque em sua acomoda\u00e7\u00e3o em Cusco. Em seguida, seguimos para a base localizada no setor Tica Tica Sencca, com dura\u00e7\u00e3o de 25 min. Assim que chegarmos, iniciaremos um briefing de seguran\u00e7a por cerca de 5 minutos e 10 minutos de treinamento de condu\u00e7\u00e3o com os ATVs, quando voc\u00ea estiver pronto, iniciaremos [&hellip;]<\/p>\n","protected":false},"featured_media":2890,"template":"","meta":{"site-sidebar-layout":"default","site-content-layout":"default","ast-site-content-layout":"default","site-content-style":"default","site-sidebar-style":"default","ast-global-header-display":"","ast-banner-title-visibility":"","ast-main-header-display":"","ast-hfb-above-header-display":"","ast-hfb-below-header-display":"","ast-hfb-mobile-header-display":"","site-post-title":"","ast-breadcrumbs-content":"","ast-featured-img":"","footer-sml-layout":"","theme-transparent-header-meta":"","adv-header-id-meta":"","stick-header-meta":"","header-above-stick-meta":"","header-main-stick-meta":"","header-below-stick-meta":"","astra-migrate-meta-layouts":"default","ast-page-background-enabled":"default","ast-page-background-meta":{"desktop":{"background-color":"var(--ast-global-color-4)","background-image":"","background-repeat":"repeat","background-position":"center center","background-size":"auto","background-attachment":"scroll","background-type":"","background-media":"","overlay-type":"","overlay-color":"","overlay-opacity":"","overlay-gradient":""},"tablet":{"background-color":"","background-image":"","background-repeat":"repeat","background-position":"center center","background-size":"auto","background-attachment":"scroll","background-type":"","background-media":"","overlay-type":"","overlay-color":"","overlay-opacity":"","overlay-gradient":""},"mobile":{"background-color":"","background-image":"","background-repeat":"repeat","background-position":"center center","background-size":"auto","background-attachment":"scroll","background-type":"","background-media":"","overlay-type":"","overlay-color":"","overlay-opacity":"","overlay-gradient":""}},"ast-content-background-meta":{"desktop":{"background-color":"var(--ast-global-color-5)","background-image":"","background-repeat":"repeat","background-position":"center center","background-size":"auto","background-attachment":"scroll","background-type":"","background-media":"","overlay-type":"","overlay-color":"","overlay-opacity":"","overlay-gradient":""},"tablet":{"background-color":"var(--ast-global-color-5)","background-image":"","background-repeat":"repeat","background-position":"center center","background-size":"auto","background-attachment":"scroll","background-type":"","background-media":"","overlay-type":"","overlay-color":"","overlay-opacity":"","overlay-gradient":""},"mobile":{"background-color":"var(--ast-global-color-5)","background-image":"","background-repeat":"repeat","background-position":"center center","background-size":"auto","background-attachment":"scroll","background-type":"","background-media":"","overlay-type":"","overlay-color":"","overlay-opacity":"","overlay-gradient":""}},"_joinchat":[]},"product_brand":[],"product_cat":[60,61],"product_tag":[],"class_list":{"0":"post-2906","1":"product","2":"type-product","3":"status-publish","4":"has-post-thumbnail","6":"product_cat-cusco-machu-picchu-pt-pt","7":"product_cat-cusco-adventure-pt-pt","8":"desktop-align-center","9":"tablet-align-center","10":"mobile-align-center","11":"ast-product-gallery-layout-horizontal-slider","12":"ast-product-gallery-with-no-image","13":"ast-product-tabs-layout-horizontal","15":"first","16":"instock","17":"shipping-taxable","18":"purchasable","19":"product-type-simple"},"_links":{"self":[{"href":"https:\/\/www.prideperutravel.com\/pt-pt\/wp-json\/wp\/v2\/product\/2906","targetHints":{"allow":["GET"]}}],"collection":[{"href":"https:\/\/www.prideperutravel.com\/pt-pt\/wp-json\/wp\/v2\/product"}],"about":[{"href":"https:\/\/www.prideperutravel.com\/pt-pt\/wp-json\/wp\/v2\/types\/product"}],"version-history":[{"count":3,"href":"https:\/\/www.prideperutravel.com\/pt-pt\/wp-json\/wp\/v2\/product\/2906\/revisions"}],"predecessor-version":[{"id":3181,"href":"https:\/\/www.prideperutravel.com\/pt-pt\/wp-json\/wp\/v2\/product\/2906\/revisions\/3181"}],"wp:featuredmedia":[{"embeddable":true,"href":"https:\/\/www.prideperutravel.com\/pt-pt\/wp-json\/wp\/v2\/media\/2890"}],"wp:attachment":[{"href":"https:\/\/www.prideperutravel.com\/pt-pt\/wp-json\/wp\/v2\/media?parent=2906"}],"wp:term":[{"taxonomy":"product_brand","embeddable":true,"href":"https:\/\/www.prideperutravel.com\/pt-pt\/wp-json\/wp\/v2\/product_brand?post=2906"},{"taxonomy":"product_cat","embeddable":true,"href":"https:\/\/www.prideperutravel.com\/pt-pt\/wp-json\/wp\/v2\/product_cat?post=2906"},{"taxonomy":"product_tag","embeddable":true,"href":"https:\/\/www.prideperutravel.com\/pt-pt\/wp-json\/wp\/v2\/product_tag?post=2906"}],"curies":[{"name":"wp","href":"https:\/\/api.w.org\/{rel}","templated":true}]}}