{"id":2961,"date":"2022-01-20T11:03:41","date_gmt":"2022-01-20T16:03:41","guid":{"rendered":"https:\/\/www.prideperutravel.com\/tour\/sem%20categoria\/trilha-montanha-arco-iris-valle-vermelho\/"},"modified":"2022-02-01T14:37:35","modified_gmt":"2022-02-01T19:37:35","slug":"trilha-montanha-arco-iris-valle-vermelho","status":"publish","type":"product","link":"https:\/\/www.prideperutravel.com\/pt-pt\/tour\/cusco-machu-picchu-pt-pt\/cusco-trek\/trilha-montanha-arco-iris-valle-vermelho\/","title":{"rendered":"Trilha Montanha Arco Iris &#038; Valle Vermelho"},"content":{"rendered":"<h3><span style=\"color: #008000;\"><strong>Itiner\u00e1rio:<\/strong><\/span><\/h3>\n<p style=\"text-align: justify;\">Traslado entre 04:00 e 04:30 am do seu alojamento em Cusco. Embarcaremos em nosso transporte tur\u00edstico com destino a Quiquijana, onde saborearemos um delicioso caf\u00e9 da manh\u00e3 tipo buf\u00ea em nosso restaurante.<\/p>\n<p style=\"text-align: justify;\">Ap\u00f3s o caf\u00e9 da manh\u00e3, continuaremos nossa jornada at\u00e9 o ponto de controle em Llaqta.<\/p>\n<p style=\"text-align: justify;\">Ap\u00f3s mais alguns minutos de transporte, chegaremos a Phulawasipata (estacionamento de ve\u00edculos), de onde iniciaremos nossa caminhada. Antes de iniciar a caminhada, nosso guia nos dar\u00e1 algumas recomenda\u00e7\u00f5es para iniciar nossa aventura em dire\u00e7\u00e3o \u00e0 Montanha das Cores.<\/p>\n<p style=\"text-align: justify;\">Caminharemos por aproximadamente 1 hora e 30 minutos at\u00e9 a Montanha Vinicunca ou Montanha 7 Color 5.036 m.a.s.l. Na parte mais alta da serra desfrutaremos de uma vista panor\u00e2mica da Serra da Vinicunca ou Montanha das Cores. Al\u00e9m disso, podemos ver a montanha Ausangate (\u00e9 a quinta montanha mais alta do Peru, sua altitude m\u00e1xima \u00e9 de 6.385 m.a.s.l.).<\/p>\n<p style=\"text-align: justify;\">Podemos ficar 20 minutos na parte mais alta da montanha, para evitar algum desconforto da altura. Nosso guia lhe dar\u00e1 tempo livre para tirar as melhores fotos poss\u00edveis e levar uma boa lembran\u00e7a do lugar.<\/p>\n<p style=\"text-align: justify;\">Em seguida, iniciaremos a caminhada at\u00e9 o Vale Vermelho por aproximadamente 30 minutos. Chegaremos \u00e0s vistas do Vale Vermelho localizado a 5.038 m.a.s.l. Seremos o mirante por 15 minutos.<\/p>\n<p style=\"text-align: justify;\">Voltaremos e voltaremos caminhando at\u00e9 o estacionamento, nosso motorista nos esperar\u00e1.<\/p>\n<p style=\"text-align: justify;\">Ap\u00f3s aproximadamente 1 hora e 30 minutos chegaremos ao restaurante em Quiquijana onde saborearemos nosso delicioso almo\u00e7o buffet.<\/p>\n<p style=\"text-align: justify;\">Embarcaremos em nosso transporte e ap\u00f3s aproximadamente 2 horas chegaremos \u00e0 cidade de Cusco at\u00e9 a Plaza Regocijo, a 2 quarteir\u00f5es da Plaza de Armas.<\/p>\n<h3><span style=\"color: #008000;\"><strong>O que est\u00e1 inclu\u00eddo:<\/strong><\/span><\/h3>\n<ul>\n<li>Pickup do alojamento em Cusco<\/li>\n<li>Transporte<\/li>\n<li>Caf\u00e9 da manh\u00e3 e almo\u00e7o<\/li>\n<li>Guia profissional em ingl\u00eas ou espanhol<\/li>\n<li>Entradas para a montanha do arco-\u00edris<\/li>\n<li>Entradas para o Vale Vermelho<\/li>\n<li>Oxig\u00eanio e comunica\u00e7\u00e3o por r\u00e1dio.<\/li>\n<\/ul>\n<h3><span style=\"color: #008000;\"><strong>N\u00e3o incluso:<\/strong><\/span><\/h3>\n<ul>\n<li>Refei\u00e7\u00f5es n\u00e3o especificadas no itiner\u00e1rio<\/li>\n<li>Hospedagem em Cusco<\/li>\n<\/ul>\n<h3><span style=\"color: #008000;\"><strong>Lista recomendada<\/strong><\/span><\/h3>\n<ul>\n<li>Lanches (frutas secas, biscoitos, doces, chocolates, etc.)<\/li>\n<li>T\u00eanis para caminhada ou t\u00eanis<\/li>\n<li>Equipamento completo para chuva ou poncho (de novembro a abril)<\/li>\n<li>Cal\u00e7as de caminhada leve<\/li>\n<li>Chap\u00e9u ou bon\u00e9<\/li>\n<li>\u00d3culos escuros<\/li>\n<li>Protetor solar<\/li>\n<li>C\u00e2meras e carregadores de foto \/ v\u00eddeo<\/li>\n<li>Garrafa de agua<\/li>\n<\/ul>\n","protected":false},"excerpt":{"rendered":"<p><strong>Descri\u00e7\u00e3o<\/strong><\/p>\n<p><strong>C\u00d3DIGO: PVT-TR006-A<\/strong><\/p>\n<ul>\n<li><strong> Partida: Diariamente<\/strong><\/li>\n<li><strong> Dura\u00e7\u00e3o: dia inteiro<\/strong><\/li>\n<\/ul>\n","protected":false},"featured_media":2953,"template":"","meta":{"site-sidebar-layout":"default","site-content-layout":"default","ast-site-content-layout":"default","site-content-style":"default","site-sidebar-style":"default","ast-global-header-display":"","ast-banner-title-visibility":"","ast-main-header-display":"","ast-hfb-above-header-display":"","ast-hfb-below-header-display":"","ast-hfb-mobile-header-display":"","site-post-title":"","ast-breadcrumbs-content":"","ast-featured-img":"","footer-sml-layout":"","theme-transparent-header-meta":"","adv-header-id-meta":"","stick-header-meta":"","header-above-stick-meta":"","header-main-stick-meta":"","header-below-stick-meta":"","astra-migrate-meta-layouts":"default","ast-page-background-enabled":"default","ast-page-background-meta":{"desktop":{"background-color":"var(--ast-global-color-4)","background-image":"","background-repeat":"repeat","background-position":"center center","background-size":"auto","background-attachment":"scroll","background-type":"","background-media":"","overlay-type":"","overlay-color":"","overlay-opacity":"","overlay-gradient":""},"tablet":{"background-color":"","background-image":"","background-repeat":"repeat","background-position":"center center","background-size":"auto","background-attachment":"scroll","background-type":"","background-media":"","overlay-type":"","overlay-color":"","overlay-opacity":"","overlay-gradient":""},"mobile":{"background-color":"","background-image":"","background-repeat":"repeat","background-position":"center center","background-size":"auto","background-attachment":"scroll","background-type":"","background-media":"","overlay-type":"","overlay-color":"","overlay-opacity":"","overlay-gradient":""}},"ast-content-background-meta":{"desktop":{"background-color":"var(--ast-global-color-5)","background-image":"","background-repeat":"repeat","background-position":"center center","background-size":"auto","background-attachment":"scroll","background-type":"","background-media":"","overlay-type":"","overlay-color":"","overlay-opacity":"","overlay-gradient":""},"tablet":{"background-color":"var(--ast-global-color-5)","background-image":"","background-repeat":"repeat","background-position":"center center","background-size":"auto","background-attachment":"scroll","background-type":"","background-media":"","overlay-type":"","overlay-color":"","overlay-opacity":"","overlay-gradient":""},"mobile":{"background-color":"var(--ast-global-color-5)","background-image":"","background-repeat":"repeat","background-position":"center center","background-size":"auto","background-attachment":"scroll","background-type":"","background-media":"","overlay-type":"","overlay-color":"","overlay-opacity":"","overlay-gradient":""}},"_joinchat":[]},"product_brand":[],"product_cat":[60,64],"product_tag":[],"class_list":{"0":"post-2961","1":"product","2":"type-product","3":"status-publish","4":"has-post-thumbnail","6":"product_cat-cusco-machu-picchu-pt-pt","7":"product_cat-cusco-trek","8":"desktop-align-center","9":"tablet-align-center","10":"mobile-align-center","11":"ast-product-gallery-layout-horizontal-slider","12":"ast-product-gallery-with-no-image","13":"ast-product-tabs-layout-horizontal","15":"first","16":"instock","17":"shipping-taxable","18":"purchasable","19":"product-type-simple"},"_links":{"self":[{"href":"https:\/\/www.prideperutravel.com\/pt-pt\/wp-json\/wp\/v2\/product\/2961","targetHints":{"allow":["GET"]}}],"collection":[{"href":"https:\/\/www.prideperutravel.com\/pt-pt\/wp-json\/wp\/v2\/product"}],"about":[{"href":"https:\/\/www.prideperutravel.com\/pt-pt\/wp-json\/wp\/v2\/types\/product"}],"version-history":[{"count":2,"href":"https:\/\/www.prideperutravel.com\/pt-pt\/wp-json\/wp\/v2\/product\/2961\/revisions"}],"predecessor-version":[{"id":3178,"href":"https:\/\/www.prideperutravel.com\/pt-pt\/wp-json\/wp\/v2\/product\/2961\/revisions\/3178"}],"wp:featuredmedia":[{"embeddable":true,"href":"https:\/\/www.prideperutravel.com\/pt-pt\/wp-json\/wp\/v2\/media\/2953"}],"wp:attachment":[{"href":"https:\/\/www.prideperutravel.com\/pt-pt\/wp-json\/wp\/v2\/media?parent=2961"}],"wp:term":[{"taxonomy":"product_brand","embeddable":true,"href":"https:\/\/www.prideperutravel.com\/pt-pt\/wp-json\/wp\/v2\/product_brand?post=2961"},{"taxonomy":"product_cat","embeddable":true,"href":"https:\/\/www.prideperutravel.com\/pt-pt\/wp-json\/wp\/v2\/product_cat?post=2961"},{"taxonomy":"product_tag","embeddable":true,"href":"https:\/\/www.prideperutravel.com\/pt-pt\/wp-json\/wp\/v2\/product_tag?post=2961"}],"curies":[{"name":"wp","href":"https:\/\/api.w.org\/{rel}","templated":true}]}}