{"id":3700,"date":"2022-02-04T12:19:37","date_gmt":"2022-02-04T17:19:37","guid":{"rendered":"https:\/\/www.prideperutravel.com\/tour\/sem%20categoria\/nazca-ica-paracas-4d-3n\/"},"modified":"2025-05-07T11:37:24","modified_gmt":"2025-05-07T16:37:24","slug":"nazca-ica-paracas-4d-3n","status":"publish","type":"product","link":"https:\/\/www.prideperutravel.com\/pt-pt\/tour\/lima-nazca-paracas-ica-pt-pt\/pacotes\/nazca-ica-paracas-4d-3n\/","title":{"rendered":"Nazca \u2013 Ica \u2013 Paracas 4D\/3N"},"content":{"rendered":"\t\t<div data-elementor-type=\"product-post\" data-elementor-id=\"3700\" class=\"elementor elementor-3700 elementor-3667\" data-elementor-post-type=\"product\">\n\t\t\t\t\t\t<section class=\"elementor-section elementor-top-section elementor-element elementor-element-763443c9 elementor-section-boxed elementor-section-height-default elementor-section-height-default\" data-id=\"763443c9\" data-element_type=\"section\">\n\t\t\t\t\t\t<div class=\"elementor-container elementor-column-gap-default\">\n\t\t\t\t\t<div class=\"elementor-column elementor-col-100 elementor-top-column elementor-element elementor-element-67fa04fa\" data-id=\"67fa04fa\" data-element_type=\"column\">\n\t\t\t<div class=\"elementor-widget-wrap elementor-element-populated\">\n\t\t\t\t\t\t<div class=\"elementor-element elementor-element-409b2252 elementor-widget elementor-widget-heading\" data-id=\"409b2252\" data-element_type=\"widget\" data-widget_type=\"heading.default\">\n\t\t\t\t<div class=\"elementor-widget-container\">\n\t\t\t\t\t<h3 class=\"elementor-heading-title elementor-size-default\">Itinerario<\/h3>\t\t\t\t<\/div>\n\t\t\t\t<\/div>\n\t\t\t\t<div class=\"elementor-element elementor-element-189519a4 elementor-widget elementor-widget-accordion\" data-id=\"189519a4\" data-element_type=\"widget\" data-widget_type=\"accordion.default\">\n\t\t\t\t<div class=\"elementor-widget-container\">\n\t\t\t\t\t\t\t<div class=\"elementor-accordion\">\n\t\t\t\t\t\t\t<div class=\"elementor-accordion-item\">\n\t\t\t\t\t<div id=\"elementor-tab-title-4121\" class=\"elementor-tab-title\" data-tab=\"1\" role=\"button\" aria-controls=\"elementor-tab-content-4121\" aria-expanded=\"false\">\n\t\t\t\t\t\t\t\t\t\t\t\t\t<span class=\"elementor-accordion-icon elementor-accordion-icon-left\" aria-hidden=\"true\">\n\t\t\t\t\t\t\t\t\t\t\t\t\t\t\t<span class=\"elementor-accordion-icon-closed\"><i class=\"fas fa-plus\"><\/i><\/span>\n\t\t\t\t\t\t\t\t<span class=\"elementor-accordion-icon-opened\"><i class=\"fas fa-minus\"><\/i><\/span>\n\t\t\t\t\t\t\t\t\t\t\t\t\t\t<\/span>\n\t\t\t\t\t\t\t\t\t\t\t\t<a class=\"elementor-accordion-title\" tabindex=\"0\">Dia 1: Chegada em Nazca<\/a>\n\t\t\t\t\t<\/div>\n\t\t\t\t\t<div id=\"elementor-tab-content-4121\" class=\"elementor-tab-content elementor-clearfix\" data-tab=\"1\" role=\"region\" aria-labelledby=\"elementor-tab-title-4121\"><p>Na chegada a Nazca, recep\u00e7\u00e3o na rodovi\u00e1ria e traslado ao alojamento<\/p><p>**Nota: check-in no alojamento \u00e0s 11h<\/p><p><strong>Tarde:. Visita ao Cemit\u00e9rio de Chauchillas<\/strong><\/p><p>Come\u00e7aremos nosso passeio primeiro fazendo uma parada no local onde um mestre artes\u00e3o nos dar\u00e1 uma boa explica\u00e7\u00e3o sobre a cer\u00e2mica de Nazca para entender mais sobre a iconografia e tamb\u00e9m sobre como o antigo povo de Nazca fazia cer\u00e2micas coloridas e bonitas.<\/p><p>Continuando nosso passeio, seguiremos para o sul de Nazca, seguindo a rota Panamericana por cerca de 21 quil\u00f4metros e, em seguida, faremos um desvio por uma estrada acidentada de 7 quil\u00f4metros que leva ao cemit\u00e9rio arqueol\u00f3gico de Chauchilla.<\/p><p>No cemit\u00e9rio de Chauchilla visitaremos v\u00e1rios t\u00famulos contendo antigos fragmentos de cer\u00e2mica e restos humanos. E tamb\u00e9m nosso guia nos mostrar\u00e1 t\u00famulos onde as pessoas n\u00e3o estiveram para descobrir o que h\u00e1.<\/p><p>No final do passeio, voc\u00ea ser\u00e1 levado de volta ao seu hotel em Nazca.<\/p><p>Pernoite em Nazca<\/p><\/div>\n\t\t\t\t<\/div>\n\t\t\t\t\t\t\t<div class=\"elementor-accordion-item\">\n\t\t\t\t\t<div id=\"elementor-tab-title-4122\" class=\"elementor-tab-title\" data-tab=\"2\" role=\"button\" aria-controls=\"elementor-tab-content-4122\" aria-expanded=\"false\">\n\t\t\t\t\t\t\t\t\t\t\t\t\t<span class=\"elementor-accordion-icon elementor-accordion-icon-left\" aria-hidden=\"true\">\n\t\t\t\t\t\t\t\t\t\t\t\t\t\t\t<span class=\"elementor-accordion-icon-closed\"><i class=\"fas fa-plus\"><\/i><\/span>\n\t\t\t\t\t\t\t\t<span class=\"elementor-accordion-icon-opened\"><i class=\"fas fa-minus\"><\/i><\/span>\n\t\t\t\t\t\t\t\t\t\t\t\t\t\t<\/span>\n\t\t\t\t\t\t\t\t\t\t\t\t<a class=\"elementor-accordion-title\" tabindex=\"0\">Dia 2: Linhas de Nazca<\/a>\n\t\t\t\t\t<\/div>\n\t\t\t\t\t<div id=\"elementor-tab-content-4122\" class=\"elementor-tab-content elementor-clearfix\" data-tab=\"2\" role=\"region\" aria-labelledby=\"elementor-tab-title-4122\"><p>Voc\u00ea ser\u00e1 buscado em seu hotel em Nazca e levado ao aer\u00f3dromo, onde embarcar\u00e1 em uma aeronave leve para um memor\u00e1vel voo das Linhas de Nazca. Este voo sobre as Linhas de Nazca cobrir\u00e1 a extens\u00e3o do pedregoso deserto de Nazca, cuja superf\u00edcie \u00e9 marcada por desenhos gigantescos e formas geom\u00e9tricas. O voo dura exatamente 30 minutos e \u00e9 a melhor maneira de ver essas linhas e desenhos fascinantes que intrigam as pessoas h\u00e1 anos.<\/p><p><strong>Partida de Nazca para Ica<\/strong><\/p><p>Em hor\u00e1rio apropriado, traslado \u00e0 rodovi\u00e1ria para iniciar nosso trajeto at\u00e9 a cidade de Ica, o \u00f4nibus levar\u00e1 aproximadamente 3 horas.<\/p><p>Na chegada a Ica, recep\u00e7\u00e3o na rodovi\u00e1ria e traslado ao alojamento.<\/p><p><strong>Tarde: Huacachina Sandboard<\/strong><\/p><p>O passeio come\u00e7a com o embarque em seu alojamento em Huacachina, e depois transfere para a Lagoa Huacachina, o O\u00e1sis oferece paisagens muito bonitas porque \u00e9 um pequeno lago localizado no meio do deserto, cercado por palmeiras, dunas e alfarrobeiras ou huarangos, bem como belas casas que se encontram em suas margens que o tornam um espet\u00e1culo verdadeiramente \u00fanico. Ap\u00f3s cerca de 20 minutos chegaremos \u00e0 zona des\u00e9rtica, aqui encontramos uma s\u00e9rie de grandes e pequenas dunas que a nossa caixa de areia vai subir e descer sentindo muita adrenalina ao mesmo tempo fazer uma paragem nas dunas que oferecem as condi\u00e7\u00f5es adequadas para a pr\u00e1tica de sandboard para iniciantes e tamb\u00e9m para atletas profissionais, nosso motorista e guia nos ensinar\u00e1 de forma segura como praticar este esporte para que os participantes possam desfrutar do passeio.<\/p><p>Neste local voc\u00ea tamb\u00e9m pode apreciar a paisagem do deserto onde faremos paradas para tirar fotos, tamb\u00e9m aproveitar na rota de retorno o p\u00f4r do sol. Por fim, retorne ao seu respectivo hotel.<\/p><p>Pernoite em Ica<\/p><\/div>\n\t\t\t\t<\/div>\n\t\t\t\t\t\t\t<div class=\"elementor-accordion-item\">\n\t\t\t\t\t<div id=\"elementor-tab-title-4123\" class=\"elementor-tab-title\" data-tab=\"3\" role=\"button\" aria-controls=\"elementor-tab-content-4123\" aria-expanded=\"false\">\n\t\t\t\t\t\t\t\t\t\t\t\t\t<span class=\"elementor-accordion-icon elementor-accordion-icon-left\" aria-hidden=\"true\">\n\t\t\t\t\t\t\t\t\t\t\t\t\t\t\t<span class=\"elementor-accordion-icon-closed\"><i class=\"fas fa-plus\"><\/i><\/span>\n\t\t\t\t\t\t\t\t<span class=\"elementor-accordion-icon-opened\"><i class=\"fas fa-minus\"><\/i><\/span>\n\t\t\t\t\t\t\t\t\t\t\t\t\t\t<\/span>\n\t\t\t\t\t\t\t\t\t\t\t\t<a class=\"elementor-accordion-title\" tabindex=\"0\">Dia 3: Visita a Pisco & Vino Bodega<\/a>\n\t\t\t\t\t<\/div>\n\t\t\t\t\t<div id=\"elementor-tab-content-4123\" class=\"elementor-tab-content elementor-clearfix\" data-tab=\"3\" role=\"region\" aria-labelledby=\"elementor-tab-title-4123\"><p>Pick up no hotel em Ica, e come\u00e7aremos a visita \u00e0 Bodega el Catador, onde aprenderemos o processo de fazer pisco artesanal (pisco feito \u00e0 m\u00e3o), enquanto provamos e desfrutamos de suas v\u00e1rias variedades, conheceremos suas revis\u00e3o hist\u00f3rica.<\/p><p>Como segundo ponto iremos \u00e0 La Bodega Vista Alegre, \u00e9 uma adega industrial que tem capacidade para produzir 5 milh\u00f5es de litros de Pisco por ano. Tem uma produ\u00e7\u00e3o de pisco e vinho meio-seco, seco, tinto, etc., ao contr\u00e1rio de uma adega artesanal que produz apenas vinhos doces. Onde voc\u00ea pode ver como todos os seus produtos s\u00e3o feitos.<\/p><p>E, finalmente, visitaremos a vin\u00edcola Tacama, como as duas vin\u00edcolas anteriores, voc\u00ea poder\u00e1 escalar seus campan\u00e1rios que datam da \u00e9poca colonial, de l\u00e1 poder\u00e1 apreciar todo o seu vinhedo e depois seguir\u00e1 para a \u00e1rea de produ\u00e7\u00e3o , para apreciar o desenvolvimento da produ\u00e7\u00e3o de seus piscos e vinhos. Ao final do passeio retornamos ao hotel em Ica.<\/p><p><strong>Sa\u00edda de Ica para Paracas<\/strong><\/p><p>Em hor\u00e1rio apropriado, traslado \u00e0 rodovi\u00e1ria para iniciar nosso trajeto at\u00e9 a cidade de Paracas, o \u00f4nibus levar\u00e1 aproximadamente 3 horas.<\/p><p>Na chegada a Paracas, recep\u00e7\u00e3o na rodovi\u00e1ria e traslado ao alojamento.<\/p><p>Pernoite em Paracas<\/p><\/div>\n\t\t\t\t<\/div>\n\t\t\t\t\t\t\t<div class=\"elementor-accordion-item\">\n\t\t\t\t\t<div id=\"elementor-tab-title-4124\" class=\"elementor-tab-title\" data-tab=\"4\" role=\"button\" aria-controls=\"elementor-tab-content-4124\" aria-expanded=\"false\">\n\t\t\t\t\t\t\t\t\t\t\t\t\t<span class=\"elementor-accordion-icon elementor-accordion-icon-left\" aria-hidden=\"true\">\n\t\t\t\t\t\t\t\t\t\t\t\t\t\t\t<span class=\"elementor-accordion-icon-closed\"><i class=\"fas fa-plus\"><\/i><\/span>\n\t\t\t\t\t\t\t\t<span class=\"elementor-accordion-icon-opened\"><i class=\"fas fa-minus\"><\/i><\/span>\n\t\t\t\t\t\t\t\t\t\t\t\t\t\t<\/span>\n\t\t\t\t\t\t\t\t\t\t\t\t<a class=\"elementor-accordion-title\" tabindex=\"0\">Dia 4: Visita \u00e0 Ilha Ballestas<\/a>\n\t\t\t\t\t<\/div>\n\t\t\t\t\t<div id=\"elementor-tab-content-4124\" class=\"elementor-tab-content elementor-clearfix\" data-tab=\"4\" role=\"region\" aria-labelledby=\"elementor-tab-title-4124\"><p>Este passeio come\u00e7a com o embarque em sua acomoda\u00e7\u00e3o em Paracas e a transfer\u00eancia para o cais p\u00fablico.<\/p><p>Vamos nos movimentar pela ilha em um barco confort\u00e1vel e durante nosso passeio teremos uma explica\u00e7\u00e3o a bordo do nosso guia profissional. Poderemos observar a beleza da ilha com a impressionante fauna. No caminho, voc\u00ea pode ver El Candelabro, que \u00e9 um grande geoglifo que serve de farol para os marinheiros. Este geoglifo est\u00e1 relacionado com as linhas e geoglifos de Nazca e Pampas de Jumana. A chegada de turistas nestas ilhas n\u00e3o \u00e9 permitida, para n\u00e3o incomodar os animais que ali vivem, mas os barcos est\u00e3o suficientemente pr\u00f3ximos para que possam apreciar a beleza destes animais. Voltaremos \u00e0 costa e terminaremos nossos servi\u00e7os.<\/p><p><strong>Tarde:. Visita \u00e0 Reserva de Paracas<\/strong><\/p><p>Traslado do hotel em Paracas por volta das 11h para iniciar nossa excurs\u00e3o ao impressionante Deserto Costeiro da Reserva Nacional de Paracas, visitaremos o Centro de Interpreta\u00e7\u00e3o da reserva, que oferece interessantes fotos e fotos mostrando toda a vida e fauna que existe nela. Faremos tamb\u00e9m um tour pela Pen\u00ednsula de Paracas, observando o colorido deserto amarelo avermelhado, forma\u00e7\u00f5es feitas pelos ventos e visitando suas belas praias, como a praia de Yumaque, a praia Vermelha e a praia de Lagunillas, nesta praia eles ter\u00e3o tempo livre para eles podem almo\u00e7ar (n\u00e3o incluso) pois h\u00e1 restaurantes em frente \u00e0 praia ou fazer caminhadas pela praia em busca de fotos, depois retornaremos a Paracas aproximadamente \u00e0s 15h<\/p><p>Fim dos nossos servi\u00e7os!<\/p><\/div>\n\t\t\t\t<\/div>\n\t\t\t\t\t\t\t\t<\/div>\n\t\t\t\t\t\t<\/div>\n\t\t\t\t<\/div>\n\t\t\t\t<div class=\"elementor-element elementor-element-3135d2b8 elementor-widget elementor-widget-text-editor\" data-id=\"3135d2b8\" data-element_type=\"widget\" data-widget_type=\"text-editor.default\">\n\t\t\t\t<div class=\"elementor-widget-container\">\n\t\t\t\t\t\t\t\t\t<h3><span style=\"color: #008000;\"><strong>O que est\u00e1 inclu\u00eddo:<\/strong><\/span><\/h3><ul><li>Transfer\u00eancias de esta\u00e7\u00f5es de \u00f4nibus (Nazca, Ica, Paracas)<\/li><li>transporte de \u00f4nibus (Nazca, Ica, Paracas<\/li><li>Guia profissional em ingl\u00eas ou espanhol<\/li><li>Tour \u00e0s Ilhas Ballestas em Paracas<\/li><li>Tour \u00e0 Reserva Nacional de Paracas em Paracas<\/li><li>Dune Buggy e Sandboard em Huacachina<\/li><li>Voo Linhas de Nazca &#8211; N\u00c3O GUIADO<\/li><li>1 noite em Paracas<\/li><li>1 noite em Huacachina<\/li><li>1 noite em Nazca<\/li><li>caf\u00e9 da manh\u00e3 no hotel<\/li><\/ul><h3><span style=\"color: #008000;\"><strong>N\u00e3o incluso:<\/strong><\/span><\/h3><ul><li>Refei\u00e7\u00f5es n\u00e3o especificadas no itiner\u00e1rio<\/li><li>Taxa de aeroporto &#8211; 30 soles<\/li><\/ul><p><em>** O limite de peso m\u00e1ximo para o voo por pessoa \u00e9 de 95 quilos, um custo adicional de $ 80 ser\u00e1 adicionado se voc\u00ea exceder o limite de peso especificado.<\/em><\/p><h3><span style=\"color: #008000;\"><strong>Lista recomendada<\/strong><\/span><\/h3><ul><li style=\"list-style-type: none;\"><ul><li>Lanches (frutas secas, biscoitos, balas, chocolates, etc.)<\/li><li>T\u00eanis ou t\u00eanis para caminhada<\/li><li>chap\u00e9u ou bon\u00e9<\/li><li>Oculos escuros<\/li><li>Protetor solar<\/li><li>C\u00e2meras de foto\/v\u00eddeo e carregadores.<\/li><li>Garrafa de agua<\/li><\/ul><\/li><\/ul>\t\t\t\t\t\t\t\t<\/div>\n\t\t\t\t<\/div>\n\t\t\t\t\t<\/div>\n\t\t<\/div>\n\t\t\t\t\t<\/div>\n\t\t<\/section>\n\t\t\t\t<\/div>\n\t\t","protected":false},"excerpt":{"rendered":"<p>Itinerario Dia 1: Chegada em Nazca Na chegada a Nazca, recep\u00e7\u00e3o na rodovi\u00e1ria e traslado ao alojamento **Nota: check-in no alojamento \u00e0s 11h Tarde:. Visita ao Cemit\u00e9rio de Chauchillas Come\u00e7aremos nosso passeio primeiro fazendo uma parada no local onde um mestre artes\u00e3o nos dar\u00e1 uma boa explica\u00e7\u00e3o sobre a cer\u00e2mica de Nazca para entender mais [&hellip;]<\/p>\n","protected":false},"featured_media":3683,"template":"","meta":{"site-sidebar-layout":"no-sidebar","site-content-layout":"page-builder","ast-site-content-layout":"full-width-container","site-content-style":"unboxed","site-sidebar-style":"unboxed","ast-global-header-display":"","ast-banner-title-visibility":"","ast-main-header-display":"","ast-hfb-above-header-display":"","ast-hfb-below-header-display":"","ast-hfb-mobile-header-display":"","site-post-title":"disabled","ast-breadcrumbs-content":"","ast-featured-img":"disabled","footer-sml-layout":"","theme-transparent-header-meta":"default","adv-header-id-meta":"","stick-header-meta":"default","header-above-stick-meta":"","header-main-stick-meta":"","header-below-stick-meta":"","astra-migrate-meta-layouts":"default","ast-page-background-enabled":"default","ast-page-background-meta":{"desktop":{"background-color":"var(--ast-global-color-4)","background-image":"","background-repeat":"repeat","background-position":"center center","background-size":"auto","background-attachment":"scroll","background-type":"","background-media":"","overlay-type":"","overlay-color":"","overlay-opacity":"","overlay-gradient":""},"tablet":{"background-color":"","background-image":"","background-repeat":"repeat","background-position":"center center","background-size":"auto","background-attachment":"scroll","background-type":"","background-media":"","overlay-type":"","overlay-color":"","overlay-opacity":"","overlay-gradient":""},"mobile":{"background-color":"","background-image":"","background-repeat":"repeat","background-position":"center center","background-size":"auto","background-attachment":"scroll","background-type":"","background-media":"","overlay-type":"","overlay-color":"","overlay-opacity":"","overlay-gradient":""}},"ast-content-background-meta":{"desktop":{"background-color":"var(--ast-global-color-5)","background-image":"","background-repeat":"repeat","background-position":"center center","background-size":"auto","background-attachment":"scroll","background-type":"","background-media":"","overlay-type":"","overlay-color":"","overlay-opacity":"","overlay-gradient":""},"tablet":{"background-color":"var(--ast-global-color-5)","background-image":"","background-repeat":"repeat","background-position":"center center","background-size":"auto","background-attachment":"scroll","background-type":"","background-media":"","overlay-type":"","overlay-color":"","overlay-opacity":"","overlay-gradient":""},"mobile":{"background-color":"var(--ast-global-color-5)","background-image":"","background-repeat":"repeat","background-position":"center center","background-size":"auto","background-attachment":"scroll","background-type":"","background-media":"","overlay-type":"","overlay-color":"","overlay-opacity":"","overlay-gradient":""}},"_joinchat":[]},"product_brand":[],"product_cat":[148],"product_tag":[],"class_list":{"0":"post-3700","1":"product","2":"type-product","3":"status-publish","4":"has-post-thumbnail","6":"product_cat-pacotes","7":"desktop-align-center","8":"tablet-align-center","9":"mobile-align-center","10":"ast-product-gallery-layout-horizontal-slider","11":"ast-product-gallery-with-no-image","12":"ast-product-single-variable","13":"ast-product-tabs-layout-horizontal","15":"first","16":"instock","17":"shipping-taxable","18":"purchasable","19":"product-type-variable"},"_links":{"self":[{"href":"https:\/\/www.prideperutravel.com\/pt-pt\/wp-json\/wp\/v2\/product\/3700","targetHints":{"allow":["GET"]}}],"collection":[{"href":"https:\/\/www.prideperutravel.com\/pt-pt\/wp-json\/wp\/v2\/product"}],"about":[{"href":"https:\/\/www.prideperutravel.com\/pt-pt\/wp-json\/wp\/v2\/types\/product"}],"version-history":[{"count":4,"href":"https:\/\/www.prideperutravel.com\/pt-pt\/wp-json\/wp\/v2\/product\/3700\/revisions"}],"predecessor-version":[{"id":3713,"href":"https:\/\/www.prideperutravel.com\/pt-pt\/wp-json\/wp\/v2\/product\/3700\/revisions\/3713"}],"wp:featuredmedia":[{"embeddable":true,"href":"https:\/\/www.prideperutravel.com\/pt-pt\/wp-json\/wp\/v2\/media\/3683"}],"wp:attachment":[{"href":"https:\/\/www.prideperutravel.com\/pt-pt\/wp-json\/wp\/v2\/media?parent=3700"}],"wp:term":[{"taxonomy":"product_brand","embeddable":true,"href":"https:\/\/www.prideperutravel.com\/pt-pt\/wp-json\/wp\/v2\/product_brand?post=3700"},{"taxonomy":"product_cat","embeddable":true,"href":"https:\/\/www.prideperutravel.com\/pt-pt\/wp-json\/wp\/v2\/product_cat?post=3700"},{"taxonomy":"product_tag","embeddable":true,"href":"https:\/\/www.prideperutravel.com\/pt-pt\/wp-json\/wp\/v2\/product_tag?post=3700"}],"curies":[{"name":"wp","href":"https:\/\/api.w.org\/{rel}","templated":true}]}}